{"id":8045,"date":"2025-09-17T12:00:07","date_gmt":"2025-09-17T10:00:07","guid":{"rendered":"https:\/\/boreait.com\/hu\/?post_type=product&#038;p=8045"},"modified":"2025-09-17T12:00:57","modified_gmt":"2025-09-17T10:00:57","slug":"eredeti-dell-latitude-12-rugged-extreme-7204-7214-usbhdmiaaudio-port-fedel-ivq17-29t6y","status":"publish","type":"product","link":"https:\/\/boreait.com\/hu\/termek\/eredeti-dell-latitude-12-rugged-extreme-7204-7214-usbhdmiaaudio-port-fedel-ivq17-29t6y\/","title":{"rendered":"Eredeti Dell Latitude 12 Rugged Extreme 7204 7214 USBHDMIAaudio port fed\u00e9l IVQ17 29T6Y"},"content":{"rendered":"<p>\u00d3vja meg \u00e9s hosszabb\u00edtsa meg Dell Latitude 12 Rugged Extreme 7204\/7214 portjainak \u00e9lettartam\u00e1t az eredeti USB\/HDMI\/Audio port fed\u00e9llel, cikksz\u00e1m: IVQ17 29T6Y. A tart\u00f3ss\u00e1got szem el\u0151tt tartva k\u00e9sz\u00fclt ez az eredeti cserealkatr\u00e9sz, amely v\u00e9delmet ny\u00fajt eszk\u00f6ze alapvet\u0151 portjai sz\u00e1m\u00e1ra.<\/p>\n<p>F\u0151bb jellemz\u0151k:<\/p>\n<p>&#8211; Eredeti Dell csere: A kompatibilit\u00e1s \u00e9s a megb\u00edzhat\u00f3s\u00e1g biztos\u00edt\u00e1sa hiteles cserealkatr\u00e9szekkel.<\/p>\n<p>&#8211; K\u00f6nny\u0171 telep\u00edt\u00e9s: K\u00f6nnyed\u00e9n megv\u00e9dheti eszk\u00f6ze portjait az egyszer\u0171 telep\u00edt\u00e9ssel.<\/p>\n<p>&#8211; \u00c1tfog\u00f3 v\u00e9delem: V\u00e9dje meg USB-, HDMI- \u00e9s audioportjait a port\u00f3l, t\u00f6rmel\u00e9kt\u0151l \u00e9s s\u00e9r\u00fcl\u00e9sekt\u0151l.<\/p>\n<p>&#8211; Kompatibilit\u00e1s: Kifejezetten a Dell Latitude 12 Rugged Extreme 7204\/7214-hez tervezt\u00e9k, t\u00f6k\u00e9letes illeszked\u00e9st biztos\u00edtva.<\/p>\n<p>&#8211; Tart\u00f3s konstrukci\u00f3: \u00dagy tervezt\u00e9k, hogy ellen\u00e1lljon a massz\u00edv haszn\u00e1latnak, \u00edgy biztos\u00edtva a hossz\u00fa \u00e9lettartamot \u00e9s a megb\u00edzhat\u00f3s\u00e1got.<\/p>\n<p>Friss\u00edtse Dell Latitude 12 Rugged Extreme 7204\/7214 k\u00e9sz\u00fcl\u00e9k\u00e9t m\u00e9g ma az eredeti USB\/HDMI\/Audio port fed\u00e9llel. V\u00e1s\u00e1roljon bizalommal, tudva, hogy min\u0151s\u00e9gi cserealkatr\u00e9szekbe fektet be k\u00e9sz\u00fcl\u00e9k\u00e9hez. Ha k\u00e9rd\u00e9se van, vagy seg\u00edts\u00e9gre van sz\u00fcks\u00e9ge, ne habozzon kapcsolatba l\u00e9pni vel\u00fcnk. Az\u00e9rt vagyunk itt, hogy seg\u00edts\u00fcnk megv\u00e9deni \u00e9s fenntartani eszk\u00f6ze m\u0171k\u00f6d\u00e9s\u00e9t.<\/p>\n","protected":false},"excerpt":{"rendered":"<p>V\u00e9dje \u00e9s tartsa karban Dell Latitude 12 Rugged Extreme 7204\/7214 portjait ezzel az eredeti USB\/HDMI\/Audio port fed\u00e9llel. Egyszer\u0171 telep\u00edt\u00e9sre tervezt\u00e9k, \u00e9s kompatibilis az IVQ17 29T6Y cikksz\u00e1mmal. Gondoskodjon eszk\u00f6ze portjainak hossz\u00fa \u00e9lettartam\u00e1r\u00f3l m\u00e9g ma!<\/p>\n","protected":false},"featured_media":8085,"template":"","meta":[],"product_brand":[],"product_cat":[16],"product_tag":[17],"class_list":{"0":"post-8045","1":"product","2":"type-product","3":"status-publish","4":"has-post-thumbnail","6":"product_cat-laptop-housing","7":"product_tag-dell","9":"first","10":"instock","11":"taxable","12":"shipping-taxable","13":"purchasable","14":"product-type-simple"},"_links":{"self":[{"href":"https:\/\/boreait.com\/hu\/wp-json\/wp\/v2\/product\/8045","targetHints":{"allow":["GET"]}}],"collection":[{"href":"https:\/\/boreait.com\/hu\/wp-json\/wp\/v2\/product"}],"about":[{"href":"https:\/\/boreait.com\/hu\/wp-json\/wp\/v2\/types\/product"}],"wp:featuredmedia":[{"embeddable":true,"href":"https:\/\/boreait.com\/hu\/wp-json\/wp\/v2\/media\/8085"}],"wp:attachment":[{"href":"https:\/\/boreait.com\/hu\/wp-json\/wp\/v2\/media?parent=8045"}],"wp:term":[{"taxonomy":"product_brand","embeddable":true,"href":"https:\/\/boreait.com\/hu\/wp-json\/wp\/v2\/product_brand?post=8045"},{"taxonomy":"product_cat","embeddable":true,"href":"https:\/\/boreait.com\/hu\/wp-json\/wp\/v2\/product_cat?post=8045"},{"taxonomy":"product_tag","embeddable":true,"href":"https:\/\/boreait.com\/hu\/wp-json\/wp\/v2\/product_tag?post=8045"}],"curies":[{"name":"wp","href":"https:\/\/api.w.org\/{rel}","templated":true}]}}