{"id":8044,"date":"2025-09-17T12:00:05","date_gmt":"2025-09-17T10:00:05","guid":{"rendered":"https:\/\/boreait.com\/hu\/?post_type=product&#038;p=8044"},"modified":"2025-09-17T12:00:55","modified_gmt":"2025-09-17T10:00:55","slug":"eredeti-dell-latitude-12-rugged-extreme-7204-7214-scec-olvasoport-fedel-hua14-29t6y-2","status":"publish","type":"product","link":"https:\/\/boreait.com\/hu\/termek\/eredeti-dell-latitude-12-rugged-extreme-7204-7214-scec-olvasoport-fedel-hua14-29t6y-2\/","title":{"rendered":"Eredeti Dell Latitude 12 Rugged Extreme 7204 7214 SCEC olvas\u00f3port fed\u00e9l HUA14 29T6Y"},"content":{"rendered":"<p>V\u00e9dje Dell Latitude 12 Rugged Extreme 7204\/7214 SC\/EC olvas\u00f3portj\u00e1t az eredeti HUA14 29T6Y cikksz\u00e1m\u00fa portfed\u00e9llel. A tart\u00f3ss\u00e1gra \u00e9s a prec\u00edz illeszked\u00e9sre tervezett eredeti cserealkatr\u00e9sz megb\u00edzhat\u00f3 v\u00e9delmet ny\u00fajt a por \u00e9s a t\u00f6rmel\u00e9k ellen.<\/p>\n<p>F\u0151bb jellemz\u0151k:<\/p>\n<p>&#8211; Eredeti Dell csere: A kompatibilit\u00e1s \u00e9s a megb\u00edzhat\u00f3s\u00e1g biztos\u00edt\u00e1sa hiteles cserealkatr\u00e9szekkel.<\/p>\n<p>&#8211; K\u00f6nny\u0171 telep\u00edt\u00e9s: K\u00f6nnyed\u00e9n \u00e1rny\u00e9kolja le eszk\u00f6ze portj\u00e1t az egyszer\u0171 telep\u00edt\u00e9ssel.<\/p>\n<p>&#8211; Tov\u00e1bbfejlesztett portv\u00e9delem: Az optim\u00e1lis teljes\u00edtm\u00e9ny \u00e9rdek\u00e9ben \u00f3vja meg SC\/EC olvas\u00f3portj\u00e1t a port\u00f3l \u00e9s a t\u00f6rmel\u00e9kt\u0151l.<\/p>\n<p>&#8211; Tart\u00f3s konstrukci\u00f3: \u00dagy tervezt\u00e9k, hogy ellen\u00e1lljon a zord k\u00f6r\u00fclm\u00e9nyeknek, biztos\u00edtva a hossz\u00fa \u00e9lettartamot \u00e9s a megb\u00edzhat\u00f3s\u00e1got.<\/p>\n<p>Friss\u00edtse Dell Latitude 12 Rugged Extreme 7204\/7214 k\u00e9sz\u00fcl\u00e9k\u00e9t m\u00e9g ma az eredeti portfed\u00e9llel. V\u00e1s\u00e1roljon bizalommal, tudva, hogy min\u0151s\u00e9gi cserealkatr\u00e9szekbe fektet be k\u00e9sz\u00fcl\u00e9k\u00e9hez. Ha k\u00e9rd\u00e9se van, vagy seg\u00edts\u00e9gre van sz\u00fcks\u00e9ge, ne habozzon kapcsolatba l\u00e9pni vel\u00fcnk. Az\u00e9rt vagyunk itt, hogy seg\u00edts\u00fcnk megv\u00e9deni eszk\u00f6ze portjait, \u00e9s maximaliz\u00e1lni a funkcionalit\u00e1st.<\/p>\n","protected":false},"excerpt":{"rendered":"<p>V\u00e9dje Dell Latitude 12 Rugged Extreme 7204\/7214 SC\/EC olvas\u00f3portj\u00e1t ezzel az eredeti portfed\u00e9llel. K\u00f6nnyen telep\u00edthet\u0151 \u00e9s kompatibilis a HUA14 29T6Y cikksz\u00e1mmal. V\u00e9dje eszk\u00f6ze portjait a port\u00f3l \u00e9s a t\u00f6rmel\u00e9kt\u0151l m\u00e9g ma!<\/p>\n","protected":false},"featured_media":8084,"template":"","meta":[],"product_brand":[],"product_cat":[16],"product_tag":[17],"class_list":{"0":"post-8044","1":"product","2":"type-product","3":"status-publish","4":"has-post-thumbnail","6":"product_cat-laptop-housing","7":"product_tag-dell","9":"first","10":"instock","11":"taxable","12":"shipping-taxable","13":"purchasable","14":"product-type-simple"},"_links":{"self":[{"href":"https:\/\/boreait.com\/hu\/wp-json\/wp\/v2\/product\/8044","targetHints":{"allow":["GET"]}}],"collection":[{"href":"https:\/\/boreait.com\/hu\/wp-json\/wp\/v2\/product"}],"about":[{"href":"https:\/\/boreait.com\/hu\/wp-json\/wp\/v2\/types\/product"}],"wp:featuredmedia":[{"embeddable":true,"href":"https:\/\/boreait.com\/hu\/wp-json\/wp\/v2\/media\/8084"}],"wp:attachment":[{"href":"https:\/\/boreait.com\/hu\/wp-json\/wp\/v2\/media?parent=8044"}],"wp:term":[{"taxonomy":"product_brand","embeddable":true,"href":"https:\/\/boreait.com\/hu\/wp-json\/wp\/v2\/product_brand?post=8044"},{"taxonomy":"product_cat","embeddable":true,"href":"https:\/\/boreait.com\/hu\/wp-json\/wp\/v2\/product_cat?post=8044"},{"taxonomy":"product_tag","embeddable":true,"href":"https:\/\/boreait.com\/hu\/wp-json\/wp\/v2\/product_tag?post=8044"}],"curies":[{"name":"wp","href":"https:\/\/api.w.org\/{rel}","templated":true}]}}