{"id":8041,"date":"2025-09-17T12:00:00","date_gmt":"2025-09-17T10:00:00","guid":{"rendered":"https:\/\/boreait.com\/hu\/?post_type=product&#038;p=8041"},"modified":"2026-01-27T11:01:04","modified_gmt":"2026-01-27T10:01:04","slug":"eredeti-dell-latitude-e5450-e7450-3340-webkamera-laptop-kamera-cn-0fhk7","status":"publish","type":"product","link":"https:\/\/boreait.com\/hu\/termek\/eredeti-dell-latitude-e5450-e7450-3340-webkamera-laptop-kamera-cn-0fhk7\/","title":{"rendered":"Eredeti Dell Latitude E5450 E7450 3340 webkamera laptop kamera CN-0FHK7"},"content":{"rendered":"<p>Friss\u00edtse Dell Latitude E5450, E7450 vagy 3340 laptopja kamerafunkci\u00f3it a CN-0FHK7 cikksz\u00e1mmal kompatibilis, eredeti webkamer\u00e1s laptop kamer\u00e1val. A kompatibilit\u00e1s \u00e9s a megb\u00edzhat\u00f3s\u00e1g jegy\u00e9ben k\u00e9sz\u00fclt, ez az autentikus cserealkatr\u00e9sz tiszta \u00e9s \u00e9les vide\u00f3min\u0151s\u00e9get biztos\u00edt a videoh\u00edv\u00e1sokhoz \u00e9s a konferenci\u00e1khoz.<\/p>\n<p>F\u0151bb jellemz\u0151k:<\/p>\n<p>&#8211; Eredeti Dell csere: A kompatibilit\u00e1s \u00e9s a megb\u00edzhat\u00f3s\u00e1g biztos\u00edt\u00e1sa hiteles cserealkatr\u00e9szekkel.<\/p>\n<p>&#8211; K\u00f6nny\u0171 telep\u00edt\u00e9s: Egyszer\u0171 telep\u00edt\u00e9ssel k\u00f6nnyed\u00e9n friss\u00edtheti eszk\u00f6ze kamer\u00e1j\u00e1t.<\/p>\n<p>&#8211; Jobb vide\u00f3min\u0151s\u00e9g: \u00c9lvezze a tiszta \u00e9s \u00e9les vide\u00f3min\u0151s\u00e9get videoh\u00edv\u00e1saihoz \u00e9s konferenci\u00e1ihoz.<\/p>\n<p>&#8211; Kompatibilit\u00e1s: Kompatibilis a Dell Latitude E5450, E7450 \u00e9s 3340 modellekkel, sokoldal\u00fas\u00e1got biztos\u00edtva az \u00d6n ig\u00e9nyeinek.<\/p>\n<p>Friss\u00edtse Dell Latitude laptopj\u00e1t m\u00e9g ma az eredeti webkamer\u00e1s laptopkamer\u00e1val. V\u00e1s\u00e1roljon bizalommal, tudva, hogy min\u0151s\u00e9gi cserealkatr\u00e9szekbe fektet be k\u00e9sz\u00fcl\u00e9k\u00e9hez. Ha k\u00e9rd\u00e9se van, vagy seg\u00edts\u00e9gre van sz\u00fcks\u00e9ge, ne habozzon kapcsolatba l\u00e9pni vel\u00fcnk. Az\u00e9rt vagyunk itt, hogy seg\u00edts\u00fcnk a videokonferencia \u00e9lm\u00e9ny\u00e9nek jav\u00edt\u00e1s\u00e1ban.<\/p>\n","protected":false},"excerpt":{"rendered":"<p>B\u0151v\u00edtse Dell Latitude E5450, E7450 vagy 3340 laptopjait ezzel az eredeti webkamer\u00e1s laptopkamer\u00e1val. Kompatibilis a CN-0FHK7 cikksz\u00e1mmal. Friss\u00edtse eszk\u00f6ze kamer\u00e1j\u00e1t m\u00e9g ma!<\/p>\n","protected":false},"featured_media":8081,"template":"","meta":[],"product_brand":[],"product_cat":[23],"product_tag":[17],"class_list":{"0":"post-8041","1":"product","2":"type-product","3":"status-publish","4":"has-post-thumbnail","6":"product_cat-laptop-camera","7":"product_tag-dell","9":"first","10":"instock","11":"taxable","12":"shipping-taxable","13":"purchasable","14":"product-type-simple"},"_links":{"self":[{"href":"https:\/\/boreait.com\/hu\/wp-json\/wp\/v2\/product\/8041","targetHints":{"allow":["GET"]}}],"collection":[{"href":"https:\/\/boreait.com\/hu\/wp-json\/wp\/v2\/product"}],"about":[{"href":"https:\/\/boreait.com\/hu\/wp-json\/wp\/v2\/types\/product"}],"wp:featuredmedia":[{"embeddable":true,"href":"https:\/\/boreait.com\/hu\/wp-json\/wp\/v2\/media\/8081"}],"wp:attachment":[{"href":"https:\/\/boreait.com\/hu\/wp-json\/wp\/v2\/media?parent=8041"}],"wp:term":[{"taxonomy":"product_brand","embeddable":true,"href":"https:\/\/boreait.com\/hu\/wp-json\/wp\/v2\/product_brand?post=8041"},{"taxonomy":"product_cat","embeddable":true,"href":"https:\/\/boreait.com\/hu\/wp-json\/wp\/v2\/product_cat?post=8041"},{"taxonomy":"product_tag","embeddable":true,"href":"https:\/\/boreait.com\/hu\/wp-json\/wp\/v2\/product_tag?post=8041"}],"curies":[{"name":"wp","href":"https:\/\/api.w.org\/{rel}","templated":true}]}}