{"id":8039,"date":"2025-09-17T11:59:59","date_gmt":"2025-09-17T09:59:59","guid":{"rendered":"https:\/\/boreait.com\/hu\/?post_type=product&#038;p=8039"},"modified":"2026-01-27T11:00:47","modified_gmt":"2026-01-27T10:00:47","slug":"intel-7260ngw-802-11ac-ngff-vezetek-nelkuli-wifi-bluetooth-bt-4-0-mini-wlan-kartya-0gpfnk","status":"publish","type":"product","link":"https:\/\/boreait.com\/hu\/termek\/intel-7260ngw-802-11ac-ngff-vezetek-nelkuli-wifi-bluetooth-bt-4-0-mini-wlan-kartya-0gpfnk\/","title":{"rendered":"Intel 7260NGW 802.11AC NGFF vezet\u00e9k n\u00e9lk\u00fcli Wifi + Bluetooth BT 4.0 Mini WLAN k\u00e1rtya 0GPFNK"},"content":{"rendered":"<p>Fokozza laptopja vezet\u00e9k n\u00e9lk\u00fcli k\u00e9pess\u00e9geit az Intel 7260NGW Mini WLAN k\u00e1rty\u00e1val. Ezt a nagy teljes\u00edtm\u00e9ny\u0171 k\u00e1rty\u00e1t \u00fagy tervezt\u00e9k, hogy gyors \u00e9s megb\u00edzhat\u00f3 vezet\u00e9k n\u00e9lk\u00fcli kapcsolatot biztos\u00edtson, \u00edgy t\u00f6k\u00e9letes b\u00f6ng\u00e9sz\u00e9sre, streamel\u00e9sre, j\u00e1t\u00e9kra \u00e9s egyebekre. Dell cikksz\u00e1m: 0GPFNK \/ GPFNK.<\/p>\n<p>Az Intel 7260NGW Mini WLAN k\u00e1rtya t\u00e1mogatja a 802.11ac szabv\u00e1nyt, \u00e9s nagy sebess\u00e9g\u0171 WiFi-t k\u00edn\u00e1l a r\u00e9gebbi WiFi szabv\u00e1nyokhoz k\u00e9pest jobb hat\u00f3t\u00e1vols\u00e1ggal \u00e9s teljes\u00edtm\u00e9nnyel. A Gigabitig terjed\u0151 sebess\u00e9ggel \u00e9lvezheti a z\u00f6kken\u0151mentes HD videostreaminget, a k\u00e9s\u00e9smentes online j\u00e1t\u00e9kot, valamint a gyorsabb let\u00f6lt\u00e9seket \u00e9s felt\u00f6lt\u00e9seket. A k\u00e1rtya a 2,4 GHz-es \u00e9s az 5 GHz-es frekvencias\u00e1von is m\u0171k\u00f6dik, lehet\u0151v\u00e9 t\u00e9ve a legjobb el\u00e9rhet\u0151 WiFi h\u00e1l\u00f3zat kiv\u00e1laszt\u00e1s\u00e1t.<\/p>\n<p>A WiFi-kapcsolaton k\u00edv\u00fcl az Intel 7260NGW Mini WLAN k\u00e1rtya Bluetooth 4.0 technol\u00f3gi\u00e1val is rendelkezik. Ez lehet\u0151v\u00e9 teszi vezet\u00e9k n\u00e9lk\u00fcli perif\u00e9ri\u00e1k, p\u00e9ld\u00e1ul billenty\u0171zetek, egerek, fejhallgat\u00f3k \u00e9s hangsz\u00f3r\u00f3k csatlakoztat\u00e1s\u00e1t \u00e9s p\u00e1ros\u00edt\u00e1s\u00e1t tov\u00e1bbi hardverkulcsok vagy k\u00e1belek n\u00e9lk\u00fcl.<\/p>\n<p>Az Intel 7260NGW Mini WLAN k\u00e1rtya telep\u00edt\u00e9se viszonylag egyszer\u0171 folyamat. Gy\u0151z\u0151dj\u00f6n meg arr\u00f3l, hogy laptopja ki van kapcsolva, \u00e9s le van v\u00e1lasztva az \u00e1ramforr\u00e1sr\u00f3l. Nyissa ki a laptop alj\u00e1n tal\u00e1lhat\u00f3 hozz\u00e1f\u00e9r\u00e9si panelt a Mini WLAN k\u00e1rtyahely megkeres\u00e9s\u00e9hez. T\u00e1vol\u00edtsa el a megl\u00e9v\u0151 k\u00e1rty\u00e1t (ha van), \u00e9s helyezze be az Intel 7260NGW k\u00e1rty\u00e1t a foglalatba. R\u00f6gz\u00edtse megfelel\u0151en, \u00e9s szerelje \u00f6ssze laptopj\u00e1t.<\/p>\n<p>Friss\u00edtse laptopja vezet\u00e9k n\u00e9lk\u00fcli k\u00e9pess\u00e9geit az Intel 7260NGW Mini WLAN k\u00e1rty\u00e1val. Tapasztalja meg a gyors \u00e9s megb\u00edzhat\u00f3 WiFi-kapcsolatot a 802.11ac szabv\u00e1nynak k\u00f6sz\u00f6nhet\u0151en, \u00e9s csatlakoztassa a vezet\u00e9k n\u00e9lk\u00fcli perif\u00e9ri\u00e1kat k\u00f6nnyed\u00e9n a Bluetooth 4.0 technol\u00f3gi\u00e1val. \u00c9lvezze a megn\u00f6velt teljes\u00edtm\u00e9nyt, nagyobb hat\u00f3t\u00e1vols\u00e1got \u00e9s z\u00f6kken\u0151mentes csatlakoz\u00e1st ezzel az Intel Mini WLAN k\u00e1rty\u00e1val.<\/p>\n","protected":false},"excerpt":{"rendered":"<p>B\u0151v\u00edtse laptopja vezet\u00e9k n\u00e9lk\u00fcli k\u00e9pess\u00e9geit az Intel 7260NGW Mini WLAN k\u00e1rty\u00e1val. Ez a k\u00e1rtya \u00f6tv\u00f6zi a nagy sebess\u00e9g\u0171 WiFi-t a leg\u00fajabb 802.11ac technol\u00f3gi\u00e1val, lehet\u0151v\u00e9 t\u00e9ve a gyors \u00e9s megb\u00edzhat\u00f3 vezet\u00e9k n\u00e9lk\u00fcli kapcsolat \u00e9lvezet\u00e9t. Bluetooth 4.0 technol\u00f3gi\u00e1val is rendelkezik a vezet\u00e9k n\u00e9lk\u00fcli perif\u00e9ri\u00e1k \u00e9s eszk\u00f6z\u00f6k csatlakoztat\u00e1s\u00e1hoz. N\u00f6velje laptopja teljes\u00edtm\u00e9ny\u00e9t ezzel az Intel Mini WLAN k\u00e1rty\u00e1val.<\/p>\n","protected":false},"featured_media":8079,"template":"","meta":[],"product_brand":[],"product_cat":[27],"product_tag":[],"class_list":{"0":"post-8039","1":"product","2":"type-product","3":"status-publish","4":"has-post-thumbnail","6":"product_cat-motherboards-board-parts","8":"first","9":"instock","10":"taxable","11":"shipping-taxable","12":"purchasable","13":"product-type-simple"},"_links":{"self":[{"href":"https:\/\/boreait.com\/hu\/wp-json\/wp\/v2\/product\/8039","targetHints":{"allow":["GET"]}}],"collection":[{"href":"https:\/\/boreait.com\/hu\/wp-json\/wp\/v2\/product"}],"about":[{"href":"https:\/\/boreait.com\/hu\/wp-json\/wp\/v2\/types\/product"}],"wp:featuredmedia":[{"embeddable":true,"href":"https:\/\/boreait.com\/hu\/wp-json\/wp\/v2\/media\/8079"}],"wp:attachment":[{"href":"https:\/\/boreait.com\/hu\/wp-json\/wp\/v2\/media?parent=8039"}],"wp:term":[{"taxonomy":"product_brand","embeddable":true,"href":"https:\/\/boreait.com\/hu\/wp-json\/wp\/v2\/product_brand?post=8039"},{"taxonomy":"product_cat","embeddable":true,"href":"https:\/\/boreait.com\/hu\/wp-json\/wp\/v2\/product_cat?post=8039"},{"taxonomy":"product_tag","embeddable":true,"href":"https:\/\/boreait.com\/hu\/wp-json\/wp\/v2\/product_tag?post=8039"}],"curies":[{"name":"wp","href":"https:\/\/api.w.org\/{rel}","templated":true}]}}