{"id":8007,"date":"2025-09-17T11:59:36","date_gmt":"2025-09-17T09:59:36","guid":{"rendered":"https:\/\/boreait.com\/hu\/?post_type=product&#038;p=8007"},"modified":"2025-09-17T12:00:40","modified_gmt":"2025-09-17T10:00:40","slug":"eredeti-dell-latitude-12-rugged-extreme-7204-bekapcsologomb-ujjlenyomat-olvasoval","status":"publish","type":"product","link":"https:\/\/boreait.com\/hu\/termek\/eredeti-dell-latitude-12-rugged-extreme-7204-bekapcsologomb-ujjlenyomat-olvasoval\/","title":{"rendered":"Eredeti Dell Latitude 12 Rugged Extreme 7204 bekapcsol\u00f3gomb ujjlenyomat-olvas\u00f3val"},"content":{"rendered":"<p>N\u00f6velje Dell Latitude 12 Rugged Extreme 7204 laptopja biztons\u00e1g\u00e1t \u00e9s funkcionalit\u00e1s\u00e1t az ujjlenyomat-olvas\u00f3val ell\u00e1tott eredeti bekapcsol\u00f3gombbal. Ez az eredeti cserealkatr\u00e9sz biztos\u00edtja az egyszer\u0171 telep\u00edt\u00e9st \u00e9s a k\u00e9sz\u00fcl\u00e9kkel val\u00f3 kompatibilit\u00e1st.<\/p>\n<p>F\u0151bb jellemz\u0151k:<\/p>\n<p>&#8211; Eredeti Dell csere: A kompatibilit\u00e1s \u00e9s a megb\u00edzhat\u00f3s\u00e1g biztos\u00edt\u00e1sa hiteles cserealkatr\u00e9szekkel.<\/p>\n<p>&#8211; K\u00f6nny\u0171 telep\u00edt\u00e9s: Egyszer\u0171 telep\u00edt\u00e9ssel k\u00f6nnyed\u00e9n friss\u00edtheti laptopj\u00e1t.<\/p>\n<p>&#8211; Fokozott biztons\u00e1g: V\u00e9dje eszk\u00f6z\u00e9t \u00e9s adatait az integr\u00e1lt ujjlenyomat-olvas\u00f3val.<\/p>\n<p>&#8211; Tov\u00e1bbfejlesztett funkcionalit\u00e1s: z\u00f6kken\u0151mentesen hozz\u00e1f\u00e9rhet eszk\u00f6z\u00e9hez a k\u00e9nyelmes bekapcsol\u00f3gomb \u00e9s az ujjlenyomat-olvas\u00f3 kombin\u00e1ci\u00f3j\u00e1val.<\/p>\n<p>Friss\u00edtse Dell Latitude 12 Rugged Extreme 7204 laptopj\u00e1t m\u00e9g ma az eredeti bekapcsol\u00f3gombbal, amely ujjlenyomat-olvas\u00f3val rendelkezik. V\u00e1s\u00e1roljon bizalommal, tudva, hogy min\u0151s\u00e9gi cserealkatr\u00e9szekbe fektet be k\u00e9sz\u00fcl\u00e9k\u00e9hez. Ha k\u00e9rd\u00e9se van, vagy seg\u00edts\u00e9gre van sz\u00fcks\u00e9ge, ne habozzon kapcsolatba l\u00e9pni vel\u00fcnk. Az\u00e9rt vagyunk itt, hogy seg\u00edts\u00fcnk eszk\u00f6ze biztons\u00e1g\u00e1nak \u00e9s funkcionalit\u00e1s\u00e1nak fokoz\u00e1s\u00e1ban.<\/p>\n","protected":false},"excerpt":{"rendered":"<p>Friss\u00edtse Dell Latitude 12 Rugged Extreme 7204 k\u00e9sz\u00fcl\u00e9k\u00e9t ezzel az eredeti bekapcsol\u00f3gombbal, amely ujjlenyomat-olvas\u00f3val rendelkezik. K\u00f6nnyen telep\u00edthet\u0151 \u00e9s kompatibilis a k\u00e9sz\u00fcl\u00e9kkel. N\u00f6velje a biztons\u00e1got \u00e9s a funkcionalit\u00e1st m\u00e9g ma!<\/p>\n","protected":false},"featured_media":8071,"template":"","meta":[],"product_brand":[],"product_cat":[27],"product_tag":[],"class_list":{"0":"post-8007","1":"product","2":"type-product","3":"status-publish","4":"has-post-thumbnail","6":"product_cat-motherboards-board-parts","8":"first","9":"instock","10":"taxable","11":"shipping-taxable","12":"purchasable","13":"product-type-simple"},"_links":{"self":[{"href":"https:\/\/boreait.com\/hu\/wp-json\/wp\/v2\/product\/8007","targetHints":{"allow":["GET"]}}],"collection":[{"href":"https:\/\/boreait.com\/hu\/wp-json\/wp\/v2\/product"}],"about":[{"href":"https:\/\/boreait.com\/hu\/wp-json\/wp\/v2\/types\/product"}],"wp:featuredmedia":[{"embeddable":true,"href":"https:\/\/boreait.com\/hu\/wp-json\/wp\/v2\/media\/8071"}],"wp:attachment":[{"href":"https:\/\/boreait.com\/hu\/wp-json\/wp\/v2\/media?parent=8007"}],"wp:term":[{"taxonomy":"product_brand","embeddable":true,"href":"https:\/\/boreait.com\/hu\/wp-json\/wp\/v2\/product_brand?post=8007"},{"taxonomy":"product_cat","embeddable":true,"href":"https:\/\/boreait.com\/hu\/wp-json\/wp\/v2\/product_cat?post=8007"},{"taxonomy":"product_tag","embeddable":true,"href":"https:\/\/boreait.com\/hu\/wp-json\/wp\/v2\/product_tag?post=8007"}],"curies":[{"name":"wp","href":"https:\/\/api.w.org\/{rel}","templated":true}]}}