{"id":8005,"date":"2025-09-17T11:59:35","date_gmt":"2025-09-17T09:59:35","guid":{"rendered":"https:\/\/boreait.com\/hu\/?post_type=product&#038;p=8005"},"modified":"2026-01-27T11:00:31","modified_gmt":"2026-01-27T10:00:31","slug":"dell-oem-latitude-12-rugged-extreme-7204-12-convertible-lcd-elolap-kerettarto","status":"publish","type":"product","link":"https:\/\/boreait.com\/hu\/termek\/dell-oem-latitude-12-rugged-extreme-7204-12-convertible-lcd-elolap-kerettarto\/","title":{"rendered":"Dell OEM Latitude 12 Rugged Extreme (7204) 12 Convertible LCD el\u0151lap kerettart\u00f3"},"content":{"rendered":"<p>N\u00f6velje Dell OEM Latitude 12 Rugged Extreme (7204) tart\u00f3ss\u00e1g\u00e1t az eredeti kabri\u00f3 LCD keret kerettel. A megb\u00edzhat\u00f3s\u00e1g \u00e9s a kompatibilit\u00e1s jegy\u00e9ben k\u00e9sz\u00fclt, ez az eredeti cserealkatr\u00e9sz biztons\u00e1gos r\u00f6gz\u00edt\u00e9st \u00e9s egyszer\u0171 telep\u00edt\u00e9st biztos\u00edt.<\/p>\n<p>F\u0151bb jellemz\u0151k:<\/p>\n<p>&#8211; Eredeti Dell csere: A kompatibilit\u00e1s \u00e9s a megb\u00edzhat\u00f3s\u00e1g biztos\u00edt\u00e1sa hiteles cserealkatr\u00e9szekkel.<\/p>\n<p>&#8211; K\u00f6nny\u0171 telep\u00edt\u00e9s: Egyszer\u0171 telep\u00edt\u00e9ssel k\u00f6nnyed\u00e9n n\u00f6velheti laptopja tart\u00f3ss\u00e1g\u00e1t.<\/p>\n<p>&#8211; Fokozott tart\u00f3ss\u00e1g: N\u00f6velje eszk\u00f6ze robusztuss\u00e1g\u00e1t a hosszabb \u00e9lettartam \u00e9rdek\u00e9ben.<\/p>\n<p>&#8211; Biztons\u00e1gos r\u00f6gz\u00edt\u00e9s: Gy\u0151z\u0151dj\u00f6n meg arr\u00f3l, hogy az LCD-kijelz\u0151 biztons\u00e1gosan a hely\u00e9n marad haszn\u00e1lat k\u00f6zben.<\/p>\n<p>Friss\u00edtse Dell OEM Latitude 12 Rugged Extreme (7204) k\u00e9sz\u00fcl\u00e9k\u00e9t m\u00e9g ma az eredeti kabri\u00f3 LCD keret kerettel. V\u00e1s\u00e1roljon bizalommal, tudva, hogy min\u0151s\u00e9gi cserealkatr\u00e9szekbe fektet be k\u00e9sz\u00fcl\u00e9k\u00e9hez. Ha k\u00e9rd\u00e9se van, vagy seg\u00edts\u00e9gre van sz\u00fcks\u00e9ge, ne habozzon kapcsolatba l\u00e9pni vel\u00fcnk. Az\u00e9rt vagyunk itt, hogy seg\u00edts\u00fcnk k\u00e9sz\u00fcl\u00e9ke tart\u00f3ss\u00e1g\u00e1nak n\u00f6vel\u00e9s\u00e9ben.<\/p>\n","protected":false},"excerpt":{"rendered":"<p>Friss\u00edtse Dell OEM Latitude 12 Rugged Extreme (7204) k\u00e9sz\u00fcl\u00e9k\u00e9t ezzel az eredeti kabri\u00f3 LCD-keret kerettart\u00f3val. K\u00f6nnyen telep\u00edthet\u0151 \u00e9s kompatibilis a k\u00e9sz\u00fcl\u00e9kkel. N\u00f6velje laptopja tart\u00f3ss\u00e1g\u00e1t m\u00e9g ma!<\/p>\n","protected":false},"featured_media":8067,"template":"","meta":[],"product_brand":[],"product_cat":[16],"product_tag":[],"class_list":{"0":"post-8005","1":"product","2":"type-product","3":"status-publish","4":"has-post-thumbnail","6":"product_cat-laptop-housing","8":"first","9":"instock","10":"taxable","11":"shipping-taxable","12":"purchasable","13":"product-type-simple"},"_links":{"self":[{"href":"https:\/\/boreait.com\/hu\/wp-json\/wp\/v2\/product\/8005","targetHints":{"allow":["GET"]}}],"collection":[{"href":"https:\/\/boreait.com\/hu\/wp-json\/wp\/v2\/product"}],"about":[{"href":"https:\/\/boreait.com\/hu\/wp-json\/wp\/v2\/types\/product"}],"wp:featuredmedia":[{"embeddable":true,"href":"https:\/\/boreait.com\/hu\/wp-json\/wp\/v2\/media\/8067"}],"wp:attachment":[{"href":"https:\/\/boreait.com\/hu\/wp-json\/wp\/v2\/media?parent=8005"}],"wp:term":[{"taxonomy":"product_brand","embeddable":true,"href":"https:\/\/boreait.com\/hu\/wp-json\/wp\/v2\/product_brand?post=8005"},{"taxonomy":"product_cat","embeddable":true,"href":"https:\/\/boreait.com\/hu\/wp-json\/wp\/v2\/product_cat?post=8005"},{"taxonomy":"product_tag","embeddable":true,"href":"https:\/\/boreait.com\/hu\/wp-json\/wp\/v2\/product_tag?post=8005"}],"curies":[{"name":"wp","href":"https:\/\/api.w.org\/{rel}","templated":true}]}}