{"id":8003,"date":"2025-09-17T11:59:35","date_gmt":"2025-09-17T09:59:35","guid":{"rendered":"https:\/\/boreait.com\/hu\/?post_type=product&#038;p=8003"},"modified":"2025-09-17T12:00:23","modified_gmt":"2025-09-17T10:00:23","slug":"eredeti-dell-latitude-12-rugged-7204-laptop-lcd-hatlap-14vtt-014vtt","status":"publish","type":"product","link":"https:\/\/boreait.com\/hu\/termek\/eredeti-dell-latitude-12-rugged-7204-laptop-lcd-hatlap-14vtt-014vtt\/","title":{"rendered":"Eredeti Dell Latitude 12 Rugged 7204 laptop LCD h\u00e1tlap 14VTT 014VTT"},"content":{"rendered":"<p>Fokozza Dell Latitude 12 Rugged 7204 laptopja megjelen\u00e9s\u00e9t \u00e9s tart\u00f3ss\u00e1g\u00e1t az eredeti LCD h\u00e1tlappal, cikksz\u00e1m: 14VTT 014VTT. Ez a prec\u00edz \u00e9s megb\u00edzhat\u00f3 cserealkatr\u00e9sz nemcsak laptopja megjelen\u00e9s\u00e9t jav\u00edtja, hanem az LCD-k\u00e9perny\u0151 v\u00e9delm\u00e9t is biztos\u00edtja.<\/p>\n<p>F\u0151bb jellemz\u0151k:<\/p>\n<p>&#8211; Eredeti Dell csere: A kompatibilit\u00e1s \u00e9s a megb\u00edzhat\u00f3s\u00e1g biztos\u00edt\u00e1sa hiteles cserealkatr\u00e9szekkel.<\/p>\n<p>&#8211; K\u00f6nny\u0171 telep\u00edt\u00e9s: Egyszer\u0171 telep\u00edt\u00e9ssel k\u00f6nnyed\u00e9n jav\u00edthatja laptopja eszt\u00e9tik\u00e1j\u00e1t.<\/p>\n<p>&#8211; Tov\u00e1bbfejlesztett megjelen\u00e9s: Alak\u00edtsa \u00e1t Dell Latitude 12 Rugged 7204 megjelen\u00e9s\u00e9t ezzel az eleg\u00e1ns LCD h\u00e1tlappal.<\/p>\n<p>&#8211; Tov\u00e1bbi v\u00e9delem: Ezzel a tart\u00f3s burkolattal v\u00e9di az LCD-k\u00e9perny\u0151t a karcol\u00e1sokt\u00f3l \u00e9s s\u00e9r\u00fcl\u00e9sekt\u0151l.<\/p>\n<p>K\u00e9rj\u00fck, vegye figyelembe, hogy b\u00e1r a r\u00e9szletes telep\u00edt\u00e9si utas\u00edt\u00e1sokat nem adjuk meg, nyugodtan forduljon hozz\u00e1nk, ha k\u00e9rd\u00e9se van, vagy seg\u00edts\u00e9gre van sz\u00fcks\u00e9ge. A list\u00e1n szerepl\u0151 val\u00f3di term\u00e9kfot\u00f3k pontosan le\u00edrj\u00e1k, hogy mit fog kapni, t\u00fckr\u00f6zve az \u00e1tl\u00e1that\u00f3s\u00e1g \u00e9s az \u00fcgyfelek el\u00e9gedetts\u00e9ge ir\u00e1nti elk\u00f6telezetts\u00e9g\u00fcnket.<\/p>\n<p>Friss\u00edtse Dell Latitude 12 Rugged 7204 laptopj\u00e1t m\u00e9g ma az eredeti LCD h\u00e1tlappal. V\u00e1s\u00e1roljon bizalommal, tudva, hogy min\u0151s\u00e9gi cserealkatr\u00e9szekbe fektet be k\u00e9sz\u00fcl\u00e9k\u00e9hez. Ha k\u00e9rd\u00e9se van, vagy tov\u00e1bbi seg\u00edts\u00e9gre van sz\u00fcks\u00e9ge, ne habozzon kapcsolatba l\u00e9pni vel\u00fcnk. Az\u00e9rt vagyunk itt, hogy seg\u00edts\u00fcnk \u00d6nnek eszk\u00f6ze eszt\u00e9tik\u00e1j\u00e1t \u00e9s tart\u00f3ss\u00e1g\u00e1t jav\u00edtani.<\/p>\n","protected":false},"excerpt":{"rendered":"<p>Fokozza Dell Latitude 12 Rugged 7204 megjelen\u00e9s\u00e9t ezzel az eredeti LCD h\u00e1tlappal. K\u00f6nnyen telep\u00edthet\u0151 \u00e9s kompatibilis a 14VTT 014VTT cikksz\u00e1mmal. Friss\u00edtse laptopja eszt\u00e9tik\u00e1j\u00e1t m\u00e9g ma!<\/p>\n","protected":false},"featured_media":8063,"template":"","meta":[],"product_brand":[],"product_cat":[16],"product_tag":[],"class_list":{"0":"post-8003","1":"product","2":"type-product","3":"status-publish","4":"has-post-thumbnail","6":"product_cat-laptop-housing","8":"first","9":"instock","10":"taxable","11":"shipping-taxable","12":"purchasable","13":"product-type-simple"},"_links":{"self":[{"href":"https:\/\/boreait.com\/hu\/wp-json\/wp\/v2\/product\/8003","targetHints":{"allow":["GET"]}}],"collection":[{"href":"https:\/\/boreait.com\/hu\/wp-json\/wp\/v2\/product"}],"about":[{"href":"https:\/\/boreait.com\/hu\/wp-json\/wp\/v2\/types\/product"}],"wp:featuredmedia":[{"embeddable":true,"href":"https:\/\/boreait.com\/hu\/wp-json\/wp\/v2\/media\/8063"}],"wp:attachment":[{"href":"https:\/\/boreait.com\/hu\/wp-json\/wp\/v2\/media?parent=8003"}],"wp:term":[{"taxonomy":"product_brand","embeddable":true,"href":"https:\/\/boreait.com\/hu\/wp-json\/wp\/v2\/product_brand?post=8003"},{"taxonomy":"product_cat","embeddable":true,"href":"https:\/\/boreait.com\/hu\/wp-json\/wp\/v2\/product_cat?post=8003"},{"taxonomy":"product_tag","embeddable":true,"href":"https:\/\/boreait.com\/hu\/wp-json\/wp\/v2\/product_tag?post=8003"}],"curies":[{"name":"wp","href":"https:\/\/api.w.org\/{rel}","templated":true}]}}