{"id":8001,"date":"2025-09-17T11:59:35","date_gmt":"2025-09-17T09:59:35","guid":{"rendered":"https:\/\/boreait.com\/hu\/?post_type=product&#038;p=8001"},"modified":"2025-09-17T11:59:55","modified_gmt":"2025-09-17T09:59:55","slug":"eredeti-dell-latitude-12-rugged-extreme-7204-7214-laptop-also-burkolata-k3n9v-0k3n9v","status":"publish","type":"product","link":"https:\/\/boreait.com\/hu\/termek\/eredeti-dell-latitude-12-rugged-extreme-7204-7214-laptop-also-burkolata-k3n9v-0k3n9v\/","title":{"rendered":"Eredeti Dell Latitude 12 Rugged Extreme 7204 7214 laptop als\u00f3 burkolata K3N9V 0K3N9V"},"content":{"rendered":"<p>V\u00e9dje \u00e9s er\u0151s\u00edtse meg Dell Latitude 12 Rugged Extreme 7204\/7214 k\u00e9sz\u00fcl\u00e9k\u00e9t a K3N9V 0K3N9V cikksz\u00e1m\u00fa eredeti als\u00f3 alapburkolattal. A tart\u00f3ss\u00e1g \u00e9s a kompatibilit\u00e1s jegy\u00e9ben k\u00e9sz\u00fclt, ez az eredeti cserealkatr\u00e9sz megb\u00edzhat\u00f3 teljes\u00edtm\u00e9nyt \u00e9s egyszer\u0171 telep\u00edt\u00e9st biztos\u00edt.<\/p>\n<p>F\u0151bb jellemz\u0151k:<\/p>\n<p>&#8211; Eredeti Dell csere: A kompatibilit\u00e1s \u00e9s a megb\u00edzhat\u00f3s\u00e1g biztos\u00edt\u00e1sa hiteles cserealkatr\u00e9szekkel.<\/p>\n<p>&#8211; K\u00f6nny\u0171 telep\u00edt\u00e9s: Egyszer\u0171 telep\u00edt\u00e9ssel k\u00f6nnyed\u00e9n jav\u00edthatja laptopja v\u00e9delm\u00e9t.<\/p>\n<p>&#8211; Fokozott tart\u00f3ss\u00e1g: N\u00f6velje laptopja ellen\u00e1ll\u00f3 k\u00e9pess\u00e9g\u00e9t, hogy ellen\u00e1lljon a zord k\u00f6r\u00fclm\u00e9nyeknek.<\/p>\n<p>&#8211; Kompatibilit\u00e1s: kifejezetten a Dell Latitude 12 Rugged Extreme 7204\/7214 modellekhez tervezt\u00e9k.<\/p>\n<p>Friss\u00edtse Dell Latitude 12 Rugged Extreme 7204\/7214 laptopj\u00e1t m\u00e9g ma az eredeti als\u00f3 burkolattal. V\u00e1s\u00e1roljon bizalommal, tudva, hogy min\u0151s\u00e9gi cserealkatr\u00e9szekbe fektet be k\u00e9sz\u00fcl\u00e9k\u00e9hez. Ha k\u00e9rd\u00e9se van, vagy seg\u00edts\u00e9gre van sz\u00fcks\u00e9ge, ne habozzon kapcsolatba l\u00e9pni vel\u00fcnk. Az\u00e9rt vagyunk itt, hogy seg\u00edts\u00fcnk \u00d6nnek n\u00f6velni a tart\u00f3ss\u00e1g\u00e1t<\/p>\n","protected":false},"excerpt":{"rendered":"<p>N\u00f6velje Dell Latitude 12 Rugged Extreme 7204\/7214 tart\u00f3ss\u00e1g\u00e1t ezzel az eredeti als\u00f3 burkolattal. K\u00f6nnyen telep\u00edthet\u0151 \u00e9s kompatibilis a K3N9V 0K3N9V cikksz\u00e1mmal. Friss\u00edtse laptopja v\u00e9delm\u00e9t m\u00e9g ma!<\/p>\n","protected":false},"featured_media":8035,"template":"","meta":[],"product_brand":[],"product_cat":[16],"product_tag":[],"class_list":{"0":"post-8001","1":"product","2":"type-product","3":"status-publish","4":"has-post-thumbnail","6":"product_cat-laptop-housing","8":"first","9":"instock","10":"taxable","11":"shipping-taxable","12":"purchasable","13":"product-type-simple"},"_links":{"self":[{"href":"https:\/\/boreait.com\/hu\/wp-json\/wp\/v2\/product\/8001","targetHints":{"allow":["GET"]}}],"collection":[{"href":"https:\/\/boreait.com\/hu\/wp-json\/wp\/v2\/product"}],"about":[{"href":"https:\/\/boreait.com\/hu\/wp-json\/wp\/v2\/types\/product"}],"wp:featuredmedia":[{"embeddable":true,"href":"https:\/\/boreait.com\/hu\/wp-json\/wp\/v2\/media\/8035"}],"wp:attachment":[{"href":"https:\/\/boreait.com\/hu\/wp-json\/wp\/v2\/media?parent=8001"}],"wp:term":[{"taxonomy":"product_brand","embeddable":true,"href":"https:\/\/boreait.com\/hu\/wp-json\/wp\/v2\/product_brand?post=8001"},{"taxonomy":"product_cat","embeddable":true,"href":"https:\/\/boreait.com\/hu\/wp-json\/wp\/v2\/product_cat?post=8001"},{"taxonomy":"product_tag","embeddable":true,"href":"https:\/\/boreait.com\/hu\/wp-json\/wp\/v2\/product_tag?post=8001"}],"curies":[{"name":"wp","href":"https:\/\/api.w.org\/{rel}","templated":true}]}}