{"id":80,"date":"2025-09-17T09:21:18","date_gmt":"2025-09-17T07:21:18","guid":{"rendered":"https:\/\/boreait.com\/hu\/?post_type=product&#038;p=80"},"modified":"2025-09-17T09:22:14","modified_gmt":"2025-09-17T07:22:14","slug":"dell-latitude-e5570-precision-3510-edp-09tkmn-dc02c00b600-erintes-nelkuli-kabeles-kijelzo","status":"publish","type":"product","link":"https:\/\/boreait.com\/hu\/termek\/dell-latitude-e5570-precision-3510-edp-09tkmn-dc02c00b600-erintes-nelkuli-kabeles-kijelzo\/","title":{"rendered":"DELL LATITUDE E5570 \u2013 PRECISION 3510 EDP 09TKMN DC02C00B600, \u00e9rint\u00e9s n\u00e9lk\u00fcli k\u00e1beles kijelz\u0151"},"content":{"rendered":"<p>A 09TKMN cikksz\u00e1m\u00fa Dell LCD-k\u00e1bel egy olyan k\u00e1bel, amely az LCD-k\u00e9perny\u0151t egy Dell laptop alaplapj\u00e1hoz k\u00f6ti. Ez a k\u00e1bel kompatibilis sz\u00e1mos Dell laptopmodellel, k\u00f6zt\u00fck a Dell Inspiron 15-3521, 15-3537 \u00e9s 15R-5537, Latitude E5570 \u00e9s Precision 3510 modellekkel.<\/p>\n","protected":false},"excerpt":{"rendered":"<p>A 09TKMN cikksz\u00e1m\u00fa Dell LCD-k\u00e1bel egy olyan k\u00e1bel, amely az LCD-k\u00e9perny\u0151t egy Dell laptop alaplapj\u00e1hoz k\u00f6ti. Ez a k\u00e1bel kompatibilis sz\u00e1mos Dell laptopmodellel, k\u00f6zt\u00fck a Dell Inspiron 15-3521, 15-3537 \u00e9s 15R-5537 t\u00edpusokkal.<\/p>\n","protected":false},"featured_media":133,"template":"","meta":[],"product_brand":[],"product_cat":[20],"product_tag":[17],"class_list":{"0":"post-80","1":"product","2":"type-product","3":"status-publish","4":"has-post-thumbnail","6":"product_cat-cables","7":"product_tag-dell","9":"first","10":"instock","11":"taxable","12":"shipping-taxable","13":"purchasable","14":"product-type-simple"},"_links":{"self":[{"href":"https:\/\/boreait.com\/hu\/wp-json\/wp\/v2\/product\/80","targetHints":{"allow":["GET"]}}],"collection":[{"href":"https:\/\/boreait.com\/hu\/wp-json\/wp\/v2\/product"}],"about":[{"href":"https:\/\/boreait.com\/hu\/wp-json\/wp\/v2\/types\/product"}],"wp:featuredmedia":[{"embeddable":true,"href":"https:\/\/boreait.com\/hu\/wp-json\/wp\/v2\/media\/133"}],"wp:attachment":[{"href":"https:\/\/boreait.com\/hu\/wp-json\/wp\/v2\/media?parent=80"}],"wp:term":[{"taxonomy":"product_brand","embeddable":true,"href":"https:\/\/boreait.com\/hu\/wp-json\/wp\/v2\/product_brand?post=80"},{"taxonomy":"product_cat","embeddable":true,"href":"https:\/\/boreait.com\/hu\/wp-json\/wp\/v2\/product_cat?post=80"},{"taxonomy":"product_tag","embeddable":true,"href":"https:\/\/boreait.com\/hu\/wp-json\/wp\/v2\/product_tag?post=80"}],"curies":[{"name":"wp","href":"https:\/\/api.w.org\/{rel}","templated":true}]}}