{"id":7999,"date":"2025-09-17T11:59:35","date_gmt":"2025-09-17T09:59:35","guid":{"rendered":"https:\/\/boreait.com\/hu\/?post_type=product&#038;p=7999"},"modified":"2025-09-17T11:59:51","modified_gmt":"2025-09-17T09:59:51","slug":"eredeti-dell-latitude-12-rugged-extreme-7204-7214-soros-vga-port-burkolat-chg07-3xp4g","status":"publish","type":"product","link":"https:\/\/boreait.com\/hu\/termek\/eredeti-dell-latitude-12-rugged-extreme-7204-7214-soros-vga-port-burkolat-chg07-3xp4g\/","title":{"rendered":"Eredeti Dell Latitude 12 Rugged Extreme 7204 7214 SOROS VGA PORT BURKOLAT CHG07 3XP4G"},"content":{"rendered":"<p>N\u00f6velje Dell Latitude 12 Rugged Extreme 7204 \/ 7214 tart\u00f3ss\u00e1g\u00e1t az eredeti CHG07 3XP4G soros\/VGA port bor\u00edt\u00f3val. A strapab\u00edr\u00f3 haszn\u00e1latra k\u00e9sz\u00fclt, hiteles cserealkatr\u00e9sz megb\u00edzhat\u00f3 v\u00e9delmet biztos\u00edt eszk\u00f6ze soros \u00e9s VGA portjai sz\u00e1m\u00e1ra.<\/p>\n<p>F\u0151bb jellemz\u0151k:<\/p>\n<p>&#8211; Eredeti Dell csere: A kompatibilit\u00e1s \u00e9s a megb\u00edzhat\u00f3s\u00e1g biztos\u00edt\u00e1sa hiteles cserealkatr\u00e9szekkel.<\/p>\n<p>&#8211; K\u00f6nny\u0171 telep\u00edt\u00e9s: Az egyszer\u0171 telep\u00edt\u00e9ssel k\u00f6nnyed\u00e9n n\u00f6velheti eszk\u00f6ze strapab\u00edr\u00f3s\u00e1g\u00e1t.<\/p>\n<p>&#8211; Fokozott tart\u00f3ss\u00e1g: v\u00e9di eszk\u00f6ze soros \u00e9s VGA-portjait a port\u00f3l, t\u00f6rmel\u00e9kt\u0151l \u00e9s s\u00e9r\u00fcl\u00e9sekt\u0151l.<\/p>\n<p>&#8211; Kompatibilis: kifejezetten a Dell Latitude 12 Rugged Extreme 7204 \/ 7214 modellekhez tervezt\u00e9k.<\/p>\n<p>Friss\u00edtse Dellj\u00e9t<\/p>\n","protected":false},"excerpt":{"rendered":"<p>N\u00f6velje Dell Latitude 12 Rugged Extreme 7204 \/ 7214 robusztuss\u00e1g\u00e1t ezzel az eredeti CHG07 3XP4G soros\/VGA port bor\u00edt\u00f3val. K\u00f6nnyen telep\u00edthet\u0151 \u00e9s kompatibilis a k\u00e9sz\u00fcl\u00e9kkel. Friss\u00edtsen m\u00e9g ma!<\/p>\n","protected":false},"featured_media":8033,"template":"","meta":[],"product_brand":[],"product_cat":[16],"product_tag":[17],"class_list":{"0":"post-7999","1":"product","2":"type-product","3":"status-publish","4":"has-post-thumbnail","6":"product_cat-laptop-housing","7":"product_tag-dell","9":"first","10":"instock","11":"taxable","12":"shipping-taxable","13":"purchasable","14":"product-type-simple"},"_links":{"self":[{"href":"https:\/\/boreait.com\/hu\/wp-json\/wp\/v2\/product\/7999","targetHints":{"allow":["GET"]}}],"collection":[{"href":"https:\/\/boreait.com\/hu\/wp-json\/wp\/v2\/product"}],"about":[{"href":"https:\/\/boreait.com\/hu\/wp-json\/wp\/v2\/types\/product"}],"wp:featuredmedia":[{"embeddable":true,"href":"https:\/\/boreait.com\/hu\/wp-json\/wp\/v2\/media\/8033"}],"wp:attachment":[{"href":"https:\/\/boreait.com\/hu\/wp-json\/wp\/v2\/media?parent=7999"}],"wp:term":[{"taxonomy":"product_brand","embeddable":true,"href":"https:\/\/boreait.com\/hu\/wp-json\/wp\/v2\/product_brand?post=7999"},{"taxonomy":"product_cat","embeddable":true,"href":"https:\/\/boreait.com\/hu\/wp-json\/wp\/v2\/product_cat?post=7999"},{"taxonomy":"product_tag","embeddable":true,"href":"https:\/\/boreait.com\/hu\/wp-json\/wp\/v2\/product_tag?post=7999"}],"curies":[{"name":"wp","href":"https:\/\/api.w.org\/{rel}","templated":true}]}}