{"id":7980,"date":"2025-09-17T11:59:13","date_gmt":"2025-09-17T09:59:13","guid":{"rendered":"https:\/\/boreait.com\/hu\/?post_type=product&#038;p=7980"},"modified":"2025-09-17T11:59:49","modified_gmt":"2025-09-17T09:59:49","slug":"sarok-kepernyokeret-hatso-bal-oldali-gumi-a-dell-latitude-12-rugged-extreme-7204-hez","status":"publish","type":"product","link":"https:\/\/boreait.com\/hu\/termek\/sarok-kepernyokeret-hatso-bal-oldali-gumi-a-dell-latitude-12-rugged-extreme-7204-hez\/","title":{"rendered":"Sarok k\u00e9perny\u0151keret h\u00e1ts\u00f3 bal oldali gumi a Dell Latitude 12 Rugged Extreme 7204-hez"},"content":{"rendered":"<p>Cser\u00e9lje ki a Dell Latitude 12 Rugged Extreme 7204 k\u00e9perny\u0151keret bal h\u00e1ts\u00f3 sark\u00e1nak gumij\u00e1t erre az eredeti cserealkatr\u00e9szre. A tart\u00f3ss\u00e1gra \u00e9s kompatibilit\u00e1sra kialak\u00edtott gumi szoros illeszked\u00e9st biztos\u00edt, \u00e9s seg\u00edt megv\u00e9deni laptopja k\u00e9perny\u0151j\u00e9t az \u00fct\u00e9sekt\u0151l.<\/p>\n<p>F\u0151bb jellemz\u0151k:<\/p>\n<p>&#8211; Eredeti Dell csere: A kompatibilit\u00e1s \u00e9s a megb\u00edzhat\u00f3s\u00e1g biztos\u00edt\u00e1sa hiteles cserealkatr\u00e9szekkel.<\/p>\n<p>&#8211; K\u00f6nny\u0171 telep\u00edt\u00e9s: K\u00f6nnyed\u00e9n cser\u00e9lje ki a gumisarkot az egyszer\u0171 telep\u00edt\u00e9ssel.<\/p>\n<p>&#8211; Fokozott tart\u00f3ss\u00e1g: Ezzel a tart\u00f3s gumival \u00f3vja meg laptopja k\u00e9perny\u0151j\u00e9t az \u00fct\u00e9sekt\u0151l \u00e9s a kop\u00e1st\u00f3l.<\/p>\n<p>&#8211; Kompatibilis a Dell Latitude 12 Rugged Extreme 7204-gyel: kifejezetten az \u00d6n laptopmodellj\u00e9hez tervezt\u00e9k.<\/p>\n<p>Friss\u00edtse Dell Latitude 12 Rugged Extreme 7204 k\u00e9sz\u00fcl\u00e9k\u00e9t m\u00e9g ma ezzel az eredeti cseregumival. V\u00e1s\u00e1roljon bizalommal, tudva, hogy k\u00e9sz\u00fcl\u00e9ke min\u0151s\u00e9gi alkatr\u00e9sz\u00e9be fektet be. Ha k\u00e9rd\u00e9se van, vagy seg\u00edts\u00e9gre van sz\u00fcks\u00e9ge, ne habozzon kapcsolatba l\u00e9pni vel\u00fcnk. Az\u00e9rt vagyunk itt, hogy seg\u00edts\u00fcnk meg\u0151rizni laptopja funkcionalit\u00e1s\u00e1t \u00e9s tart\u00f3ss\u00e1g\u00e1t.<\/p>\n","protected":false},"excerpt":{"rendered":"<p>Cser\u00e9lje ki a bal h\u00e1ts\u00f3 sarokban l\u00e9v\u0151 k\u00e9perny\u0151keret gumij\u00e1t a Dell Latitude 12 Rugged Extreme 7204-en. Eredeti cserealkatr\u00e9sz a tart\u00f3ss\u00e1g \u00e9s a kompatibilit\u00e1s \u00e9rdek\u00e9ben.<\/p>\n","protected":false},"featured_media":8029,"template":"","meta":[],"product_brand":[],"product_cat":[16],"product_tag":[17],"class_list":{"0":"post-7980","1":"product","2":"type-product","3":"status-publish","4":"has-post-thumbnail","6":"product_cat-laptop-housing","7":"product_tag-dell","9":"first","10":"instock","11":"taxable","12":"shipping-taxable","13":"purchasable","14":"product-type-simple"},"_links":{"self":[{"href":"https:\/\/boreait.com\/hu\/wp-json\/wp\/v2\/product\/7980","targetHints":{"allow":["GET"]}}],"collection":[{"href":"https:\/\/boreait.com\/hu\/wp-json\/wp\/v2\/product"}],"about":[{"href":"https:\/\/boreait.com\/hu\/wp-json\/wp\/v2\/types\/product"}],"wp:featuredmedia":[{"embeddable":true,"href":"https:\/\/boreait.com\/hu\/wp-json\/wp\/v2\/media\/8029"}],"wp:attachment":[{"href":"https:\/\/boreait.com\/hu\/wp-json\/wp\/v2\/media?parent=7980"}],"wp:term":[{"taxonomy":"product_brand","embeddable":true,"href":"https:\/\/boreait.com\/hu\/wp-json\/wp\/v2\/product_brand?post=7980"},{"taxonomy":"product_cat","embeddable":true,"href":"https:\/\/boreait.com\/hu\/wp-json\/wp\/v2\/product_cat?post=7980"},{"taxonomy":"product_tag","embeddable":true,"href":"https:\/\/boreait.com\/hu\/wp-json\/wp\/v2\/product_tag?post=7980"}],"curies":[{"name":"wp","href":"https:\/\/api.w.org\/{rel}","templated":true}]}}