{"id":7978,"date":"2025-09-17T11:59:13","date_gmt":"2025-09-17T09:59:13","guid":{"rendered":"https:\/\/boreait.com\/hu\/?post_type=product&#038;p=7978"},"modified":"2025-09-17T11:59:48","modified_gmt":"2025-09-17T09:59:48","slug":"sarok-kepernyokeret-bal-elso-gumi-a-dell-latitude-12-rugged-extreme-7204-hez","status":"publish","type":"product","link":"https:\/\/boreait.com\/hu\/termek\/sarok-kepernyokeret-bal-elso-gumi-a-dell-latitude-12-rugged-extreme-7204-hez\/","title":{"rendered":"Sarok k\u00e9perny\u0151keret bal els\u0151 gumi a Dell Latitude 12 Rugged Extreme 7204-hez"},"content":{"rendered":"<p>N\u00f6velje Dell Latitude 12 Rugged Extreme 7204 laptopja tart\u00f3ss\u00e1g\u00e1t a csere bal els\u0151 sarok k\u00e9perny\u0151keret gumival. A t\u00f6k\u00e9letes illeszked\u00e9s \u00e9rdek\u00e9ben prec\u00edzen kidolgozott eredeti alkatr\u00e9sz optim\u00e1lis teljes\u00edtm\u00e9nyt \u00e9s hossz\u00fa \u00e9lettartamot biztos\u00edt.<\/p>\n<p>F\u0151bb jellemz\u0151k:<\/p>\n<p>&#8211; Eredeti Dell csere: A kompatibilit\u00e1s \u00e9s a megb\u00edzhat\u00f3s\u00e1g biztos\u00edt\u00e1sa hiteles cserealkatr\u00e9szekkel.<\/p>\n<p>&#8211; K\u00f6nny\u0171 telep\u00edt\u00e9s: K\u00f6nnyed\u00e9n cser\u00e9lje ki a gumit, nincs sz\u00fcks\u00e9g szakmai seg\u00edts\u00e9gre.<\/p>\n<p>&#8211; Fokozott tart\u00f3ss\u00e1g: v\u00e9dje meg laptopja k\u00e9perny\u0151j\u00e9t ezzel a tart\u00f3s gumikerettel.<\/p>\n<p>&#8211; T\u00f6k\u00e9letes illeszked\u00e9s: A z\u00f6kken\u0151mentes integr\u00e1ci\u00f3 \u00e9rdek\u00e9ben kifejezetten a Dell Latitude 12 Rugged Extreme 7204-hez tervezt\u00e9k.<\/p>\n<p>Friss\u00edtse Dell Latitude 12 Rugged Extreme 7204 laptopj\u00e1t m\u00e9g ma az eredeti, bal el\u00fcls\u0151 gumis sarok k\u00e9perny\u0151kerettel. V\u00e1s\u00e1roljon bizalommal, tudva, hogy min\u0151s\u00e9gi cserealkatr\u00e9szekbe fektet be k\u00e9sz\u00fcl\u00e9k\u00e9hez. Ha k\u00e9rd\u00e9se van, vagy seg\u00edts\u00e9gre van sz\u00fcks\u00e9ge, ne habozzon kapcsolatba l\u00e9pni vel\u00fcnk. Az\u00e9rt vagyunk itt, hogy seg\u00edts\u00fcnk laptopja tart\u00f3ss\u00e1g\u00e1nak n\u00f6vel\u00e9s\u00e9ben.<\/p>\n","protected":false},"excerpt":{"rendered":"<p>Cser\u00e9lje ki a bal els\u0151 sarokban l\u00e9v\u0151 k\u00e9perny\u0151keret gumij\u00e1t a Dell Latitude 12 Rugged Extreme 7204 k\u00e9sz\u00fcl\u00e9ken a nagyobb tart\u00f3ss\u00e1g \u00e9rdek\u00e9ben. Eredeti alkatr\u00e9sz a t\u00f6k\u00e9letes illeszked\u00e9s\u00e9rt. Friss\u00edtse laptopj\u00e1t m\u00e9g ma!<\/p>\n","protected":false},"featured_media":8027,"template":"","meta":[],"product_brand":[],"product_cat":[16],"product_tag":[17],"class_list":{"0":"post-7978","1":"product","2":"type-product","3":"status-publish","4":"has-post-thumbnail","6":"product_cat-laptop-housing","7":"product_tag-dell","9":"first","10":"instock","11":"taxable","12":"shipping-taxable","13":"purchasable","14":"product-type-simple"},"_links":{"self":[{"href":"https:\/\/boreait.com\/hu\/wp-json\/wp\/v2\/product\/7978","targetHints":{"allow":["GET"]}}],"collection":[{"href":"https:\/\/boreait.com\/hu\/wp-json\/wp\/v2\/product"}],"about":[{"href":"https:\/\/boreait.com\/hu\/wp-json\/wp\/v2\/types\/product"}],"wp:featuredmedia":[{"embeddable":true,"href":"https:\/\/boreait.com\/hu\/wp-json\/wp\/v2\/media\/8027"}],"wp:attachment":[{"href":"https:\/\/boreait.com\/hu\/wp-json\/wp\/v2\/media?parent=7978"}],"wp:term":[{"taxonomy":"product_brand","embeddable":true,"href":"https:\/\/boreait.com\/hu\/wp-json\/wp\/v2\/product_brand?post=7978"},{"taxonomy":"product_cat","embeddable":true,"href":"https:\/\/boreait.com\/hu\/wp-json\/wp\/v2\/product_cat?post=7978"},{"taxonomy":"product_tag","embeddable":true,"href":"https:\/\/boreait.com\/hu\/wp-json\/wp\/v2\/product_tag?post=7978"}],"curies":[{"name":"wp","href":"https:\/\/api.w.org\/{rel}","templated":true}]}}