{"id":7976,"date":"2025-09-17T11:59:13","date_gmt":"2025-09-17T09:59:13","guid":{"rendered":"https:\/\/boreait.com\/hu\/?post_type=product&#038;p=7976"},"modified":"2025-09-17T11:59:46","modified_gmt":"2025-09-17T09:59:46","slug":"eredeti-dell-latitude-12-rugged-extreme-7204-sarok-hatso-bal-gumicsere","status":"publish","type":"product","link":"https:\/\/boreait.com\/hu\/termek\/eredeti-dell-latitude-12-rugged-extreme-7204-sarok-hatso-bal-gumicsere\/","title":{"rendered":"Eredeti Dell Latitude 12 Rugged Extreme 7204 sarok h\u00e1ts\u00f3 bal gumicsere"},"content":{"rendered":"<p>N\u00f6velje Dell Latitude 12 Rugged Extreme 7204 laptopja tart\u00f3ss\u00e1g\u00e1t az eredeti sarok h\u00e1ts\u00f3 bal gumi cser\u00e9vel. A t\u00f6k\u00e9letes illeszked\u00e9sre tervezett \u00e9s kiv\u00e1l\u00f3 min\u0151s\u00e9g\u0171 anyagokb\u00f3l k\u00e9sz\u00fclt eredeti cserealkatr\u00e9sz fokozott v\u00e9delmet ny\u00fajt az \u00fct\u00e9sekkel szemben, \u00e9s biztos\u00edtja k\u00e9sz\u00fcl\u00e9ke hossz\u00fa \u00e9lettartam\u00e1t.<\/p>\n<p>F\u0151bb jellemz\u0151k:<\/p>\n<p>&#8211; Eredeti Dell csere: A kompatibilit\u00e1s \u00e9s a megb\u00edzhat\u00f3s\u00e1g biztos\u00edt\u00e1sa hiteles cserealkatr\u00e9szekkel.<\/p>\n<p>&#8211; K\u00f6nny\u0171 telep\u00edt\u00e9s: K\u00f6nnyed\u00e9n cser\u00e9lje ki a bal h\u00e1ts\u00f3 sarokgumit az egyszer\u0171 telep\u00edt\u00e9ssel.<\/p>\n<p>&#8211; Fokozott tart\u00f3ss\u00e1g: v\u00e9dje meg eszk\u00f6z\u00e9t az \u00fct\u00e9sekt\u0151l, \u00e9s n\u00f6velje \u00e9lettartam\u00e1t ezzel a tart\u00f3s gumicser\u00e9vel.<\/p>\n<p>Friss\u00edtse Dell Latitude 12 Rugged Extreme 7204 laptopj\u00e1t m\u00e9g ma az eredeti sarok h\u00e1ts\u00f3 bal oldali gumicser\u00e9vel. V\u00e1s\u00e1roljon bizalommal, tudva, hogy min\u0151s\u00e9gi cserealkatr\u00e9szekbe fektet be k\u00e9sz\u00fcl\u00e9k\u00e9hez. Ha k\u00e9rd\u00e9se van, vagy seg\u00edts\u00e9gre van sz\u00fcks\u00e9ge, ne habozzon kapcsolatba l\u00e9pni vel\u00fcnk. Az\u00e9rt vagyunk itt, hogy seg\u00edts\u00fcnk laptopja tart\u00f3ss\u00e1g\u00e1nak n\u00f6vel\u00e9s\u00e9ben.<\/p>\n","protected":false},"excerpt":{"rendered":"<p>Cser\u00e9lje ki Dell Latitude 12 Rugged Extreme 7204 k\u00e9sz\u00fcl\u00e9k\u00e9nek bal h\u00e1ts\u00f3 sarokgumij\u00e1t erre az eredeti cserealkatr\u00e9szre. Biztos\u00edtsa a szoros illeszked\u00e9st, \u00e9s \u00f3vja k\u00e9sz\u00fcl\u00e9k\u00e9t az \u00fct\u00e9sekt\u0151l. N\u00f6velje laptopja tart\u00f3ss\u00e1g\u00e1t m\u00e9g ma!<\/p>\n","protected":false},"featured_media":8025,"template":"","meta":[],"product_brand":[],"product_cat":[16],"product_tag":[17],"class_list":{"0":"post-7976","1":"product","2":"type-product","3":"status-publish","4":"has-post-thumbnail","6":"product_cat-laptop-housing","7":"product_tag-dell","9":"first","10":"instock","11":"taxable","12":"shipping-taxable","13":"purchasable","14":"product-type-simple"},"_links":{"self":[{"href":"https:\/\/boreait.com\/hu\/wp-json\/wp\/v2\/product\/7976","targetHints":{"allow":["GET"]}}],"collection":[{"href":"https:\/\/boreait.com\/hu\/wp-json\/wp\/v2\/product"}],"about":[{"href":"https:\/\/boreait.com\/hu\/wp-json\/wp\/v2\/types\/product"}],"wp:featuredmedia":[{"embeddable":true,"href":"https:\/\/boreait.com\/hu\/wp-json\/wp\/v2\/media\/8025"}],"wp:attachment":[{"href":"https:\/\/boreait.com\/hu\/wp-json\/wp\/v2\/media?parent=7976"}],"wp:term":[{"taxonomy":"product_brand","embeddable":true,"href":"https:\/\/boreait.com\/hu\/wp-json\/wp\/v2\/product_brand?post=7976"},{"taxonomy":"product_cat","embeddable":true,"href":"https:\/\/boreait.com\/hu\/wp-json\/wp\/v2\/product_cat?post=7976"},{"taxonomy":"product_tag","embeddable":true,"href":"https:\/\/boreait.com\/hu\/wp-json\/wp\/v2\/product_tag?post=7976"}],"curies":[{"name":"wp","href":"https:\/\/api.w.org\/{rel}","templated":true}]}}