{"id":7972,"date":"2025-09-17T11:59:12","date_gmt":"2025-09-17T09:59:12","guid":{"rendered":"https:\/\/boreait.com\/hu\/?post_type=product&#038;p=7972"},"modified":"2025-09-17T11:59:44","modified_gmt":"2025-09-17T09:59:44","slug":"eredeti-dell-xps-12-9q33-p205-ketsavos-wifi-bt-vezetek-nelkuli-kartyalap-cn-0kttyn-kttyn","status":"publish","type":"product","link":"https:\/\/boreait.com\/hu\/termek\/eredeti-dell-xps-12-9q33-p205-ketsavos-wifi-bt-vezetek-nelkuli-kartyalap-cn-0kttyn-kttyn\/","title":{"rendered":"Eredeti Dell XPS 12 9Q33 P205 k\u00e9ts\u00e1vos WIFI BT vezet\u00e9k n\u00e9lk\u00fcli k\u00e1rtyalap CN-0KTTYN KTTYN"},"content":{"rendered":"<p>Fokozza Dell XPS 12 9Q33 P205 laptopja vezet\u00e9k n\u00e9lk\u00fcli csatlakoztathat\u00f3s\u00e1g\u00e1t az eredeti Dual Band WIFI BT vezet\u00e9k n\u00e9lk\u00fcli k\u00e1rtyalappal, cikksz\u00e1m: CN-0KTTYN KTTYN. A z\u00f6kken\u0151mentes kompatibilit\u00e1s \u00e9s a megb\u00edzhat\u00f3 teljes\u00edtm\u00e9ny \u00e9rdek\u00e9ben ez az eredeti cserealkatr\u00e9sz egyszer\u0171 telep\u00edt\u00e9st \u00e9s tov\u00e1bbfejlesztett vezet\u00e9k n\u00e9lk\u00fcli k\u00e9pess\u00e9geket biztos\u00edt. Kompatibilis a Dell Rugged 7204-gyel is.<\/p>\n<p>F\u0151bb jellemz\u0151k:<\/p>\n<p>&#8211; Eredeti Dell csere: A kompatibilit\u00e1s \u00e9s a megb\u00edzhat\u00f3s\u00e1g biztos\u00edt\u00e1sa hiteles cserealkatr\u00e9szekkel.<\/p>\n<p>&#8211; K\u00f6nny\u0171 telep\u00edt\u00e9s: Egyszer\u0171 telep\u00edt\u00e9ssel k\u00f6nnyed\u00e9n friss\u00edtheti eszk\u00f6ze vezet\u00e9k n\u00e9lk\u00fcli kapcsolat\u00e1t.<\/p>\n<p>&#8211; K\u00e9ts\u00e1vos WIFI BT: \u00c9lvezze a gyorsabb \u00e9s stabilabb vezet\u00e9k n\u00e9lk\u00fcli kapcsolatot a k\u00e9ts\u00e1vos WIFI \u00e9s Bluetooth technol\u00f3gia seg\u00edts\u00e9g\u00e9vel.<\/p>\n<p>&#8211; Kompatibilit\u00e1s: \u00dagy tervezt\u00e9k, hogy z\u00f6kken\u0151mentesen m\u0171k\u00f6dj\u00f6n a Dell XPS 12 9Q33 P205 laptopmodellel.<\/p>\n<p>&#8211; Megb\u00edzhat\u00f3 teljes\u00edtm\u00e9ny: Tapasztalja meg a jobb vezet\u00e9k n\u00e9lk\u00fcli teljes\u00edtm\u00e9nyt \u00e9s csatlakoz\u00e1st a g\u00f6rd\u00fcl\u00e9kenyebb felhaszn\u00e1l\u00f3i \u00e9lm\u00e9ny \u00e9rdek\u00e9ben.<\/p>\n<p>Friss\u00edtse Dell XPS 12 9Q33 P205 laptopj\u00e1t m\u00e9g ma az eredeti Dual Band WIFI BT vezet\u00e9k n\u00e9lk\u00fcli k\u00e1rtyalappal. V\u00e1s\u00e1roljon bizalommal, tudva, hogy min\u0151s\u00e9gi cserealkatr\u00e9szekbe fektet be k\u00e9sz\u00fcl\u00e9k\u00e9hez. Ha k\u00e9rd\u00e9se van, vagy seg\u00edts\u00e9gre van sz\u00fcks\u00e9ge, ne habozzon kapcsolatba l\u00e9pni vel\u00fcnk. Az\u00e9rt vagyunk itt, hogy seg\u00edts\u00fcnk eszk\u00f6ze vezet\u00e9k n\u00e9lk\u00fcli k\u00e9pess\u00e9geinek fejleszt\u00e9s\u00e9ben.<\/p>\n","protected":false},"excerpt":{"rendered":"<p>B\u0151v\u00edtse Dell XPS 12 9Q33 P205 vezet\u00e9k n\u00e9lk\u00fcli kapcsolat\u00e1t ezzel az eredeti k\u00e9ts\u00e1vos WIFI BT vezet\u00e9k n\u00e9lk\u00fcli k\u00e1rtyalappal. K\u00f6nnyen telep\u00edthet\u0151 \u00e9s kompatibilis a CN-0KTTYN KTTYN cikksz\u00e1mmal. Fokozza eszk\u00f6ze vezet\u00e9k n\u00e9lk\u00fcli k\u00e9pess\u00e9geit m\u00e9g ma!<\/p>\n","protected":false},"featured_media":8021,"template":"","meta":[],"product_brand":[],"product_cat":[27],"product_tag":[17],"class_list":{"0":"post-7972","1":"product","2":"type-product","3":"status-publish","4":"has-post-thumbnail","6":"product_cat-motherboards-board-parts","7":"product_tag-dell","9":"first","10":"instock","11":"taxable","12":"shipping-taxable","13":"purchasable","14":"product-type-simple"},"_links":{"self":[{"href":"https:\/\/boreait.com\/hu\/wp-json\/wp\/v2\/product\/7972","targetHints":{"allow":["GET"]}}],"collection":[{"href":"https:\/\/boreait.com\/hu\/wp-json\/wp\/v2\/product"}],"about":[{"href":"https:\/\/boreait.com\/hu\/wp-json\/wp\/v2\/types\/product"}],"wp:featuredmedia":[{"embeddable":true,"href":"https:\/\/boreait.com\/hu\/wp-json\/wp\/v2\/media\/8021"}],"wp:attachment":[{"href":"https:\/\/boreait.com\/hu\/wp-json\/wp\/v2\/media?parent=7972"}],"wp:term":[{"taxonomy":"product_brand","embeddable":true,"href":"https:\/\/boreait.com\/hu\/wp-json\/wp\/v2\/product_brand?post=7972"},{"taxonomy":"product_cat","embeddable":true,"href":"https:\/\/boreait.com\/hu\/wp-json\/wp\/v2\/product_cat?post=7972"},{"taxonomy":"product_tag","embeddable":true,"href":"https:\/\/boreait.com\/hu\/wp-json\/wp\/v2\/product_tag?post=7972"}],"curies":[{"name":"wp","href":"https:\/\/api.w.org\/{rel}","templated":true}]}}