{"id":7971,"date":"2025-09-17T11:59:12","date_gmt":"2025-09-17T09:59:12","guid":{"rendered":"https:\/\/boreait.com\/hu\/?post_type=product&#038;p=7971"},"modified":"2025-09-17T11:59:43","modified_gmt":"2025-09-17T09:59:43","slug":"eredeti-dell-latitude-e7450-e7250-laptop-mikrofonkartya-mxcrg-0mxcrg-cn-0mxcrg","status":"publish","type":"product","link":"https:\/\/boreait.com\/hu\/termek\/eredeti-dell-latitude-e7450-e7250-laptop-mikrofonkartya-mxcrg-0mxcrg-cn-0mxcrg\/","title":{"rendered":"Eredeti Dell Latitude E7450 E7250 laptop mikrofonk\u00e1rtya MXCRG 0MXCRG CN-0MXCRG"},"content":{"rendered":"<p>Fokozza Dell Latitude E7450 vagy E7250 laptopja audiok\u00e9pess\u00e9geit az eredeti mikrofonk\u00e1rty\u00e1val, cikksz\u00e1ma: MXCRG 0MXCRG CN-0MXCRG. A kompatibilit\u00e1s \u00e9s a megb\u00edzhat\u00f3s\u00e1g jegy\u00e9ben k\u00e9sz\u00fclt, ez az eredeti cserealkatr\u00e9sz tiszta \u00e9s \u00e9les hangteljes\u00edtm\u00e9nyt biztos\u00edt.<\/p>\n<p>F\u0151bb jellemz\u0151k:<\/p>\n<p>&#8211; Eredeti Dell csere: A kompatibilit\u00e1s \u00e9s a megb\u00edzhat\u00f3s\u00e1g biztos\u00edt\u00e1sa hiteles cserealkatr\u00e9szekkel.<\/p>\n<p>&#8211; K\u00f6nny\u0171 telep\u00edt\u00e9s: Egyszer\u0171 telep\u00edt\u00e9ssel k\u00f6nnyed\u00e9n friss\u00edtheti eszk\u00f6ze hangj\u00e1t.<\/p>\n<p>&#8211; Tov\u00e1bbfejlesztett mikrofonfunkci\u00f3k: Jav\u00edtsa laptopja mikrofonk\u00e9pess\u00e9g\u00e9t a jobb hangmin\u0151s\u00e9g \u00e9rdek\u00e9ben.<\/p>\n<p>&#8211; Kompatibilis modellek: kifejezetten a Dell Latitude E7450 \u00e9s E7250 laptopokhoz tervezt\u00e9k.<\/p>\n<p>&#8211; Tart\u00f3s konstrukci\u00f3: Tart\u00f3sra tervezve, amely biztos\u00edtja a hossz\u00fa \u00e9lettartamot \u00e9s a megb\u00edzhat\u00f3s\u00e1got.<\/p>\n<p>Friss\u00edtse Dell Latitude E7450 vagy E7250 laptopj\u00e1t m\u00e9g ma az eredeti mikrofonk\u00e1rty\u00e1val. V\u00e1s\u00e1roljon bizalommal, tudva, hogy min\u0151s\u00e9gi cserealkatr\u00e9szekbe fektet be k\u00e9sz\u00fcl\u00e9k\u00e9hez. Ha k\u00e9rd\u00e9se van, vagy seg\u00edts\u00e9gre van sz\u00fcks\u00e9ge, ne habozzon kapcsolatba l\u00e9pni vel\u00fcnk. Az\u00e9rt vagyunk itt, hogy seg\u00edts\u00fcnk jav\u00edtani eszk\u00f6ze hang\u00e9lm\u00e9ny\u00e9t.<\/p>\n","protected":false},"excerpt":{"rendered":"<p>Fokozza Dell Latitude E7450 vagy E7250 laptopja audiok\u00e9pess\u00e9geit ezzel az eredeti mikrofonk\u00e1rty\u00e1val. K\u00f6nnyen telep\u00edthet\u0151 \u00e9s kompatibilis az MXCRG 0MXCRG CN-0MXCRG cikksz\u00e1mmal. Friss\u00edtse eszk\u00f6ze mikrofonfunkci\u00f3it m\u00e9g ma!<\/p>\n","protected":false},"featured_media":8020,"template":"","meta":[],"product_brand":[],"product_cat":[23],"product_tag":[17],"class_list":{"0":"post-7971","1":"product","2":"type-product","3":"status-publish","4":"has-post-thumbnail","6":"product_cat-laptop-camera","7":"product_tag-dell","9":"first","10":"instock","11":"taxable","12":"shipping-taxable","13":"purchasable","14":"product-type-simple"},"_links":{"self":[{"href":"https:\/\/boreait.com\/hu\/wp-json\/wp\/v2\/product\/7971","targetHints":{"allow":["GET"]}}],"collection":[{"href":"https:\/\/boreait.com\/hu\/wp-json\/wp\/v2\/product"}],"about":[{"href":"https:\/\/boreait.com\/hu\/wp-json\/wp\/v2\/types\/product"}],"wp:featuredmedia":[{"embeddable":true,"href":"https:\/\/boreait.com\/hu\/wp-json\/wp\/v2\/media\/8020"}],"wp:attachment":[{"href":"https:\/\/boreait.com\/hu\/wp-json\/wp\/v2\/media?parent=7971"}],"wp:term":[{"taxonomy":"product_brand","embeddable":true,"href":"https:\/\/boreait.com\/hu\/wp-json\/wp\/v2\/product_brand?post=7971"},{"taxonomy":"product_cat","embeddable":true,"href":"https:\/\/boreait.com\/hu\/wp-json\/wp\/v2\/product_cat?post=7971"},{"taxonomy":"product_tag","embeddable":true,"href":"https:\/\/boreait.com\/hu\/wp-json\/wp\/v2\/product_tag?post=7971"}],"curies":[{"name":"wp","href":"https:\/\/api.w.org\/{rel}","templated":true}]}}