{"id":7954,"date":"2025-09-17T11:58:50","date_gmt":"2025-09-17T09:58:50","guid":{"rendered":"https:\/\/boreait.com\/hu\/?post_type=product&#038;p=7954"},"modified":"2025-09-17T11:59:42","modified_gmt":"2025-09-17T09:59:42","slug":"eredeti-dell-latitude-12-rugged-extreme-7204-kabel-a-bekapcsologombhoz-0801-4kb2e00","status":"publish","type":"product","link":"https:\/\/boreait.com\/hu\/termek\/eredeti-dell-latitude-12-rugged-extreme-7204-kabel-a-bekapcsologombhoz-0801-4kb2e00\/","title":{"rendered":"Eredeti Dell Latitude 12 Rugged Extreme 7204 k\u00e1bel a bekapcsol\u00f3gombhoz 0801-4KB2E00"},"content":{"rendered":"<p>B\u0151v\u00edtse Dell Latitude 12 Rugged Extreme 7204 funkcionalit\u00e1s\u00e1t a 0801-4KB2E00 cikksz\u00e1m\u00fa, eredeti Power Button Board k\u00e1bellel. A tart\u00f3ss\u00e1g \u00e9s a kompatibilit\u00e1s jegy\u00e9ben k\u00e9sz\u00fclt, ez az eredeti cserealkatr\u00e9sz megb\u00edzhat\u00f3 teljes\u00edtm\u00e9nyt \u00e9s egyszer\u0171 telep\u00edt\u00e9st biztos\u00edt.<\/p>\n<p>F\u0151bb jellemz\u0151k:<\/p>\n<p>&#8211; Eredeti Dell csere: A kompatibilit\u00e1s \u00e9s a megb\u00edzhat\u00f3s\u00e1g biztos\u00edt\u00e1sa hiteles cserealkatr\u00e9szekkel.<\/p>\n<p>&#8211; K\u00f6nny\u0171 telep\u00edt\u00e9s: Egyszer\u0171 telep\u00edt\u00e9ssel k\u00f6nnyed\u00e9n friss\u00edtheti eszk\u00f6z\u00e9t.<\/p>\n<p>&#8211; Tov\u00e1bbfejlesztett funkcionalit\u00e1s: Ezzel az alapvet\u0151 k\u00e1bellel jav\u00edthatja a Dell Latitude 12 Rugged Extreme 7204 funkcionalit\u00e1s\u00e1t.<\/p>\n<p>&#8211; Tart\u00f3s konstrukci\u00f3: \u00dagy tervezt\u00e9k, hogy ellen\u00e1lljon a massz\u00edv haszn\u00e1latnak, \u00edgy biztos\u00edtva a hossz\u00fa \u00e9lettartamot \u00e9s a megb\u00edzhat\u00f3s\u00e1got.<\/p>\n<p>Friss\u00edtse Dell Latitude 12 Rugged Extreme 7204 k\u00e9sz\u00fcl\u00e9k\u00e9t m\u00e9g ma az eredeti t\u00e1pk\u00e1bellel a bekapcsol\u00f3gombhoz. V\u00e1s\u00e1roljon bizalommal, tudva, hogy min\u0151s\u00e9gi cserealkatr\u00e9szekbe fektet be k\u00e9sz\u00fcl\u00e9k\u00e9hez. Ha k\u00e9rd\u00e9se van, vagy seg\u00edts\u00e9gre van sz\u00fcks\u00e9ge, ne habozzon kapcsolatba l\u00e9pni vel\u00fcnk. Az\u00e9rt vagyunk itt, hogy seg\u00edts\u00fcnk eszk\u00f6ze funkcionalit\u00e1s\u00e1nak jav\u00edt\u00e1s\u00e1ban.<\/p>\n","protected":false},"excerpt":{"rendered":"<p>Fokozza Dell Latitude 12 Rugged Extreme 7204 funkcionalit\u00e1s\u00e1t ezzel az eredeti k\u00e1bellel a bekapcsol\u00f3gomb panelhez. K\u00f6nnyen telep\u00edthet\u0151 \u00e9s kompatibilis a 0801-4KB2E00 cikksz\u00e1mmal. Friss\u00edtse k\u00e9sz\u00fcl\u00e9k\u00e9t m\u00e9g ma!<\/p>\n","protected":false},"featured_media":8019,"template":"","meta":[],"product_brand":[],"product_cat":[27],"product_tag":[17],"class_list":{"0":"post-7954","1":"product","2":"type-product","3":"status-publish","4":"has-post-thumbnail","6":"product_cat-motherboards-board-parts","7":"product_tag-dell","9":"first","10":"instock","11":"taxable","12":"shipping-taxable","13":"purchasable","14":"product-type-simple"},"_links":{"self":[{"href":"https:\/\/boreait.com\/hu\/wp-json\/wp\/v2\/product\/7954","targetHints":{"allow":["GET"]}}],"collection":[{"href":"https:\/\/boreait.com\/hu\/wp-json\/wp\/v2\/product"}],"about":[{"href":"https:\/\/boreait.com\/hu\/wp-json\/wp\/v2\/types\/product"}],"wp:featuredmedia":[{"embeddable":true,"href":"https:\/\/boreait.com\/hu\/wp-json\/wp\/v2\/media\/8019"}],"wp:attachment":[{"href":"https:\/\/boreait.com\/hu\/wp-json\/wp\/v2\/media?parent=7954"}],"wp:term":[{"taxonomy":"product_brand","embeddable":true,"href":"https:\/\/boreait.com\/hu\/wp-json\/wp\/v2\/product_brand?post=7954"},{"taxonomy":"product_cat","embeddable":true,"href":"https:\/\/boreait.com\/hu\/wp-json\/wp\/v2\/product_cat?post=7954"},{"taxonomy":"product_tag","embeddable":true,"href":"https:\/\/boreait.com\/hu\/wp-json\/wp\/v2\/product_tag?post=7954"}],"curies":[{"name":"wp","href":"https:\/\/api.w.org\/{rel}","templated":true}]}}