{"id":7944,"date":"2025-09-17T11:58:49","date_gmt":"2025-09-17T09:58:49","guid":{"rendered":"https:\/\/boreait.com\/hu\/?post_type=product&#038;p=7944"},"modified":"2026-01-27T10:54:23","modified_gmt":"2026-01-27T09:54:23","slug":"eredeti-dell-latitude-7204-strapabiro-smart-card-kartya-g0t8h-0g0t8h-cn-0g0t8h","status":"publish","type":"product","link":"https:\/\/boreait.com\/hu\/termek\/eredeti-dell-latitude-7204-strapabiro-smart-card-kartya-g0t8h-0g0t8h-cn-0g0t8h\/","title":{"rendered":"Eredeti Dell Latitude 7204 strapab\u00edr\u00f3 Smart Card k\u00e1rtya G0T8H 0G0T8H CN-0G0T8H"},"content":{"rendered":"<p>N\u00f6velje Dell Latitude 7204 Rugged laptopja biztons\u00e1gi funkci\u00f3it a G0T8H 0G0T8H CN-0G0T8H cikksz\u00e1m\u00fa eredeti Smart Card Board k\u00e1rty\u00e1val. A tart\u00f3ss\u00e1g \u00e9s a kompatibilit\u00e1s jegy\u00e9ben k\u00e9sz\u00fclt, ez az eredeti cserealkatr\u00e9sz megb\u00edzhat\u00f3 teljes\u00edtm\u00e9nyt \u00e9s egyszer\u0171 telep\u00edt\u00e9st biztos\u00edt.<\/p>\n<p>F\u0151bb jellemz\u0151k:<\/p>\n<p>&#8211; Eredeti Dell csere: A kompatibilit\u00e1s \u00e9s a megb\u00edzhat\u00f3s\u00e1g biztos\u00edt\u00e1sa hiteles cserealkatr\u00e9szekkel.<\/p>\n<p>&#8211; K\u00f6nny\u0171 telep\u00edt\u00e9s: Egyszer\u0171 telep\u00edt\u00e9ssel k\u00f6nnyed\u00e9n friss\u00edtheti eszk\u00f6ze biztons\u00e1gi funkci\u00f3it.<\/p>\n<p>&#8211; Fokozott biztons\u00e1g: Intelligens k\u00e1rtya funkci\u00f3kkal b\u0151v\u00edtheti laptopj\u00e1t a jobb biztons\u00e1gi int\u00e9zked\u00e9sek \u00e9rdek\u00e9ben.<\/p>\n<p>&#8211; Tart\u00f3s konstrukci\u00f3: \u00dagy tervezt\u00e9k, hogy ellen\u00e1lljon a massz\u00edv haszn\u00e1latnak, \u00edgy biztos\u00edtva a hossz\u00fa \u00e9lettartamot \u00e9s a megb\u00edzhat\u00f3s\u00e1got.<\/p>\n<p>Friss\u00edtse Dell Latitude 7204 Rugged laptopj\u00e1t m\u00e9g ma az eredeti Smart Card Board seg\u00edts\u00e9g\u00e9vel. V\u00e1s\u00e1roljon bizalommal, tudva, hogy min\u0151s\u00e9gi cserealkatr\u00e9szekbe fektet be k\u00e9sz\u00fcl\u00e9k\u00e9hez. Ha k\u00e9rd\u00e9se van, vagy seg\u00edts\u00e9gre van sz\u00fcks\u00e9ge, ne habozzon kapcsolatba l\u00e9pni vel\u00fcnk. Az\u00e9rt vagyunk itt, hogy seg\u00edts\u00fcnk eszk\u00f6ze biztons\u00e1g\u00e1nak n\u00f6vel\u00e9s\u00e9ben.<\/p>\n","protected":false},"excerpt":{"rendered":"<p>Friss\u00edtse Dell Latitude 7204 Rugged k\u00e9sz\u00fcl\u00e9k\u00e9t ezzel az eredeti Smart Card k\u00e1rty\u00e1val. K\u00f6nnyen telep\u00edthet\u0151 \u00e9s kompatibilis a G0T8H 0G0T8H CN-0G0T8H cikksz\u00e1mmal. Fokozza eszk\u00f6ze biztons\u00e1gi funkci\u00f3it m\u00e9g ma!<\/p>\n","protected":false},"featured_media":7995,"template":"","meta":[],"product_brand":[],"product_cat":[27],"product_tag":[17],"class_list":{"0":"post-7944","1":"product","2":"type-product","3":"status-publish","4":"has-post-thumbnail","6":"product_cat-motherboards-board-parts","7":"product_tag-dell","9":"first","10":"instock","11":"taxable","12":"shipping-taxable","13":"purchasable","14":"product-type-simple"},"_links":{"self":[{"href":"https:\/\/boreait.com\/hu\/wp-json\/wp\/v2\/product\/7944","targetHints":{"allow":["GET"]}}],"collection":[{"href":"https:\/\/boreait.com\/hu\/wp-json\/wp\/v2\/product"}],"about":[{"href":"https:\/\/boreait.com\/hu\/wp-json\/wp\/v2\/types\/product"}],"wp:featuredmedia":[{"embeddable":true,"href":"https:\/\/boreait.com\/hu\/wp-json\/wp\/v2\/media\/7995"}],"wp:attachment":[{"href":"https:\/\/boreait.com\/hu\/wp-json\/wp\/v2\/media?parent=7944"}],"wp:term":[{"taxonomy":"product_brand","embeddable":true,"href":"https:\/\/boreait.com\/hu\/wp-json\/wp\/v2\/product_brand?post=7944"},{"taxonomy":"product_cat","embeddable":true,"href":"https:\/\/boreait.com\/hu\/wp-json\/wp\/v2\/product_cat?post=7944"},{"taxonomy":"product_tag","embeddable":true,"href":"https:\/\/boreait.com\/hu\/wp-json\/wp\/v2\/product_tag?post=7944"}],"curies":[{"name":"wp","href":"https:\/\/api.w.org\/{rel}","templated":true}]}}