{"id":7941,"date":"2025-09-17T11:58:48","date_gmt":"2025-09-17T09:58:48","guid":{"rendered":"https:\/\/boreait.com\/hu\/?post_type=product&#038;p=7941"},"modified":"2025-09-17T11:59:23","modified_gmt":"2025-09-17T09:59:23","slug":"latitude-12-rugged-extreme-7204-lcd-hatlap-felso-kepernyo-fedel-014vtt-14vtt","status":"publish","type":"product","link":"https:\/\/boreait.com\/hu\/termek\/latitude-12-rugged-extreme-7204-lcd-hatlap-felso-kepernyo-fedel-014vtt-14vtt\/","title":{"rendered":"Latitude 12 Rugged Extreme 7204 LCD h\u00e1tlap fels\u0151 k\u00e9perny\u0151 fed\u00e9l 014VTT 14VTT"},"content":{"rendered":"<p>N\u00f6velje Dell Latitude 12 Rugged 7204 laptopja tart\u00f3ss\u00e1g\u00e1t \u00e9s megjelen\u00e9s\u00e9t az eredeti LCD h\u00e1tlappal, amely kompatibilis a 14VTT \u00e9s 014VTT cikksz\u00e1mokkal. Ez a prec\u00edzen \u00e9s megb\u00edzhat\u00f3an megalkotott hiteles cserealkatr\u00e9sz nemcsak laptopja megjelen\u00e9s\u00e9t jav\u00edtja, hanem az LCD-k\u00e9perny\u0151 v\u00e9delm\u00e9t is biztos\u00edtja. Cikksz\u00e1m: 014VTT.<\/p>\n<p>F\u0151bb jellemz\u0151k:<\/p>\n<ul>\n<li>Eredeti Dell csere: A kompatibilit\u00e1s \u00e9s a megb\u00edzhat\u00f3s\u00e1g biztos\u00edt\u00e1sa hiteles cserealkatr\u00e9szekkel.<\/li>\n<li>Egyszer\u0171 telep\u00edt\u00e9s: Egyszer\u0171 telep\u00edt\u00e9ssel k\u00f6nnyed\u00e9n friss\u00edtheti laptopja megjelen\u00e9s\u00e9t, nincs sz\u00fcks\u00e9g szakmai seg\u00edts\u00e9gre.<\/li>\n<li>Tov\u00e1bbi tart\u00f3ss\u00e1g: Ezzel a robusztus h\u00e1tlappal \u00f3vja meg az LCD-k\u00e9perny\u0151t a karcol\u00e1sokt\u00f3l, a port\u00f3l \u00e9s az esetleges s\u00e9r\u00fcl\u00e9sekt\u0151l.<\/li>\n<\/ul>\n<p>N\u00f6velje laptopja teljes\u00edtm\u00e9ny\u00e9t: Tapasztalja meg a jobb tart\u00f3ss\u00e1got \u00e9s funkcionalit\u00e1st laptopja megjelen\u00e9s\u00e9nek jav\u00edt\u00e1s\u00e1val \u00e9s LCD-k\u00e9perny\u0151j\u00e9nek v\u00e9delm\u00e9vel.<\/p>\n<p>Egyszer\u0171 telep\u00edt\u00e9s: Egyszer\u0171 telep\u00edt\u00e9ssel k\u00f6nnyed\u00e9n friss\u00edtheti laptopja megjelen\u00e9s\u00e9t, nincs sz\u00fcks\u00e9g szakmai seg\u00edts\u00e9gre.<\/p>\n<p>Min\u0151s\u00e9gbiztos\u00edt\u00e1s: Biztos lehet benne, hogy egy kiv\u00e1l\u00f3 min\u0151s\u00e9g\u0171, eredeti Dell cserealkatr\u00e9szbe fektet be, amelyet a megb\u00edzhat\u00f3s\u00e1g \u00e9s a hossz\u00fa \u00e9lettartam \u00e9rdek\u00e9ben terveztek.<\/p>\n<p>K\u00e9rj\u00fck, vegye figyelembe, hogy b\u00e1r a r\u00e9szletes telep\u00edt\u00e9si utas\u00edt\u00e1sokat nem adjuk meg, nyugodtan forduljon hozz\u00e1nk, ha k\u00e9rd\u00e9se van, vagy seg\u00edts\u00e9gre van sz\u00fcks\u00e9ge. A list\u00e1n szerepl\u0151 val\u00f3di term\u00e9kfot\u00f3k pontosan le\u00edrj\u00e1k, hogy mit fog kapni, t\u00fckr\u00f6zve az \u00e1tl\u00e1that\u00f3s\u00e1g \u00e9s az \u00fcgyfelek el\u00e9gedetts\u00e9ge ir\u00e1nti elk\u00f6telezetts\u00e9g\u00fcnket.<\/p>\n<p>Friss\u00edtse Dell Latitude 12 Rugged 7204 laptopj\u00e1t m\u00e9g ma az eredeti LCD h\u00e1tlappal. V\u00e1s\u00e1roljon bizalommal, tudva, hogy laptopja min\u0151s\u00e9gi cserealkatr\u00e9sz\u00e9be fektet be. Ha k\u00e9rd\u00e9se van, vagy tov\u00e1bbi seg\u00edts\u00e9gre van sz\u00fcks\u00e9ge, ne habozzon kapcsolatba l\u00e9pni vel\u00fcnk. Az\u00e9rt vagyunk itt, hogy seg\u00edts\u00fcnk k\u00e9sz\u00fcl\u00e9ke tart\u00f3ss\u00e1g\u00e1nak \u00e9s megjelen\u00e9s\u00e9nek jav\u00edt\u00e1s\u00e1ban.<\/p>\n","protected":false},"excerpt":{"rendered":"<p>Friss\u00edtse Dell Latitude 12 Rugged 7204 laptopj\u00e1t ezzel az eredeti LCD h\u00e1tlappal. K\u00f6nnyen telep\u00edthet\u0151 \u00e9s kompatibilis a 14VTT \u00e9s 014VTT cikksz\u00e1mokkal. N\u00f6velje k\u00e9sz\u00fcl\u00e9ke tart\u00f3ss\u00e1g\u00e1t \u00e9s megjelen\u00e9s\u00e9t m\u00e9g ma!<\/p>\n","protected":false},"featured_media":7989,"template":"","meta":[],"product_brand":[],"product_cat":[16],"product_tag":[17],"class_list":{"0":"post-7941","1":"product","2":"type-product","3":"status-publish","4":"has-post-thumbnail","6":"product_cat-laptop-housing","7":"product_tag-dell","9":"first","10":"instock","11":"taxable","12":"shipping-taxable","13":"purchasable","14":"product-type-simple"},"_links":{"self":[{"href":"https:\/\/boreait.com\/hu\/wp-json\/wp\/v2\/product\/7941","targetHints":{"allow":["GET"]}}],"collection":[{"href":"https:\/\/boreait.com\/hu\/wp-json\/wp\/v2\/product"}],"about":[{"href":"https:\/\/boreait.com\/hu\/wp-json\/wp\/v2\/types\/product"}],"wp:featuredmedia":[{"embeddable":true,"href":"https:\/\/boreait.com\/hu\/wp-json\/wp\/v2\/media\/7989"}],"wp:attachment":[{"href":"https:\/\/boreait.com\/hu\/wp-json\/wp\/v2\/media?parent=7941"}],"wp:term":[{"taxonomy":"product_brand","embeddable":true,"href":"https:\/\/boreait.com\/hu\/wp-json\/wp\/v2\/product_brand?post=7941"},{"taxonomy":"product_cat","embeddable":true,"href":"https:\/\/boreait.com\/hu\/wp-json\/wp\/v2\/product_cat?post=7941"},{"taxonomy":"product_tag","embeddable":true,"href":"https:\/\/boreait.com\/hu\/wp-json\/wp\/v2\/product_tag?post=7941"}],"curies":[{"name":"wp","href":"https:\/\/api.w.org\/{rel}","templated":true}]}}