{"id":7911,"date":"2025-09-17T11:58:26","date_gmt":"2025-09-17T09:58:26","guid":{"rendered":"https:\/\/boreait.com\/hu\/?post_type=product&#038;p=7911"},"modified":"2025-09-17T11:59:11","modified_gmt":"2025-09-17T09:59:11","slug":"dell-oem-latitude-12-robusztus-erintopad-csuklotamasz-40m4v-040m4v","status":"publish","type":"product","link":"https:\/\/boreait.com\/hu\/termek\/dell-oem-latitude-12-robusztus-erintopad-csuklotamasz-40m4v-040m4v\/","title":{"rendered":"Dell OEM Latitude 12 robusztus \u00e9rint\u0151pad csukl\u00f3t\u00e1masz 40M4V 040M4V"},"content":{"rendered":"<p>N\u00f6velje Dell Latitude 12 Rugged funkcionalit\u00e1s\u00e1t \u00e9s megjelen\u00e9s\u00e9t az \u00faj OEM Touchpad csukl\u00f3t\u00e1masz 40M4V seg\u00edts\u00e9g\u00e9vel. A prec\u00edzen megalkotott \u00e9s kifejezetten az \u00d6n k\u00e9sz\u00fcl\u00e9k\u00e9hez tervezett eredeti cserealkatr\u00e9sz z\u00f6kken\u0151mentes integr\u00e1ci\u00f3t \u00e9s optim\u00e1lis teljes\u00edtm\u00e9nyt biztos\u00edt.<\/p>\n<p>F\u0151bb jellemz\u0151k:<\/p>\n<ul>\n<li>Eredeti Dell csere: Biztos\u00edtsa a kompatibilit\u00e1st \u00e9s a megb\u00edzhat\u00f3s\u00e1got az eredeti OEM cserealkatr\u00e9szekkel.<\/li>\n<li>Egyszer\u0171 telep\u00edt\u00e9s: Egyszer\u0171 telep\u00edt\u00e9ssel k\u00f6nnyed\u00e9n friss\u00edtheti eszk\u00f6z\u00e9t, nincs sz\u00fcks\u00e9g szakmai seg\u00edts\u00e9gre.<\/li>\n<li>Tov\u00e1bbfejlesztett funkcionalit\u00e1s: \u00c9lvezze a tov\u00e1bbfejlesztett navig\u00e1ci\u00f3t \u00e9s vez\u00e9rl\u00e9st az integr\u00e1lt \u00e9rint\u0151paddal.<\/li>\n<li>Tov\u00e1bbfejlesztett eszt\u00e9tika: Fokozza Dell Latitude 12 Rugged megjelen\u00e9s\u00e9t ezzel az eleg\u00e1ns \u00e9rint\u0151pad csukl\u00f3t\u00e1maszsal.<\/li>\n<\/ul>\n<p>Friss\u00edtse Dell Latitude 12 Rugged k\u00e9sz\u00fcl\u00e9k\u00e9t m\u00e9g ma az \u00faj OEM Touchpad csukl\u00f3t\u00e1masz 40M4V seg\u00edts\u00e9g\u00e9vel. V\u00e1s\u00e1roljon bizalommal, tudva, hogy min\u0151s\u00e9gi cserealkatr\u00e9szekbe fektet be k\u00e9sz\u00fcl\u00e9k\u00e9hez. Ha k\u00e9rd\u00e9se van, vagy tov\u00e1bbi seg\u00edts\u00e9gre van sz\u00fcks\u00e9ge, ne habozzon kapcsolatba l\u00e9pni vel\u00fcnk. Az\u00e9rt vagyunk itt, hogy seg\u00edts\u00fcnk eszk\u00f6ze funkcionalit\u00e1s\u00e1nak \u00e9s eszt\u00e9tik\u00e1j\u00e1nak jav\u00edt\u00e1s\u00e1ban.<\/p>\n","protected":false},"excerpt":{"rendered":"<p>Friss\u00edtse Dell Latitude 12 Rugged k\u00e9sz\u00fcl\u00e9k\u00e9t ezzel az \u00faj OEM \u00e9rint\u0151pad csukl\u00f3t\u00e1masz 40M4V seg\u00edts\u00e9g\u00e9vel. Fokozza eszk\u00f6ze funkcionalit\u00e1s\u00e1t \u00e9s eszt\u00e9tik\u00e1j\u00e1t k\u00f6nnyed\u00e9n!<\/p>\n","protected":false},"featured_media":7969,"template":"","meta":[],"product_brand":[],"product_cat":[16],"product_tag":[17],"class_list":{"0":"post-7911","1":"product","2":"type-product","3":"status-publish","4":"has-post-thumbnail","6":"product_cat-laptop-housing","7":"product_tag-dell","9":"first","10":"instock","11":"taxable","12":"shipping-taxable","13":"purchasable","14":"product-type-simple"},"_links":{"self":[{"href":"https:\/\/boreait.com\/hu\/wp-json\/wp\/v2\/product\/7911","targetHints":{"allow":["GET"]}}],"collection":[{"href":"https:\/\/boreait.com\/hu\/wp-json\/wp\/v2\/product"}],"about":[{"href":"https:\/\/boreait.com\/hu\/wp-json\/wp\/v2\/types\/product"}],"wp:featuredmedia":[{"embeddable":true,"href":"https:\/\/boreait.com\/hu\/wp-json\/wp\/v2\/media\/7969"}],"wp:attachment":[{"href":"https:\/\/boreait.com\/hu\/wp-json\/wp\/v2\/media?parent=7911"}],"wp:term":[{"taxonomy":"product_brand","embeddable":true,"href":"https:\/\/boreait.com\/hu\/wp-json\/wp\/v2\/product_brand?post=7911"},{"taxonomy":"product_cat","embeddable":true,"href":"https:\/\/boreait.com\/hu\/wp-json\/wp\/v2\/product_cat?post=7911"},{"taxonomy":"product_tag","embeddable":true,"href":"https:\/\/boreait.com\/hu\/wp-json\/wp\/v2\/product_tag?post=7911"}],"curies":[{"name":"wp","href":"https:\/\/api.w.org\/{rel}","templated":true}]}}