{"id":7909,"date":"2025-09-17T11:58:26","date_gmt":"2025-09-17T09:58:26","guid":{"rendered":"https:\/\/boreait.com\/hu\/?post_type=product&#038;p=7909"},"modified":"2026-01-27T10:53:52","modified_gmt":"2026-01-27T09:53:52","slug":"eredeti-hp-compaq-nx9420-8710w-usb-kabel-ial80-dc02000c600","status":"publish","type":"product","link":"https:\/\/boreait.com\/hu\/termek\/eredeti-hp-compaq-nx9420-8710w-usb-kabel-ial80-dc02000c600\/","title":{"rendered":"Eredeti HP Compaq NX9420 8710W USB-k\u00e1bel IAL80 DC02000C600"},"content":{"rendered":"<p>N\u00f6velje HP Compaq NX9420 vagy 8710 W-os laptopja csatlakoztathat\u00f3s\u00e1g\u00e1t az eredeti IAL80 DC02000C600 USB-k\u00e1bellel. Ez a prec\u00edz \u00e9s megb\u00edzhat\u00f3 cserealkatr\u00e9sz z\u00f6kken\u0151mentes csatlakoz\u00e1st biztos\u00edt a k\u00e9sz\u00fcl\u00e9khez.<\/p>\n<p>F\u0151bb jellemz\u0151k:<\/p>\n<ul>\n<li>Eredeti HP csere: Biztos\u00edtsa a kompatibilit\u00e1st \u00e9s a megb\u00edzhat\u00f3s\u00e1got az eredeti cserealkatr\u00e9szekkel.<\/li>\n<li>Egyszer\u0171 telep\u00edt\u00e9s: Egyszer\u0171 telep\u00edt\u00e9ssel k\u00f6nnyed\u00e9n friss\u00edtheti laptopja csatlakoztathat\u00f3s\u00e1g\u00e1t, nincs sz\u00fcks\u00e9g szakmai seg\u00edts\u00e9gre.<\/li>\n<li>Tov\u00e1bbfejlesztett csatlakoztathat\u00f3s\u00e1g: \u00c9lvezze a megb\u00edzhat\u00f3 USB-kapcsolatot HP Compaq NX9420 vagy 8710 W-os laptopj\u00e1hoz.<\/li>\n<li>Kompatibilis modellek: kifejezetten a HP Compaq NX9420 \u00e9s 8710W modellekkel val\u00f3 haszn\u00e1latra tervezt\u00e9k.<\/li>\n<\/ul>\n<p>Friss\u00edtse HP Compaq NX9420 vagy 8710 W laptopj\u00e1t m\u00e9g ma az eredeti IAL80 DC02000C600 USB-k\u00e1bellel. V\u00e1s\u00e1roljon bizalommal, tudva, hogy laptopja min\u0151s\u00e9gi cserealkatr\u00e9sz\u00e9be fektet be. Ha k\u00e9rd\u00e9se van, vagy tov\u00e1bbi seg\u00edts\u00e9gre van sz\u00fcks\u00e9ge, ne habozzon kapcsolatba l\u00e9pni vel\u00fcnk. Az\u00e9rt vagyunk itt, hogy seg\u00edts\u00fcnk eszk\u00f6ze csatlakoztathat\u00f3s\u00e1g\u00e1nak jav\u00edt\u00e1s\u00e1ban.<\/p>\n","protected":false},"excerpt":{"rendered":"<p>Friss\u00edtse HP Compaq NX9420 vagy 8710W k\u00e9sz\u00fcl\u00e9k\u00e9t ezzel az eredeti IAL80 DC02000C600 USB-k\u00e1bellel. T\u00f6k\u00e9letes a s\u00e9r\u00fclt vagy hib\u00e1s k\u00e1bel cser\u00e9j\u00e9hez. Fokozza laptopja csatlakoztathat\u00f3s\u00e1g\u00e1t m\u00e9g ma!<\/p>\n","protected":false},"featured_media":7966,"template":"","meta":[],"product_brand":[],"product_cat":[20],"product_tag":[25],"class_list":{"0":"post-7909","1":"product","2":"type-product","3":"status-publish","4":"has-post-thumbnail","6":"product_cat-cables","7":"product_tag-hp","9":"first","10":"instock","11":"taxable","12":"shipping-taxable","13":"purchasable","14":"product-type-simple"},"_links":{"self":[{"href":"https:\/\/boreait.com\/hu\/wp-json\/wp\/v2\/product\/7909","targetHints":{"allow":["GET"]}}],"collection":[{"href":"https:\/\/boreait.com\/hu\/wp-json\/wp\/v2\/product"}],"about":[{"href":"https:\/\/boreait.com\/hu\/wp-json\/wp\/v2\/types\/product"}],"wp:featuredmedia":[{"embeddable":true,"href":"https:\/\/boreait.com\/hu\/wp-json\/wp\/v2\/media\/7966"}],"wp:attachment":[{"href":"https:\/\/boreait.com\/hu\/wp-json\/wp\/v2\/media?parent=7909"}],"wp:term":[{"taxonomy":"product_brand","embeddable":true,"href":"https:\/\/boreait.com\/hu\/wp-json\/wp\/v2\/product_brand?post=7909"},{"taxonomy":"product_cat","embeddable":true,"href":"https:\/\/boreait.com\/hu\/wp-json\/wp\/v2\/product_cat?post=7909"},{"taxonomy":"product_tag","embeddable":true,"href":"https:\/\/boreait.com\/hu\/wp-json\/wp\/v2\/product_tag?post=7909"}],"curies":[{"name":"wp","href":"https:\/\/api.w.org\/{rel}","templated":true}]}}