{"id":7908,"date":"2025-09-17T11:58:26","date_gmt":"2025-09-17T09:58:26","guid":{"rendered":"https:\/\/boreait.com\/hu\/?post_type=product&#038;p=7908"},"modified":"2026-01-27T10:53:38","modified_gmt":"2026-01-27T09:53:38","slug":"lcd-kabel-lenovo-ideapad-s145-14iwl-14ast-15i4w-dc0200900-csere","status":"publish","type":"product","link":"https:\/\/boreait.com\/hu\/termek\/lcd-kabel-lenovo-ideapad-s145-14iwl-14ast-15i4w-dc0200900-csere\/","title":{"rendered":"LCD k\u00e1bel LENOVO IdeaPad S145-14iwl-14AST-15I4W DC0200900 csere"},"content":{"rendered":"<p>N\u00f6velje LENOVO IdeaPad S145 laptopja kijelz\u0151kapcsolat\u00e1t a DC0200900 t\u00edpus\u00fa LCD-k\u00e1bellel. A pontoss\u00e1g \u00e9s a kompatibilit\u00e1s szem el\u0151tt tart\u00e1s\u00e1val k\u00e9sz\u00fclt ez a cserek\u00e1bel, amely z\u00f6kken\u0151mentes teljes\u00edtm\u00e9nyt biztos\u00edt laptopja kijelz\u0151j\u00e9nek.<\/p>\n<p>F\u0151bb jellemz\u0151k:<\/p>\n<ul>\n<li>Kompatibilit\u00e1s: A LENOVO IdeaPad S145 S145-14iwl, 14AST \u00e9s 15I4W modellekhez tervezve.<\/li>\n<li>Megb\u00edzhat\u00f3 kapcsolat: Gondoskodjon a z\u00f6kken\u0151mentes kijelz\u0151kapcsolatr\u00f3l a zavartalan teljes\u00edtm\u00e9ny \u00e9rdek\u00e9ben.<\/li>\n<li>K\u00f6nny\u0171 telep\u00edt\u00e9s: Egyszer\u0171 telep\u00edt\u00e9ssel k\u00f6nnyed\u00e9n friss\u00edtheti laptopja kijelz\u0151csatlakoz\u00e1s\u00e1t.<\/li>\n<li>Min\u0151s\u00e9gbiztos\u00edt\u00e1s: Biztos lehet benne, hogy a kiv\u00e1l\u00f3 min\u0151s\u00e9g\u0171 cserek\u00e1belt a megb\u00edzhat\u00f3s\u00e1g \u00e9s a hossz\u00fa \u00e9lettartam \u00e9rdek\u00e9ben tervezt\u00e9k.<\/li>\n<\/ul>\n<p>Friss\u00edtse LENOVO IdeaPad S145 laptopj\u00e1t m\u00e9g ma az LCD-k\u00e1bellel. V\u00e1s\u00e1roljon bizalommal, tudva, hogy min\u0151s\u00e9gi cserealkatr\u00e9szekbe fektet be k\u00e9sz\u00fcl\u00e9k\u00e9hez. Ha k\u00e9rd\u00e9se van, vagy tov\u00e1bbi seg\u00edts\u00e9gre van sz\u00fcks\u00e9ge, ne habozzon kapcsolatba l\u00e9pni vel\u00fcnk. Az\u00e9rt vagyunk itt, hogy seg\u00edts\u00fcnk laptopja teljes\u00edtm\u00e9ny\u00e9nek \u00e9s funkcionalit\u00e1s\u00e1nak jav\u00edt\u00e1s\u00e1ban.<\/p>\n","protected":false},"excerpt":{"rendered":"<p>Friss\u00edtse LENOVO IdeaPad S145 k\u00e9sz\u00fcl\u00e9k\u00e9t ezzel az LCD-k\u00e1bellel. Kompatibilis az S145-14iwl, 14AST \u00e9s 15I4W modellekkel. Gondoskodjon a z\u00f6kken\u0151mentes megjelen\u00edt\u00e9sr\u0151l \u00e9s a teljes\u00edtm\u00e9nyr\u0151l.<\/p>\n","protected":false},"featured_media":7965,"template":"","meta":[],"product_brand":[],"product_cat":[20],"product_tag":[26],"class_list":{"0":"post-7908","1":"product","2":"type-product","3":"status-publish","4":"has-post-thumbnail","6":"product_cat-cables","7":"product_tag-lenovo","9":"first","10":"instock","11":"taxable","12":"shipping-taxable","13":"purchasable","14":"product-type-simple"},"_links":{"self":[{"href":"https:\/\/boreait.com\/hu\/wp-json\/wp\/v2\/product\/7908","targetHints":{"allow":["GET"]}}],"collection":[{"href":"https:\/\/boreait.com\/hu\/wp-json\/wp\/v2\/product"}],"about":[{"href":"https:\/\/boreait.com\/hu\/wp-json\/wp\/v2\/types\/product"}],"wp:featuredmedia":[{"embeddable":true,"href":"https:\/\/boreait.com\/hu\/wp-json\/wp\/v2\/media\/7965"}],"wp:attachment":[{"href":"https:\/\/boreait.com\/hu\/wp-json\/wp\/v2\/media?parent=7908"}],"wp:term":[{"taxonomy":"product_brand","embeddable":true,"href":"https:\/\/boreait.com\/hu\/wp-json\/wp\/v2\/product_brand?post=7908"},{"taxonomy":"product_cat","embeddable":true,"href":"https:\/\/boreait.com\/hu\/wp-json\/wp\/v2\/product_cat?post=7908"},{"taxonomy":"product_tag","embeddable":true,"href":"https:\/\/boreait.com\/hu\/wp-json\/wp\/v2\/product_tag?post=7908"}],"curies":[{"name":"wp","href":"https:\/\/api.w.org\/{rel}","templated":true}]}}