{"id":7905,"date":"2025-09-17T11:58:26","date_gmt":"2025-09-17T09:58:26","guid":{"rendered":"https:\/\/boreait.com\/hu\/?post_type=product&#038;p=7905"},"modified":"2026-01-27T10:53:10","modified_gmt":"2026-01-27T09:53:10","slug":"eredeti-eredeti-hp-modem-board-443899-001-pk010000u00-compaq-6910p-sorozathoz","status":"publish","type":"product","link":"https:\/\/boreait.com\/hu\/termek\/eredeti-eredeti-hp-modem-board-443899-001-pk010000u00-compaq-6910p-sorozathoz\/","title":{"rendered":"EREDETI EREDETI HP Modem Board 443899-001 PK010000U00 Compaq 6910P sorozathoz"},"content":{"rendered":"<p>N\u00f6velje Compaq 6910P sorozat\u00fa laptopja csatlakoztathat\u00f3s\u00e1g\u00e1t az eredeti HP Modem k\u00e1rty\u00e1val, cikksz\u00e1m: 443899-001 PK010000U00. Ez a prec\u00edzen \u00e9s megb\u00edzhat\u00f3an kialak\u00edtott hiteles cserealkatr\u00e9sz z\u00f6kken\u0151mentes teljes\u00edtm\u00e9nyt \u00e9s kompatibilit\u00e1st biztos\u00edt az eszk\u00f6zzel.<\/p>\n<p>F\u0151bb jellemz\u0151k:<\/p>\n<ul>\n<li>Eredeti HP csere: Biztos\u00edtsa a kompatibilit\u00e1st \u00e9s a megb\u00edzhat\u00f3s\u00e1got az eredeti cserealkatr\u00e9szekkel.<\/li>\n<li>Egyszer\u0171 telep\u00edt\u00e9s: Egyszer\u0171 telep\u00edt\u00e9ssel k\u00f6nnyed\u00e9n friss\u00edtheti laptopja csatlakoztathat\u00f3s\u00e1g\u00e1t.<\/li>\n<li>Tov\u00e1bbfejlesztett kapcsolat: \u00c9lvezze a megb\u00edzhat\u00f3 \u00e9s gyors internet-hozz\u00e1f\u00e9r\u00e9st ezzel az eredeti modemk\u00e1rty\u00e1val.<\/li>\n<li>Kompatibilit\u00e1s: Kifejezetten Compaq 6910P sorozat\u00fa laptopokhoz tervezt\u00e9k, t\u00f6k\u00e9letes illeszked\u00e9st \u00e9s z\u00f6kken\u0151mentes integr\u00e1ci\u00f3t biztos\u00edtva.<\/li>\n<\/ul>\n<p>Friss\u00edtse Compaq 6910P sorozat\u00fa laptopj\u00e1t m\u00e9g ma az eredeti HP Modem Board seg\u00edts\u00e9g\u00e9vel. V\u00e1s\u00e1roljon bizalommal, tudva, hogy laptopja min\u0151s\u00e9gi cserealkatr\u00e9sz\u00e9be fektet be. Ha k\u00e9rd\u00e9se van, vagy tov\u00e1bbi seg\u00edts\u00e9gre van sz\u00fcks\u00e9ge, ne habozzon kapcsolatba l\u00e9pni vel\u00fcnk. Az\u00e9rt vagyunk itt, hogy seg\u00edts\u00fcnk eszk\u00f6ze csatlakoztathat\u00f3s\u00e1g\u00e1nak jav\u00edt\u00e1s\u00e1ban.<\/p>\n","protected":false},"excerpt":{"rendered":"<p>Friss\u00edtse Compaq 6910P sorozat\u00fa laptopj\u00e1t ezzel az eredeti HP Modem Board 443899-001 PK010000U00 k\u00e1rty\u00e1val. Biztos\u00edtsa a kompatibilit\u00e1st \u00e9s a megb\u00edzhat\u00f3s\u00e1got a z\u00f6kken\u0151mentes teljes\u00edtm\u00e9ny \u00e9rdek\u00e9ben. T\u00f6k\u00e9letes\u00edtse eszk\u00f6z\u00e9t m\u00e9g ma!<\/p>\n","protected":false},"featured_media":7961,"template":"","meta":[],"product_brand":[],"product_cat":[20],"product_tag":[25],"class_list":{"0":"post-7905","1":"product","2":"type-product","3":"status-publish","4":"has-post-thumbnail","6":"product_cat-cables","7":"product_tag-hp","9":"first","10":"instock","11":"taxable","12":"shipping-taxable","13":"purchasable","14":"product-type-simple"},"_links":{"self":[{"href":"https:\/\/boreait.com\/hu\/wp-json\/wp\/v2\/product\/7905","targetHints":{"allow":["GET"]}}],"collection":[{"href":"https:\/\/boreait.com\/hu\/wp-json\/wp\/v2\/product"}],"about":[{"href":"https:\/\/boreait.com\/hu\/wp-json\/wp\/v2\/types\/product"}],"wp:featuredmedia":[{"embeddable":true,"href":"https:\/\/boreait.com\/hu\/wp-json\/wp\/v2\/media\/7961"}],"wp:attachment":[{"href":"https:\/\/boreait.com\/hu\/wp-json\/wp\/v2\/media?parent=7905"}],"wp:term":[{"taxonomy":"product_brand","embeddable":true,"href":"https:\/\/boreait.com\/hu\/wp-json\/wp\/v2\/product_brand?post=7905"},{"taxonomy":"product_cat","embeddable":true,"href":"https:\/\/boreait.com\/hu\/wp-json\/wp\/v2\/product_cat?post=7905"},{"taxonomy":"product_tag","embeddable":true,"href":"https:\/\/boreait.com\/hu\/wp-json\/wp\/v2\/product_tag?post=7905"}],"curies":[{"name":"wp","href":"https:\/\/api.w.org\/{rel}","templated":true}]}}