{"id":7904,"date":"2025-09-17T11:58:25","date_gmt":"2025-09-17T09:58:25","guid":{"rendered":"https:\/\/boreait.com\/hu\/?post_type=product&#038;p=7904"},"modified":"2026-01-27T10:52:55","modified_gmt":"2026-01-27T09:52:55","slug":"eredeti-vezetek-nelkuli-kartya-4965agn-vezetek-nelkuli-wifi-wlan-kartya-asus-a7s","status":"publish","type":"product","link":"https:\/\/boreait.com\/hu\/termek\/eredeti-vezetek-nelkuli-kartya-4965agn-vezetek-nelkuli-wifi-wlan-kartya-asus-a7s\/","title":{"rendered":"Eredeti vezet\u00e9k n\u00e9lk\u00fcli k\u00e1rtya 4965AGN vezet\u00e9k n\u00e9lk\u00fcli Wifi WLAN k\u00e1rtya ASUS A7S"},"content":{"rendered":"<p>Fokozza ASUS A7S laptopja csatlakoztathat\u00f3s\u00e1g\u00e1t az eredeti 4965AGN vezet\u00e9k n\u00e9lk\u00fcli k\u00e1rty\u00e1val. A z\u00f6kken\u0151mentes kompatibilit\u00e1s \u00e9s megb\u00edzhat\u00f3 teljes\u00edtm\u00e9ny \u00e9rdek\u00e9ben ez a WLAN-k\u00e1rtya stabil vezet\u00e9k n\u00e9lk\u00fcli h\u00e1l\u00f3zatot biztos\u00edt az \u00d6n sz\u00e1m\u00edt\u00e1stechnikai ig\u00e9nyeinek megfelel\u0151en.<\/p>\n<p>F\u0151bb jellemz\u0151k:<\/p>\n<ul>\n<li>Eredeti ASUS csere: A kompatibilit\u00e1s \u00e9s a megb\u00edzhat\u00f3s\u00e1g biztos\u00edt\u00e1sa hiteles cserealkatr\u00e9szekkel.<\/li>\n<li>Egyszer\u0171 telep\u00edt\u00e9s: Egyszer\u0171 telep\u00edt\u00e9ssel k\u00f6nnyed\u00e9n friss\u00edtheti laptopja csatlakoztathat\u00f3s\u00e1g\u00e1t, nincs sz\u00fcks\u00e9g szakmai seg\u00edts\u00e9gre.<\/li>\n<li>Megb\u00edzhat\u00f3 teljes\u00edtm\u00e9ny: \u00c9lvezze a stabil vezet\u00e9k n\u00e9lk\u00fcli h\u00e1l\u00f3zatot ezzel a kompatibilis WLAN-k\u00e1rty\u00e1val.<\/li>\n<li>Kompatibilit\u00e1s: Kifejezetten az ASUS A7S laptopmodellhez tervezt\u00e9k, biztos\u00edtva a z\u00f6kken\u0151mentes integr\u00e1ci\u00f3t.<\/li>\n<\/ul>\n<p>Friss\u00edtse laptopja csatlakoztathat\u00f3s\u00e1g\u00e1t: Tapasztalja meg a tov\u00e1bbfejlesztett vezet\u00e9k n\u00e9lk\u00fcli h\u00e1l\u00f3zati k\u00e9pess\u00e9geket, ha friss\u00edti ASUS A7S laptopj\u00e1t ezzel az eredeti 4965AGN vezet\u00e9k n\u00e9lk\u00fcli k\u00e1rty\u00e1val. Ak\u00e1r az interneten b\u00f6ng\u00e9szik, ak\u00e1r streamel, ak\u00e1r online j\u00e1tszol, \u00e9lvezze a megb\u00edzhat\u00f3 csatlakoz\u00e1st minden feladat\u00e1hoz.<\/p>\n<p>Egyszer\u0171 telep\u00edt\u00e9s: Egyszer\u0171 telep\u00edt\u00e9ssel k\u00f6nnyed\u00e9n friss\u00edtheti laptopja csatlakoztathat\u00f3s\u00e1g\u00e1t. Nincs sz\u00fcks\u00e9g szakmai seg\u00edts\u00e9gre, \u00edgy id\u0151t \u00e9s f\u00e1rads\u00e1got takar\u00edt meg.<\/p>\n<p>Min\u0151s\u00e9gbiztos\u00edt\u00e1s: Biztos lehet benne, hogy egy kiv\u00e1l\u00f3 min\u0151s\u00e9g\u0171, eredeti ASUS cserealkatr\u00e9szbe fektet be, amelyet a megb\u00edzhat\u00f3s\u00e1g \u00e9s a hossz\u00fa \u00e9lettartam \u00e9rdek\u00e9ben terveztek.<\/p>\n<p>K\u00e9rj\u00fck, vegye figyelembe, hogy b\u00e1r a r\u00e9szletes telep\u00edt\u00e9si utas\u00edt\u00e1sokat nem adjuk meg, nyugodtan forduljon hozz\u00e1nk, ha k\u00e9rd\u00e9se van, vagy seg\u00edts\u00e9gre van sz\u00fcks\u00e9ge. A list\u00e1n szerepl\u0151 val\u00f3di term\u00e9kfot\u00f3k pontosan le\u00edrj\u00e1k, hogy mit fog kapni, t\u00fckr\u00f6zve az \u00e1tl\u00e1that\u00f3s\u00e1g \u00e9s az \u00fcgyfelek el\u00e9gedetts\u00e9ge ir\u00e1nti elk\u00f6telezetts\u00e9g\u00fcnket.<\/p>\n<p>Friss\u00edtse ASUS A7S laptopj\u00e1t m\u00e9g ma az eredeti 4965AGN vezet\u00e9k n\u00e9lk\u00fcli k\u00e1rty\u00e1val. V\u00e1s\u00e1roljon bizalommal, tudva, hogy laptopja min\u0151s\u00e9gi cserealkatr\u00e9sz\u00e9be fektet be. Ha k\u00e9rd\u00e9se van, vagy tov\u00e1bbi seg\u00edts\u00e9gre van sz\u00fcks\u00e9ge, ne habozzon kapcsolatba l\u00e9pni vel\u00fcnk. Az\u00e9rt vagyunk itt, hogy seg\u00edts\u00fcnk eszk\u00f6ze csatlakoztathat\u00f3s\u00e1g\u00e1nak jav\u00edt\u00e1s\u00e1ban<\/p>\n","protected":false},"excerpt":{"rendered":"<p>B\u0151v\u00edtse ASUS A7S laptopja csatlakoztathat\u00f3s\u00e1g\u00e1t ezzel az eredeti 4965AGN vezet\u00e9k n\u00e9lk\u00fcli k\u00e1rty\u00e1val. \u00c9lvezze a megb\u00edzhat\u00f3 vezet\u00e9k n\u00e9lk\u00fcli h\u00e1l\u00f3zatot ezzel a kompatibilis WLAN-k\u00e1rty\u00e1val. Friss\u00edtse laptopja csatlakoztathat\u00f3s\u00e1g\u00e1t m\u00e9g ma!<\/p>\n","protected":false},"featured_media":7960,"template":"","meta":[],"product_brand":[],"product_cat":[27],"product_tag":[30],"class_list":{"0":"post-7904","1":"product","2":"type-product","3":"status-publish","4":"has-post-thumbnail","6":"product_cat-motherboards-board-parts","7":"product_tag-asus","9":"first","10":"instock","11":"taxable","12":"shipping-taxable","13":"purchasable","14":"product-type-simple"},"_links":{"self":[{"href":"https:\/\/boreait.com\/hu\/wp-json\/wp\/v2\/product\/7904","targetHints":{"allow":["GET"]}}],"collection":[{"href":"https:\/\/boreait.com\/hu\/wp-json\/wp\/v2\/product"}],"about":[{"href":"https:\/\/boreait.com\/hu\/wp-json\/wp\/v2\/types\/product"}],"wp:featuredmedia":[{"embeddable":true,"href":"https:\/\/boreait.com\/hu\/wp-json\/wp\/v2\/media\/7960"}],"wp:attachment":[{"href":"https:\/\/boreait.com\/hu\/wp-json\/wp\/v2\/media?parent=7904"}],"wp:term":[{"taxonomy":"product_brand","embeddable":true,"href":"https:\/\/boreait.com\/hu\/wp-json\/wp\/v2\/product_brand?post=7904"},{"taxonomy":"product_cat","embeddable":true,"href":"https:\/\/boreait.com\/hu\/wp-json\/wp\/v2\/product_cat?post=7904"},{"taxonomy":"product_tag","embeddable":true,"href":"https:\/\/boreait.com\/hu\/wp-json\/wp\/v2\/product_tag?post=7904"}],"curies":[{"name":"wp","href":"https:\/\/api.w.org\/{rel}","templated":true}]}}