{"id":7903,"date":"2025-09-17T11:58:25","date_gmt":"2025-09-17T09:58:25","guid":{"rendered":"https:\/\/boreait.com\/hu\/?post_type=product&#038;p=7903"},"modified":"2025-09-17T11:58:55","modified_gmt":"2025-09-17T09:58:55","slug":"eredeti-hp-compaq-8710p-8710w-akusztikus-hangszorok-409947-001-hangszorotok","status":"publish","type":"product","link":"https:\/\/boreait.com\/hu\/termek\/eredeti-hp-compaq-8710p-8710w-akusztikus-hangszorok-409947-001-hangszorotok\/","title":{"rendered":"Eredeti HP Compaq 8710p &#8211; 8710w akusztikus hangsz\u00f3r\u00f3k 409947-001 HANGSZ\u00d3R\u00d3TOK"},"content":{"rendered":"<p>N\u00f6velje HP Compaq 8710p &#8211; 8710w hang\u00e9lm\u00e9ny\u00e9t ezekkel az eredeti akusztikus hangsz\u00f3r\u00f3kkal, cikksz\u00e1m: 409947-001. A prec\u00edzen megalkotott \u00e9s kifejezetten az \u00d6n laptopmodellj\u00e9hez tervezett eredeti cserehangsz\u00f3r\u00f3k \u00e9les \u00e9s tiszta hangmin\u0151s\u00e9get biztos\u00edtanak multim\u00e9di\u00e1s ig\u00e9nyeinek megfelel\u0151en.<\/p>\n<p>F\u0151bb jellemz\u0151k:<\/p>\n<ul>\n<li>Eredeti HP csere: Biztos\u00edtsa a kompatibilit\u00e1st \u00e9s a megb\u00edzhat\u00f3s\u00e1got az eredeti cserehangsz\u00f3r\u00f3kkal.<\/li>\n<li>Tov\u00e1bbfejlesztett hang\u00e9lm\u00e9ny: \u00c9lvezze a zene, filmek \u00e9s videoh\u00edv\u00e1sok mag\u00e1val ragad\u00f3 hangmin\u0151s\u00e9g\u00e9t.<\/li>\n<li>Egyszer\u0171 telep\u00edt\u00e9s: Egyszer\u0171 telep\u00edt\u00e9ssel k\u00f6nnyed\u00e9n friss\u00edtheti laptopja hangj\u00e1t.<\/li>\n<li>Kompatibilit\u00e1s: Kifejezetten a HP Compaq 8710p \u2013 8710w laptopokhoz tervezve, t\u00f6k\u00e9letes illeszked\u00e9st \u00e9s teljes\u00edtm\u00e9nyt biztos\u00edtva.<\/li>\n<\/ul>\n<p>K\u00e9rj\u00fck, vegye figyelembe, hogy b\u00e1r a r\u00e9szletes telep\u00edt\u00e9si utas\u00edt\u00e1sokat nem adjuk meg, nyugodtan forduljon hozz\u00e1nk, ha k\u00e9rd\u00e9se van, vagy seg\u00edts\u00e9gre van sz\u00fcks\u00e9ge. A list\u00e1n szerepl\u0151 val\u00f3di term\u00e9kfot\u00f3k pontosan le\u00edrj\u00e1k, hogy mit fog kapni, t\u00fckr\u00f6zve az \u00e1tl\u00e1that\u00f3s\u00e1g \u00e9s az \u00fcgyfelek el\u00e9gedetts\u00e9ge ir\u00e1nti elk\u00f6telezetts\u00e9g\u00fcnket.<\/p>\n<p>Friss\u00edtse HP Compaq 8710p &#8211; 8710w laptopj\u00e1t m\u00e9g ma ezekkel az eredeti akusztikus hangsz\u00f3r\u00f3kkal. V\u00e1s\u00e1roljon bizalommal, tudva, hogy laptopja min\u0151s\u00e9gi cserealkatr\u00e9sz\u00e9be fektet be. Ha k\u00e9rd\u00e9se van, vagy tov\u00e1bbi seg\u00edts\u00e9gre van sz\u00fcks\u00e9ge, ne habozzon kapcsolatba l\u00e9pni vel\u00fcnk. Az\u00e9rt vagyunk itt, hogy seg\u00edts\u00fcnk jav\u00edtani a hang\u00e9lm\u00e9nyt.<\/p>\n","protected":false},"excerpt":{"rendered":"<p>Fokozza HP Compaq 8710p &#8211; 8710w hang\u00e9lm\u00e9ny\u00e9t ezekkel az eredeti akusztikus hangsz\u00f3r\u00f3kkal. A 409947-001 cikksz\u00e1mmal kompatibilis, jav\u00edtsa laptopja hangmin\u0151s\u00e9g\u00e9t m\u00e9g ma!<\/p>\n","protected":false},"featured_media":7959,"template":"","meta":[],"product_brand":[],"product_cat":[18],"product_tag":[25],"class_list":{"0":"post-7903","1":"product","2":"type-product","3":"status-publish","4":"has-post-thumbnail","6":"product_cat-laptop-speakers","7":"product_tag-hp","9":"first","10":"instock","11":"taxable","12":"shipping-taxable","13":"purchasable","14":"product-type-simple"},"_links":{"self":[{"href":"https:\/\/boreait.com\/hu\/wp-json\/wp\/v2\/product\/7903","targetHints":{"allow":["GET"]}}],"collection":[{"href":"https:\/\/boreait.com\/hu\/wp-json\/wp\/v2\/product"}],"about":[{"href":"https:\/\/boreait.com\/hu\/wp-json\/wp\/v2\/types\/product"}],"wp:featuredmedia":[{"embeddable":true,"href":"https:\/\/boreait.com\/hu\/wp-json\/wp\/v2\/media\/7959"}],"wp:attachment":[{"href":"https:\/\/boreait.com\/hu\/wp-json\/wp\/v2\/media?parent=7903"}],"wp:term":[{"taxonomy":"product_brand","embeddable":true,"href":"https:\/\/boreait.com\/hu\/wp-json\/wp\/v2\/product_brand?post=7903"},{"taxonomy":"product_cat","embeddable":true,"href":"https:\/\/boreait.com\/hu\/wp-json\/wp\/v2\/product_cat?post=7903"},{"taxonomy":"product_tag","embeddable":true,"href":"https:\/\/boreait.com\/hu\/wp-json\/wp\/v2\/product_tag?post=7903"}],"curies":[{"name":"wp","href":"https:\/\/api.w.org\/{rel}","templated":true}]}}