{"id":7900,"date":"2025-09-17T11:58:25","date_gmt":"2025-09-17T09:58:25","guid":{"rendered":"https:\/\/boreait.com\/hu\/?post_type=product&#038;p=7900"},"modified":"2026-01-27T10:46:54","modified_gmt":"2026-01-27T09:46:54","slug":"eredeti-samsung-2-gb-pc2-5300s-memoria-so-dimm-ram-m470t5663cz3-ce6","status":"publish","type":"product","link":"https:\/\/boreait.com\/hu\/termek\/eredeti-samsung-2-gb-pc2-5300s-memoria-so-dimm-ram-m470t5663cz3-ce6\/","title":{"rendered":"Eredeti Samsung 2 GB PC2-5300S mem\u00f3ria So-DIMM RAM M470T5663CZ3-CE6"},"content":{"rendered":"<p>N\u00f6velje laptopja teljes\u00edtm\u00e9ny\u00e9t az eredeti Samsung 2 GB PC2-5300S mem\u00f3ria So-DIMM RAM-mal, a modell M470T5663CZ3-CE6. Ezt a prec\u00edzen megalkotott, a Samsung min\u0151s\u00e9gi h\u00edrnev\u00e9t t\u00e1maszt\u00f3 mem\u00f3riamodult \u00fagy tervezt\u00e9k, hogy n\u00f6velje laptopja mem\u00f3riakapacit\u00e1s\u00e1t \u00e9s \u00e1ltal\u00e1nos teljes\u00edtm\u00e9ny\u00e9t.<\/p>\n<p>F\u0151bb jellemz\u0151k:<\/p>\n<ul>\n<li>Eredeti Samsung csere: Biztos\u00edtsa a kompatibilit\u00e1st \u00e9s a megb\u00edzhat\u00f3s\u00e1got az eredeti cserealkatr\u00e9szekkel.<\/li>\n<li>Kapacit\u00e1s: 2 GB<\/li>\n<li>T\u00edpus: DDR2<\/li>\n<li>Sebess\u00e9g: PC2-5300S (667MHz)<\/li>\n<li>T\u00edpus: M470T5663CZ3-CE6<\/li>\n<li>Kompatibilit\u00e1s: laptopmodellek sz\u00e9les k\u00f6r\u00e9ben tesztelve<\/li>\n<\/ul>\n<p>Friss\u00edtse laptopja teljes\u00edtm\u00e9ny\u00e9t: Tapasztalja meg a tov\u00e1bbfejlesztett multitasking k\u00e9pess\u00e9geket \u00e9s a g\u00f6rd\u00fcl\u00e9kenyebb m\u0171k\u00f6d\u00e9st laptopja mem\u00f3ri\u00e1j\u00e1nak b\u0151v\u00edt\u00e9s\u00e9vel. Ak\u00e1r professzion\u00e1lis, aki er\u0151forr\u00e1s-ig\u00e9nyes feladatokat int\u00e9z, vagy egy alkalmi felhaszn\u00e1l\u00f3, aki teljes\u00edtm\u00e9nyn\u00f6vel\u00e9st keres, ez a Samsung mem\u00f3riamodul megb\u00edzhat\u00f3 v\u00e1laszt\u00e1s.<\/p>\n<p>Egyszer\u0171 telep\u00edt\u00e9s: Felhaszn\u00e1l\u00f3bar\u00e1t telep\u00edt\u00e9sre tervezt\u00e9k, \u00edgy a laptop mem\u00f3ri\u00e1j\u00e1nak b\u0151v\u00edt\u00e9se probl\u00e9mamentes. N\u00f6velje eszk\u00f6ze sebess\u00e9g\u00e9t \u00e9s v\u00e1laszk\u00e9szs\u00e9g\u00e9t ezzel a DDR2 mem\u00f3riamodullal.<\/p>\n<p>Min\u0151s\u00e9gbiztos\u00edt\u00e1s: Nyugodjon meg, tudva, hogy az eredeti Samsung technol\u00f3gi\u00e1ba fektet be. Minden term\u00e9k\u00fcnk szigor\u00fa tesztel\u00e9sen esik \u00e1t, hogy megfeleljen a magas min\u0151s\u00e9gi el\u0151\u00edr\u00e1soknak. Minden v\u00e1s\u00e1rl\u00e1s val\u00f3di f\u00e9nyk\u00e9peket tartalmaz a pontos alkatr\u00e9szekr\u0151l, amelyeket megkap.<\/p>\n<p>Friss\u00edtse laptopj\u00e1t m\u00e9g ma a Samsung 2 GB-os PC2-5300S Memory So-DIMM RAM-mal \u2013 intelligens befektet\u00e9s a jobb teljes\u00edtm\u00e9ny \u00e9s hat\u00e9konys\u00e1g \u00e9rdek\u00e9ben. Ha b\u00e1rmilyen k\u00e9rd\u00e9se van, vagy seg\u00edts\u00e9gre van sz\u00fcks\u00e9ge, nyugodtan \u00edrjon nek\u00fcnk. Az\u00e9rt vagyunk itt, hogy seg\u00edts\u00fcnk \u00d6nnek a sz\u00e1m\u00edt\u00e1stechnikai \u00e9lm\u00e9ny jav\u00edt\u00e1s\u00e1ban.<\/p>\n","protected":false},"excerpt":{"rendered":"<p>N\u00f6velje laptopja teljes\u00edtm\u00e9ny\u00e9t ezzel az eredeti Samsung 2 GB PC2-5300S mem\u00f3ria So-DIMM RAM-mal. B\u00edzzon a Samsungban a megb\u00edzhat\u00f3s\u00e1g \u00e9s a kompatibilit\u00e1s ter\u00e9n. B\u0151v\u00edtse laptopja mem\u00f3ri\u00e1j\u00e1t m\u00e9g ma!<\/p>\n","protected":false},"featured_media":7956,"template":"","meta":[],"product_brand":[],"product_cat":[41,36],"product_tag":[],"class_list":{"0":"post-7900","1":"product","2":"type-product","3":"status-publish","4":"has-post-thumbnail","6":"product_cat-ddr2","7":"product_cat-ram-memory","9":"first","10":"instock","11":"taxable","12":"shipping-taxable","13":"purchasable","14":"product-type-simple"},"_links":{"self":[{"href":"https:\/\/boreait.com\/hu\/wp-json\/wp\/v2\/product\/7900","targetHints":{"allow":["GET"]}}],"collection":[{"href":"https:\/\/boreait.com\/hu\/wp-json\/wp\/v2\/product"}],"about":[{"href":"https:\/\/boreait.com\/hu\/wp-json\/wp\/v2\/types\/product"}],"wp:featuredmedia":[{"embeddable":true,"href":"https:\/\/boreait.com\/hu\/wp-json\/wp\/v2\/media\/7956"}],"wp:attachment":[{"href":"https:\/\/boreait.com\/hu\/wp-json\/wp\/v2\/media?parent=7900"}],"wp:term":[{"taxonomy":"product_brand","embeddable":true,"href":"https:\/\/boreait.com\/hu\/wp-json\/wp\/v2\/product_brand?post=7900"},{"taxonomy":"product_cat","embeddable":true,"href":"https:\/\/boreait.com\/hu\/wp-json\/wp\/v2\/product_cat?post=7900"},{"taxonomy":"product_tag","embeddable":true,"href":"https:\/\/boreait.com\/hu\/wp-json\/wp\/v2\/product_tag?post=7900"}],"curies":[{"name":"wp","href":"https:\/\/api.w.org\/{rel}","templated":true}]}}