{"id":7898,"date":"2025-09-17T11:58:25","date_gmt":"2025-09-17T09:58:25","guid":{"rendered":"https:\/\/boreait.com\/hu\/?post_type=product&#038;p=7898"},"modified":"2025-09-17T11:58:47","modified_gmt":"2025-09-17T09:58:47","slug":"eredeti-cserelaptop-lcd-11-6-erintokepernyos-kijelzopanel-dell-latitude-12-rugged-extreme-7204-gvgpf-0gvgpf-cn-0gvgpf-75hnh-075hnh","status":"publish","type":"product","link":"https:\/\/boreait.com\/hu\/termek\/eredeti-cserelaptop-lcd-11-6-erintokepernyos-kijelzopanel-dell-latitude-12-rugged-extreme-7204-gvgpf-0gvgpf-cn-0gvgpf-75hnh-075hnh\/","title":{"rendered":"Eredeti cserelaptop LCD 11.6 \u00e9rint\u0151k\u00e9perny\u0151s kijelz\u0151panel Dell Latitude 12 Rugged Extreme 7204 GVGPF 0GVGPF CN-0GVGPF 75HNH 075HNH"},"content":{"rendered":"<p>Fokozza Dell Latitude 12 Rugged Extreme 7204 laptopja megtekint\u00e9si \u00e9lm\u00e9ny\u00e9t az eredeti 11,6&#8243;-es \u00e9rint\u0151k\u00e9perny\u0151s LCD-kijelz\u0151vel. Ez az autentikus cserealkatr\u00e9sz, amelyet \u00fagy terveztek, hogy \u00e9les k\u00e9pet \u00e9s \u00e9rz\u00e9keny \u00e9rint\u00e9si funkci\u00f3kat biztos\u00edtson, mag\u00e1val ragad\u00f3 sz\u00e1m\u00edt\u00f3g\u00e9pes \u00e9lm\u00e9nyt ny\u00fajt.<\/p>\n<p>F\u0151bb jellemz\u0151k:<\/p>\n<ul>\n<li>Eredeti Dell csere: A kompatibilit\u00e1s \u00e9s a megb\u00edzhat\u00f3s\u00e1g biztos\u00edt\u00e1sa hiteles cserealkatr\u00e9szekkel.<\/li>\n<li>Tov\u00e1bbfejlesztett megtekint\u00e9si \u00e9lm\u00e9ny: \u00c9lvezze az \u00e9l\u00e9nk sz\u00edneket \u00e9s az \u00e9les r\u00e9szleteket laptopja kijelz\u0151j\u00e9n.<\/li>\n<li>Reszponz\u00edv \u00e9rint\u00e9s funkci\u00f3: Az \u00e9rint\u0151k\u00e9perny\u0151 k\u00e9pess\u00e9geinek haszn\u00e1lat\u00e1val k\u00f6nnyed\u00e9n kezelheti eszk\u00f6z\u00e9t.<\/li>\n<li>Kompatibilit\u00e1s: Kifejezetten a Dell Latitude 12 Rugged Extreme 7204-hez tervezt\u00e9k, t\u00f6k\u00e9letes illeszked\u00e9st biztos\u00edtva.<\/li>\n<li>Egyszer\u0171 telep\u00edt\u00e9s: Egyszer\u0171en friss\u00edtheti laptopja kijelz\u0151j\u00e9t, nincs sz\u00fcks\u00e9g szakmai seg\u00edts\u00e9gre.<\/li>\n<\/ul>\n<p>Friss\u00edtse Dell Latitude 12 Rugged Extreme 7204 laptopj\u00e1t m\u00e9g ma az eredeti 11,6&#8243;-os \u00e9rint\u0151k\u00e9perny\u0151s LCD kijelz\u0151vel. V\u00e1s\u00e1roljon bizalommal, tudva, hogy min\u0151s\u00e9gi cserealkatr\u00e9szt fektet be laptopj\u00e1ba. Ha k\u00e9rd\u00e9se van, vagy tov\u00e1bbi seg\u00edts\u00e9gre van sz\u00fcks\u00e9ge, forduljon hozz\u00e1nk bizalommal. Mi seg\u00edt\u00fcnk jav\u00edtani a tapasztalatait.<\/p>\n","protected":false},"excerpt":{"rendered":"<p>Emelje fel Dell Latitude 12 Rugged Extreme 7204 kijelz\u0151j\u00e9t ezzel az eredeti 11,6&#8243;-os \u00e9rint\u0151k\u00e9perny\u0151s LCD-kijelz\u0151vel. Kompatibilis a GVGPF 0GVGPF CN-0GVGPF 75HNH 075HNH cikksz\u00e1mmal. Jav\u00edtsa laptopja kijelz\u0151min\u0151s\u00e9g\u00e9t m\u00e9g ma!<\/p>\n","protected":false},"featured_media":7937,"template":"","meta":[],"product_brand":[],"product_cat":[75,21],"product_tag":[17],"class_list":{"0":"post-7898","1":"product","2":"type-product","3":"status-publish","4":"has-post-thumbnail","6":"product_cat-11-6","7":"product_cat-laptop-screens-lcd-panels","8":"product_tag-dell","10":"first","11":"instock","12":"taxable","13":"shipping-taxable","14":"purchasable","15":"product-type-simple"},"_links":{"self":[{"href":"https:\/\/boreait.com\/hu\/wp-json\/wp\/v2\/product\/7898","targetHints":{"allow":["GET"]}}],"collection":[{"href":"https:\/\/boreait.com\/hu\/wp-json\/wp\/v2\/product"}],"about":[{"href":"https:\/\/boreait.com\/hu\/wp-json\/wp\/v2\/types\/product"}],"wp:featuredmedia":[{"embeddable":true,"href":"https:\/\/boreait.com\/hu\/wp-json\/wp\/v2\/media\/7937"}],"wp:attachment":[{"href":"https:\/\/boreait.com\/hu\/wp-json\/wp\/v2\/media?parent=7898"}],"wp:term":[{"taxonomy":"product_brand","embeddable":true,"href":"https:\/\/boreait.com\/hu\/wp-json\/wp\/v2\/product_brand?post=7898"},{"taxonomy":"product_cat","embeddable":true,"href":"https:\/\/boreait.com\/hu\/wp-json\/wp\/v2\/product_cat?post=7898"},{"taxonomy":"product_tag","embeddable":true,"href":"https:\/\/boreait.com\/hu\/wp-json\/wp\/v2\/product_tag?post=7898"}],"curies":[{"name":"wp","href":"https:\/\/api.w.org\/{rel}","templated":true}]}}