{"id":7897,"date":"2025-09-17T11:58:25","date_gmt":"2025-09-17T09:58:25","guid":{"rendered":"https:\/\/boreait.com\/hu\/?post_type=product&#038;p=7897"},"modified":"2025-09-17T11:58:45","modified_gmt":"2025-09-17T09:58:45","slug":"eredeti-hp-lcd-hatsoburkolat-compaq-6070a0094501-b1-x4-c6","status":"publish","type":"product","link":"https:\/\/boreait.com\/hu\/termek\/eredeti-hp-lcd-hatsoburkolat-compaq-6070a0094501-b1-x4-c6\/","title":{"rendered":"EREDETI HP LCD H\u00c1TS\u00d3BURKOLAT COMPAQ 6070A0094501 B1-X4-c6"},"content":{"rendered":"<p>N\u00f6velje laptopja eszt\u00e9tik\u00e1j\u00e1t \u00e9s v\u00e9delm\u00e9t az eredeti HP LCD h\u00e1tlappal, cikksz\u00e1m: Compaq 6070A0094501 B1-X4-c6. A prec\u00edzi\u00f3s \u00e9s megb\u00edzhat\u00f3s\u00e1gi szempontokat szem el\u0151tt tartva k\u00e9sz\u00fclt, ez az OEM cserealkatr\u00e9sz nem csak jav\u00edtja laptopja megjelen\u00e9s\u00e9t, hanem tov\u00e1bbi v\u00e9delmet is ny\u00fajt az LCD-k\u00e9perny\u0151nek.<\/p>\n<p>F\u0151bb jellemz\u0151k:<\/p>\n<ul>\n<li>Eredeti HP csere: Biztos\u00edtsa a kompatibilit\u00e1st \u00e9s a megb\u00edzhat\u00f3s\u00e1got az eredeti OEM cserealkatr\u00e9szekkel.<\/li>\n<li>T\u00f6k\u00e9letes illeszked\u00e9s: Kifejezetten a Compaq modellekhez k\u00e9sz\u00fclt, \u00edgy biztos\u00edtva a pontos illeszked\u00e9st \u00e9s a z\u00f6kken\u0151mentes integr\u00e1ci\u00f3t.<\/li>\n<li>Tov\u00e1bbfejlesztett megjelen\u00e9s: Friss\u00edtse laptopja megjelen\u00e9s\u00e9t ezzel az eredeti HP LCD h\u00e1tlappal.<\/li>\n<li>Tov\u00e1bbi v\u00e9delem: Ezzel a tart\u00f3s h\u00e1tlappal v\u00e9di az LCD-k\u00e9perny\u0151t a karcol\u00e1sokt\u00f3l, port\u00f3l \u00e9s s\u00e9r\u00fcl\u00e9sekt\u0151l.<\/li>\n<\/ul>\n<p>Egyszer\u0171 telep\u00edt\u00e9s: Egyszer\u0171 telep\u00edt\u00e9ssel k\u00f6nnyed\u00e9n friss\u00edtheti laptopja megjelen\u00e9s\u00e9t, nincs sz\u00fcks\u00e9g szakmai seg\u00edts\u00e9gre.<\/p>\n<p>Min\u0151s\u00e9gbiztos\u00edt\u00e1s: Biztos lehet benne, hogy egy kiv\u00e1l\u00f3 min\u0151s\u00e9g\u0171, eredeti HP cserealkatr\u00e9szbe fektet be, amelyet a megb\u00edzhat\u00f3s\u00e1g \u00e9s a hossz\u00fa \u00e9lettartam \u00e9rdek\u00e9ben terveztek.<\/p>\n<p>K\u00e9rj\u00fck, vegye figyelembe, hogy b\u00e1r a r\u00e9szletes telep\u00edt\u00e9si utas\u00edt\u00e1sokat nem adjuk meg, nyugodtan forduljon hozz\u00e1nk, ha k\u00e9rd\u00e9se van, vagy seg\u00edts\u00e9gre van sz\u00fcks\u00e9ge. A list\u00e1n szerepl\u0151 val\u00f3di term\u00e9kfot\u00f3k pontosan le\u00edrj\u00e1k, hogy mit fog kapni, t\u00fckr\u00f6zve az \u00e1tl\u00e1that\u00f3s\u00e1g \u00e9s az \u00fcgyfelek el\u00e9gedetts\u00e9ge ir\u00e1nti elk\u00f6telezetts\u00e9g\u00fcnket.<\/p>\n<p>Friss\u00edtse laptopj\u00e1t m\u00e9g ma az eredeti HP LCD h\u00e1tlappal. V\u00e1s\u00e1roljon bizalommal, tudva, hogy laptopja min\u0151s\u00e9gi cserealkatr\u00e9sz\u00e9be fektet be. Ha k\u00e9rd\u00e9se van, vagy tov\u00e1bbi seg\u00edts\u00e9gre van sz\u00fcks\u00e9ge, ne habozzon kapcsolatba l\u00e9pni vel\u00fcnk. Az\u00e9rt vagyunk itt, hogy seg\u00edts\u00fcnk eszk\u00f6ze eszt\u00e9tik\u00e1j\u00e1nak \u00e9s v\u00e9delm\u00e9nek jav\u00edt\u00e1s\u00e1ban<\/p>\n","protected":false},"excerpt":{"rendered":"<p>Friss\u00edtse laptopja megjelen\u00e9s\u00e9t ezzel az eredeti HP LCD h\u00e1tlappal. A Compaq modellekhez tervezett OEM cserealkatr\u00e9sz t\u00f6k\u00e9letes illeszked\u00e9st \u00e9s megb\u00edzhat\u00f3 teljes\u00edtm\u00e9nyt biztos\u00edt. V\u00e1ltoztassa \u00e1t laptopja megjelen\u00e9s\u00e9t m\u00e9g ma!<\/p>\n","protected":false},"featured_media":7935,"template":"","meta":[],"product_brand":[],"product_cat":[16],"product_tag":[25],"class_list":{"0":"post-7897","1":"product","2":"type-product","3":"status-publish","4":"has-post-thumbnail","6":"product_cat-laptop-housing","7":"product_tag-hp","9":"first","10":"instock","11":"taxable","12":"shipping-taxable","13":"purchasable","14":"product-type-simple"},"_links":{"self":[{"href":"https:\/\/boreait.com\/hu\/wp-json\/wp\/v2\/product\/7897","targetHints":{"allow":["GET"]}}],"collection":[{"href":"https:\/\/boreait.com\/hu\/wp-json\/wp\/v2\/product"}],"about":[{"href":"https:\/\/boreait.com\/hu\/wp-json\/wp\/v2\/types\/product"}],"wp:featuredmedia":[{"embeddable":true,"href":"https:\/\/boreait.com\/hu\/wp-json\/wp\/v2\/media\/7935"}],"wp:attachment":[{"href":"https:\/\/boreait.com\/hu\/wp-json\/wp\/v2\/media?parent=7897"}],"wp:term":[{"taxonomy":"product_brand","embeddable":true,"href":"https:\/\/boreait.com\/hu\/wp-json\/wp\/v2\/product_brand?post=7897"},{"taxonomy":"product_cat","embeddable":true,"href":"https:\/\/boreait.com\/hu\/wp-json\/wp\/v2\/product_cat?post=7897"},{"taxonomy":"product_tag","embeddable":true,"href":"https:\/\/boreait.com\/hu\/wp-json\/wp\/v2\/product_tag?post=7897"}],"curies":[{"name":"wp","href":"https:\/\/api.w.org\/{rel}","templated":true}]}}