{"id":7895,"date":"2025-09-17T11:58:24","date_gmt":"2025-09-17T09:58:24","guid":{"rendered":"https:\/\/boreait.com\/hu\/?post_type=product&#038;p=7895"},"modified":"2026-01-27T10:46:40","modified_gmt":"2026-01-27T09:46:40","slug":"eredeti-hp-8710w-lcd-hatlap-ap00x000600-laptop-cserealkatresz","status":"publish","type":"product","link":"https:\/\/boreait.com\/hu\/termek\/eredeti-hp-8710w-lcd-hatlap-ap00x000600-laptop-cserealkatresz\/","title":{"rendered":"Eredeti HP 8710W LCD h\u00e1tlap AP00X000600 &#8211; Laptop cserealkatr\u00e9sz"},"content":{"rendered":"<p>N\u00f6velje HP 8710W laptopja megjelen\u00e9s\u00e9t \u00e9s tart\u00f3ss\u00e1g\u00e1t az AP00X000600 cikksz\u00e1m\u00fa, eredeti LCD h\u00e1tlappal. A pontoss\u00e1g \u00e9s megb\u00edzhat\u00f3s\u00e1g szem el\u0151tt tart\u00e1s\u00e1val k\u00e9sz\u00fclt, ez az eredeti cserealkatr\u00e9sz nem csak jav\u00edtja laptopja l\u00e1tv\u00e1ny\u00e1t, hanem tov\u00e1bbi v\u00e9delmet is ny\u00fajt az LCD-k\u00e9perny\u0151nek.<\/p>\n<p>F\u0151bb jellemz\u0151k:<\/p>\n<ul>\n<li>Eredeti HP csere: Biztos\u00edtsa a kompatibilit\u00e1st \u00e9s a megb\u00edzhat\u00f3s\u00e1got az eredeti cserealkatr\u00e9szekkel.<\/li>\n<li>Tov\u00e1bbfejlesztett megjelen\u00e9s: Alak\u00edtsa \u00e1t HP 8710W megjelen\u00e9s\u00e9t ezzel az eleg\u00e1ns LCD h\u00e1tlappal.<\/li>\n<li>Tov\u00e1bbi v\u00e9delem: Ezzel az er\u0151s h\u00e1tlappal \u00f3vja meg az LCD-k\u00e9perny\u0151t a port\u00f3l, t\u00f6rmel\u00e9kt\u0151l \u00e9s az esetleges s\u00e9r\u00fcl\u00e9sekt\u0151l.<\/li>\n<\/ul>\n<p>Friss\u00edtse laptopja megjelen\u00e9s\u00e9t: Tapasztalja meg a jobb eszt\u00e9tikai megjelen\u00e9st \u00e9s a tart\u00f3ss\u00e1got, ha HP 8710 W-os laptopj\u00e1t ezzel az eredeti LCD-h\u00e1tlappal friss\u00edti.<\/p>\n<p>Egyszer\u0171 telep\u00edt\u00e9s: Egyszer\u0171 telep\u00edt\u00e9ssel k\u00f6nnyed\u00e9n friss\u00edtheti laptopja megjelen\u00e9s\u00e9t, nincs sz\u00fcks\u00e9g szakmai seg\u00edts\u00e9gre.<\/p>\n<p>Min\u0151s\u00e9gbiztos\u00edt\u00e1s: Biztos lehet benne, hogy egy kiv\u00e1l\u00f3 min\u0151s\u00e9g\u0171, eredeti HP cserealkatr\u00e9szbe fektet be, amelyet a megb\u00edzhat\u00f3s\u00e1g \u00e9s a hossz\u00fa \u00e9lettartam \u00e9rdek\u00e9ben terveztek.<\/p>\n<p>K\u00e9rj\u00fck, vegye figyelembe, hogy b\u00e1r a r\u00e9szletes telep\u00edt\u00e9si utas\u00edt\u00e1sokat nem adjuk meg, nyugodtan forduljon hozz\u00e1nk, ha k\u00e9rd\u00e9se van, vagy seg\u00edts\u00e9gre van sz\u00fcks\u00e9ge. A list\u00e1n szerepl\u0151 val\u00f3di term\u00e9kfot\u00f3k pontosan le\u00edrj\u00e1k, hogy mit fog kapni, t\u00fckr\u00f6zve az \u00e1tl\u00e1that\u00f3s\u00e1g \u00e9s az \u00fcgyfelek el\u00e9gedetts\u00e9ge ir\u00e1nti elk\u00f6telezetts\u00e9g\u00fcnket.<\/p>\n<p>Friss\u00edtse HP 8710 W-os laptopj\u00e1t m\u00e9g ma az eredeti LCD h\u00e1tlappal. V\u00e1s\u00e1roljon bizalommal, tudva, hogy laptopja min\u0151s\u00e9gi cserealkatr\u00e9sz\u00e9be fektet be. Ha k\u00e9rd\u00e9se van, vagy tov\u00e1bbi seg\u00edts\u00e9gre van sz\u00fcks\u00e9ge, ne habozzon kapcsolatba l\u00e9pni vel\u00fcnk. Az\u00e9rt vagyunk itt, hogy seg\u00edts\u00fcnk \u00d6nnek eszk\u00f6ze eszt\u00e9tik\u00e1j\u00e1t \u00e9s tart\u00f3ss\u00e1g\u00e1t n\u00f6velni.<\/p>\n","protected":false},"excerpt":{"rendered":"<p>Friss\u00edtse HP 8710W laptopj\u00e1t ezzel az eredeti LCD h\u00e1tlappal, cikksz\u00e1m: AP00X000600. N\u00f6velje k\u00e9sz\u00fcl\u00e9ke megjelen\u00e9s\u00e9t \u00e9s tart\u00f3ss\u00e1g\u00e1t ezzel az eredeti cserealkatr\u00e9szsel.<\/p>\n","protected":false},"featured_media":7931,"template":"","meta":[],"product_brand":[],"product_cat":[16],"product_tag":[25],"class_list":{"0":"post-7895","1":"product","2":"type-product","3":"status-publish","4":"has-post-thumbnail","6":"product_cat-laptop-housing","7":"product_tag-hp","9":"first","10":"instock","11":"taxable","12":"shipping-taxable","13":"purchasable","14":"product-type-simple"},"_links":{"self":[{"href":"https:\/\/boreait.com\/hu\/wp-json\/wp\/v2\/product\/7895","targetHints":{"allow":["GET"]}}],"collection":[{"href":"https:\/\/boreait.com\/hu\/wp-json\/wp\/v2\/product"}],"about":[{"href":"https:\/\/boreait.com\/hu\/wp-json\/wp\/v2\/types\/product"}],"wp:featuredmedia":[{"embeddable":true,"href":"https:\/\/boreait.com\/hu\/wp-json\/wp\/v2\/media\/7931"}],"wp:attachment":[{"href":"https:\/\/boreait.com\/hu\/wp-json\/wp\/v2\/media?parent=7895"}],"wp:term":[{"taxonomy":"product_brand","embeddable":true,"href":"https:\/\/boreait.com\/hu\/wp-json\/wp\/v2\/product_brand?post=7895"},{"taxonomy":"product_cat","embeddable":true,"href":"https:\/\/boreait.com\/hu\/wp-json\/wp\/v2\/product_cat?post=7895"},{"taxonomy":"product_tag","embeddable":true,"href":"https:\/\/boreait.com\/hu\/wp-json\/wp\/v2\/product_tag?post=7895"}],"curies":[{"name":"wp","href":"https:\/\/api.w.org\/{rel}","templated":true}]}}