{"id":7893,"date":"2025-09-17T11:58:24","date_gmt":"2025-09-17T09:58:24","guid":{"rendered":"https:\/\/boreait.com\/hu\/?post_type=product&#038;p=7893"},"modified":"2026-01-27T10:46:26","modified_gmt":"2026-01-27T09:46:26","slug":"eredeti-hp-compaq-bluetooth-modul-bcm92045nmd-397922-001-laptop-cserealkatresz","status":"publish","type":"product","link":"https:\/\/boreait.com\/hu\/termek\/eredeti-hp-compaq-bluetooth-modul-bcm92045nmd-397922-001-laptop-cserealkatresz\/","title":{"rendered":"Eredeti HP Compaq Bluetooth modul BCM92045NMD 397922-001 &#8211; Laptop cserealkatr\u00e9sz"},"content":{"rendered":"<p>Fokozza HP Compaq laptopja csatlakoztathat\u00f3s\u00e1g\u00e1t az eredeti BCM92045NMD 397922-001 Bluetooth modullal. Ez a prec\u00edz \u00e9s megb\u00edzhat\u00f3 cserealkatr\u00e9sz z\u00f6kken\u0151mentes integr\u00e1ci\u00f3t \u00e9s megb\u00edzhat\u00f3 teljes\u00edtm\u00e9nyt biztos\u00edt.<\/p>\n<p>F\u0151bb jellemz\u0151k:<\/p>\n<ul>\n<li>Eredeti HP csere: Biztos\u00edtsa a kompatibilit\u00e1st \u00e9s a megb\u00edzhat\u00f3s\u00e1got az eredeti cserealkatr\u00e9szekkel.<\/li>\n<li>Egyszer\u0171 telep\u00edt\u00e9s: Egyszer\u0171 telep\u00edt\u00e9ssel k\u00f6nnyed\u00e9n friss\u00edtheti laptopj\u00e1t, nincs sz\u00fcks\u00e9g szakmai seg\u00edts\u00e9gre.<\/li>\n<li>Tov\u00e1bbfejlesztett kapcsolat: \u00c9lvezze a tov\u00e1bbfejlesztett kapcsol\u00f3d\u00e1si lehet\u0151s\u00e9geket a Bluetooth funkci\u00f3val.<\/li>\n<li>Kompatibilit\u00e1s: \u00dagy tervezt\u00e9k, hogy z\u00f6kken\u0151mentesen m\u0171k\u00f6dj\u00f6n k\u00fcl\u00f6nf\u00e9le HP Compaq laptopmodellekkel.<\/li>\n<li>Min\u0151s\u00e9gbiztos\u00edt\u00e1s: Biztos lehet benne, hogy egy j\u00f3 min\u0151s\u00e9g\u0171, eredeti HP cserealkatr\u00e9szbe fektet be.<\/li>\n<\/ul>\n<p>Friss\u00edtse HP Compaq laptopj\u00e1t m\u00e9g ma az eredeti BCM92045NMD 397922-001 Bluetooth modullal. V\u00e1s\u00e1roljon bizalommal, tudva, hogy laptopja min\u0151s\u00e9gi cserealkatr\u00e9sz\u00e9be fektet be. Ha k\u00e9rd\u00e9se van, vagy tov\u00e1bbi seg\u00edts\u00e9gre van sz\u00fcks\u00e9ge, ne habozzon kapcsolatba l\u00e9pni vel\u00fcnk. Az\u00e9rt vagyunk itt, hogy seg\u00edts\u00fcnk eszk\u00f6ze csatlakoztathat\u00f3s\u00e1g\u00e1nak jav\u00edt\u00e1s\u00e1ban.<\/p>\n","protected":false},"excerpt":{"rendered":"<p>Friss\u00edtse HP Compaq laptopj\u00e1t ezzel az eredeti BCM92045NMD 397922-001 Bluetooth modullal. Az egyszer\u0171 telep\u00edt\u00e9s \u00e9s a megb\u00edzhat\u00f3 teljes\u00edtm\u00e9ny t\u00f6k\u00e9letes cserealkatr\u00e9szt k\u00edn\u00e1l. Fokozza laptopja csatlakoztathat\u00f3s\u00e1g\u00e1t m\u00e9g ma!<\/p>\n","protected":false},"featured_media":7928,"template":"","meta":[],"product_brand":[],"product_cat":[27],"product_tag":[25],"class_list":{"0":"post-7893","1":"product","2":"type-product","3":"status-publish","4":"has-post-thumbnail","6":"product_cat-motherboards-board-parts","7":"product_tag-hp","9":"first","10":"instock","11":"taxable","12":"shipping-taxable","13":"purchasable","14":"product-type-simple"},"_links":{"self":[{"href":"https:\/\/boreait.com\/hu\/wp-json\/wp\/v2\/product\/7893","targetHints":{"allow":["GET"]}}],"collection":[{"href":"https:\/\/boreait.com\/hu\/wp-json\/wp\/v2\/product"}],"about":[{"href":"https:\/\/boreait.com\/hu\/wp-json\/wp\/v2\/types\/product"}],"wp:featuredmedia":[{"embeddable":true,"href":"https:\/\/boreait.com\/hu\/wp-json\/wp\/v2\/media\/7928"}],"wp:attachment":[{"href":"https:\/\/boreait.com\/hu\/wp-json\/wp\/v2\/media?parent=7893"}],"wp:term":[{"taxonomy":"product_brand","embeddable":true,"href":"https:\/\/boreait.com\/hu\/wp-json\/wp\/v2\/product_brand?post=7893"},{"taxonomy":"product_cat","embeddable":true,"href":"https:\/\/boreait.com\/hu\/wp-json\/wp\/v2\/product_cat?post=7893"},{"taxonomy":"product_tag","embeddable":true,"href":"https:\/\/boreait.com\/hu\/wp-json\/wp\/v2\/product_tag?post=7893"}],"curies":[{"name":"wp","href":"https:\/\/api.w.org\/{rel}","templated":true}]}}