{"id":7890,"date":"2025-09-17T11:58:24","date_gmt":"2025-09-17T09:58:24","guid":{"rendered":"https:\/\/boreait.com\/hu\/?post_type=product&#038;p=7890"},"modified":"2025-09-17T11:58:35","modified_gmt":"2025-09-17T09:58:35","slug":"eredeti-touchpad-mouse-board-modul-hp-compaq-6720s-laptophoz","status":"publish","type":"product","link":"https:\/\/boreait.com\/hu\/termek\/eredeti-touchpad-mouse-board-modul-hp-compaq-6720s-laptophoz\/","title":{"rendered":"Eredeti Touchpad Mouse Board modul HP Compaq 6720s laptophoz"},"content":{"rendered":"<p>Fokozza HP Compaq 6720s laptopja funkcionalit\u00e1s\u00e1t \u00e9s haszn\u00e1lhat\u00f3s\u00e1g\u00e1t az eredeti Touchpad Mouse Board Module seg\u00edts\u00e9g\u00e9vel. Ez a prec\u00edzen \u00e9s megb\u00edzhat\u00f3an kialak\u00edtott eredeti cserealkatr\u00e9sz z\u00f6kken\u0151mentes navig\u00e1ci\u00f3t \u00e9s prec\u00edz kurzorvez\u00e9rl\u00e9st biztos\u00edt a jobb felhaszn\u00e1l\u00f3i \u00e9lm\u00e9ny \u00e9rdek\u00e9ben.<\/p>\n<p>F\u0151bb jellemz\u0151k:<\/p>\n<ul>\n<li>Eredeti HP csere: Biztos\u00edtsa a kompatibilit\u00e1st \u00e9s a megb\u00edzhat\u00f3s\u00e1got az eredeti cserealkatr\u00e9szekkel.<\/li>\n<li>Egyszer\u0171 telep\u00edt\u00e9s: Egyszer\u0171 telep\u00edt\u00e9ssel k\u00f6nnyed\u00e9n friss\u00edtheti laptopja funkci\u00f3it, nincs sz\u00fcks\u00e9g szakmai seg\u00edts\u00e9gre.<\/li>\n<li>Tov\u00e1bbfejlesztett haszn\u00e1lhat\u00f3s\u00e1g: \u00c9lvezze a sima navig\u00e1ci\u00f3t \u00e9s a prec\u00edz kurzorvez\u00e9rl\u00e9st ezzel az eredeti \u00e9rint\u0151pad modullal.<\/li>\n<li>Kompatibilit\u00e1s: Kifejezetten a HP Compaq 6720-hoz tervezt\u00e9k, t\u00f6k\u00e9letes illeszked\u00e9st \u00e9s z\u00f6kken\u0151mentes integr\u00e1ci\u00f3t biztos\u00edtva.<\/li>\n<\/ul>\n<p>Friss\u00edtse laptopja teljes\u00edtm\u00e9ny\u00e9t: Tapasztalja meg a jobb haszn\u00e1lhat\u00f3s\u00e1got \u00e9s navig\u00e1ci\u00f3t, ha laptopja \u00e9rint\u0151pad modulj\u00e1t ezzel az eredeti HP cserealkatr\u00e9szre cser\u00e9li.<\/p>\n<p>Egyszer\u0171 telep\u00edt\u00e9s: Egyszer\u0171 telep\u00edt\u00e9ssel k\u00f6nnyed\u00e9n friss\u00edtheti laptopja funkcionalit\u00e1s\u00e1t, nincs sz\u00fcks\u00e9g szakmai seg\u00edts\u00e9gre.<\/p>\n<p>Min\u0151s\u00e9gbiztos\u00edt\u00e1s: Biztos lehet benne, hogy egy kiv\u00e1l\u00f3 min\u0151s\u00e9g\u0171, eredeti HP cserealkatr\u00e9szbe fektet be, amelyet a megb\u00edzhat\u00f3s\u00e1g \u00e9s a hossz\u00fa \u00e9lettartam \u00e9rdek\u00e9ben terveztek.<\/p>\n<p>K\u00e9rj\u00fck, vegye figyelembe, hogy b\u00e1r a r\u00e9szletes telep\u00edt\u00e9si utas\u00edt\u00e1sokat nem adjuk meg, nyugodtan forduljon hozz\u00e1nk, ha k\u00e9rd\u00e9se van, vagy seg\u00edts\u00e9gre van sz\u00fcks\u00e9ge. A list\u00e1n szerepl\u0151 val\u00f3di term\u00e9kfot\u00f3k pontosan le\u00edrj\u00e1k, hogy mit fog kapni, t\u00fckr\u00f6zve az \u00e1tl\u00e1that\u00f3s\u00e1g \u00e9s az \u00fcgyfelek el\u00e9gedetts\u00e9ge ir\u00e1nti elk\u00f6telezetts\u00e9g\u00fcnket.<\/p>\n<p>Friss\u00edtse HP Compaq 6720s laptopj\u00e1t m\u00e9g ma az eredeti Touchpad Mouse Board modullal. V\u00e1s\u00e1roljon bizalommal, tudva, hogy laptopja min\u0151s\u00e9gi cserealkatr\u00e9sz\u00e9be fektet be. Ha k\u00e9rd\u00e9se van, vagy tov\u00e1bbi seg\u00edts\u00e9gre van sz\u00fcks\u00e9ge, ne habozzon kapcsolatba l\u00e9pni vel\u00fcnk. Az\u00e9rt vagyunk itt, hogy seg\u00edts\u00fcnk eszk\u00f6ze funkcionalit\u00e1s\u00e1nak jav\u00edt\u00e1s\u00e1ban.<\/p>\n","protected":false},"excerpt":{"rendered":"<p>N\u00f6velje HP Compaq 6720s laptopja funkcionalit\u00e1s\u00e1t ezzel az eredeti Touchpad Mouse Board modullal. K\u00f6nnyen telep\u00edthet\u0151 \u00e9s kompatibilis a k\u00e9sz\u00fcl\u00e9kkel. Friss\u00edtse laptopj\u00e1t m\u00e9g ma!<\/p>\n","protected":false},"featured_media":7923,"template":"","meta":[],"product_brand":[],"product_cat":[27],"product_tag":[25],"class_list":{"0":"post-7890","1":"product","2":"type-product","3":"status-publish","4":"has-post-thumbnail","6":"product_cat-motherboards-board-parts","7":"product_tag-hp","9":"first","10":"instock","11":"taxable","12":"shipping-taxable","13":"purchasable","14":"product-type-simple"},"_links":{"self":[{"href":"https:\/\/boreait.com\/hu\/wp-json\/wp\/v2\/product\/7890","targetHints":{"allow":["GET"]}}],"collection":[{"href":"https:\/\/boreait.com\/hu\/wp-json\/wp\/v2\/product"}],"about":[{"href":"https:\/\/boreait.com\/hu\/wp-json\/wp\/v2\/types\/product"}],"wp:featuredmedia":[{"embeddable":true,"href":"https:\/\/boreait.com\/hu\/wp-json\/wp\/v2\/media\/7923"}],"wp:attachment":[{"href":"https:\/\/boreait.com\/hu\/wp-json\/wp\/v2\/media?parent=7890"}],"wp:term":[{"taxonomy":"product_brand","embeddable":true,"href":"https:\/\/boreait.com\/hu\/wp-json\/wp\/v2\/product_brand?post=7890"},{"taxonomy":"product_cat","embeddable":true,"href":"https:\/\/boreait.com\/hu\/wp-json\/wp\/v2\/product_cat?post=7890"},{"taxonomy":"product_tag","embeddable":true,"href":"https:\/\/boreait.com\/hu\/wp-json\/wp\/v2\/product_tag?post=7890"}],"curies":[{"name":"wp","href":"https:\/\/api.w.org\/{rel}","templated":true}]}}