{"id":7887,"date":"2025-09-17T11:58:23","date_gmt":"2025-09-17T09:58:23","guid":{"rendered":"https:\/\/boreait.com\/hu\/?post_type=product&#038;p=7887"},"modified":"2026-01-27T10:45:43","modified_gmt":"2026-01-27T09:45:43","slug":"hasznalt-hangszoro-a-hp-compaq-6720-6720s-550-keszulekhez-eredeti-cserealkatresz","status":"publish","type":"product","link":"https:\/\/boreait.com\/hu\/termek\/hasznalt-hangszoro-a-hp-compaq-6720-6720s-550-keszulekhez-eredeti-cserealkatresz\/","title":{"rendered":"Haszn\u00e1lt hangsz\u00f3r\u00f3 a HP Compaq 6720 6720s 550 k\u00e9sz\u00fcl\u00e9khez \u2013 Eredeti cserealkatr\u00e9sz"},"content":{"rendered":"<p>Jav\u00edtsa HP Compaq 6720, 6720s vagy 550 laptopja hangteljes\u00edtm\u00e9ny\u00e9t ezzel az eredeti haszn\u00e1lt hangsz\u00f3r\u00f3val. A tiszta \u00e9s \u00e9les hangz\u00e1sra tervezett megb\u00edzhat\u00f3 cserealkatr\u00e9sz jav\u00edtja az \u00e1ltal\u00e1nos sz\u00e1m\u00edt\u00e1stechnikai \u00e9lm\u00e9nyt.<\/p>\n<p>F\u0151bb jellemz\u0151k:<\/p>\n<ul>\n<li>Eredeti csere: Biztos\u00edtsa a kompatibilit\u00e1st \u00e9s a megb\u00edzhat\u00f3s\u00e1got egy eredeti haszn\u00e1lt hangsz\u00f3r\u00f3val.<\/li>\n<li>Tov\u00e1bbfejlesztett hangmin\u0151s\u00e9g: N\u00f6velje laptopja hangteljes\u00edtm\u00e9ny\u00e9t a mag\u00e1val ragad\u00f3 \u00e9lm\u00e9ny \u00e9rdek\u00e9ben.<\/li>\n<li>Kompatibilit\u00e1s: T\u00f6bb HP Compaq modellel is kompatibilis a sokoldal\u00fas\u00e1g \u00e9rdek\u00e9ben.<\/li>\n<\/ul>\n<p>K\u00e9rj\u00fck, vegye figyelembe, hogy ez a hangsz\u00f3r\u00f3 haszn\u00e1lt alkatr\u00e9sz, de tesztelt\u00e9k, hogy megfeleljen min\u0151s\u00e9gi szabv\u00e1nyainknak. B\u00e1r nem adunk r\u00e9szletes telep\u00edt\u00e9si utas\u00edt\u00e1sokat, a csere folyamata \u00e1ltal\u00e1ban egyszer\u0171.<\/p>\n<p>Friss\u00edtse HP Compaq laptopja hangj\u00e1t m\u00e9g ma ezzel az eredeti haszn\u00e1lt hangsz\u00f3r\u00f3val. V\u00e1s\u00e1roljon bizalommal, tudva, hogy min\u0151s\u00e9gi cserealkatr\u00e9szre fektet be. Ha k\u00e9rd\u00e9se van, vagy tov\u00e1bbi seg\u00edts\u00e9gre van sz\u00fcks\u00e9ge, ne habozzon kapcsolatba l\u00e9pni vel\u00fcnk. Az\u00e9rt vagyunk itt, hogy seg\u00edts\u00fcnk \u00d6nnek a sz\u00e1m\u00edt\u00e1stechnikai \u00e9lm\u00e9ny jav\u00edt\u00e1s\u00e1ban.<\/p>\n","protected":false},"excerpt":{"rendered":"<p>Friss\u00edtse HP Compaq 6720 6720s 550 hangj\u00e1t ezzel az eredeti haszn\u00e1lt hangsz\u00f3r\u00f3val. Jav\u00edtsa laptopja hangmin\u0151s\u00e9g\u00e9t ezzel a megb\u00edzhat\u00f3 cserealkatr\u00e9szrel. T\u00f6bb HP Compaq modellel is kompatibilis.<\/p>\n","protected":false},"featured_media":7920,"template":"","meta":[],"product_brand":[],"product_cat":[16],"product_tag":[25],"class_list":{"0":"post-7887","1":"product","2":"type-product","3":"status-publish","4":"has-post-thumbnail","6":"product_cat-laptop-housing","7":"product_tag-hp","9":"first","10":"instock","11":"taxable","12":"shipping-taxable","13":"purchasable","14":"product-type-simple"},"_links":{"self":[{"href":"https:\/\/boreait.com\/hu\/wp-json\/wp\/v2\/product\/7887","targetHints":{"allow":["GET"]}}],"collection":[{"href":"https:\/\/boreait.com\/hu\/wp-json\/wp\/v2\/product"}],"about":[{"href":"https:\/\/boreait.com\/hu\/wp-json\/wp\/v2\/types\/product"}],"wp:featuredmedia":[{"embeddable":true,"href":"https:\/\/boreait.com\/hu\/wp-json\/wp\/v2\/media\/7920"}],"wp:attachment":[{"href":"https:\/\/boreait.com\/hu\/wp-json\/wp\/v2\/media?parent=7887"}],"wp:term":[{"taxonomy":"product_brand","embeddable":true,"href":"https:\/\/boreait.com\/hu\/wp-json\/wp\/v2\/product_brand?post=7887"},{"taxonomy":"product_cat","embeddable":true,"href":"https:\/\/boreait.com\/hu\/wp-json\/wp\/v2\/product_cat?post=7887"},{"taxonomy":"product_tag","embeddable":true,"href":"https:\/\/boreait.com\/hu\/wp-json\/wp\/v2\/product_tag?post=7887"}],"curies":[{"name":"wp","href":"https:\/\/api.w.org\/{rel}","templated":true}]}}