{"id":7885,"date":"2025-09-17T11:58:23","date_gmt":"2025-09-17T09:58:23","guid":{"rendered":"https:\/\/boreait.com\/hu\/?post_type=product&#038;p=7885"},"modified":"2026-01-27T10:45:13","modified_gmt":"2026-01-27T09:45:13","slug":"eredeti-hp-compaq-6720s-modem-alaplapi-portkartya-portkabel-449139-001","status":"publish","type":"product","link":"https:\/\/boreait.com\/hu\/termek\/eredeti-hp-compaq-6720s-modem-alaplapi-portkartya-portkabel-449139-001\/","title":{"rendered":"Eredeti HP Compaq 6720s modem alaplapi portk\u00e1rtya portk\u00e1bel 449139-001"},"content":{"rendered":"<p>N\u00f6velje HP Compaq 6720s laptopja csatlakoztathat\u00f3s\u00e1g\u00e1t a 449139-001 cikksz\u00e1m\u00fa, eredeti modemk\u00e1rtya portk\u00e1rtya portk\u00e1bellel. Ez a prec\u00edzen \u00e9s megb\u00edzhat\u00f3an kialak\u00edtott hiteles cserealkatr\u00e9sz z\u00f6kken\u0151mentes integr\u00e1ci\u00f3t \u00e9s optim\u00e1lis teljes\u00edtm\u00e9nyt biztos\u00edt.<\/p>\n<p>F\u0151bb jellemz\u0151k:<\/p>\n<ul>\n<li>Eredeti HP csere: Biztos\u00edtsa a kompatibilit\u00e1st \u00e9s a megb\u00edzhat\u00f3s\u00e1got az eredeti cserealkatr\u00e9szekkel.<\/li>\n<li>Egyszer\u0171 telep\u00edt\u00e9s: Egyszer\u0171 telep\u00edt\u00e9ssel k\u00f6nnyed\u00e9n friss\u00edtheti laptopja csatlakoztathat\u00f3s\u00e1g\u00e1t, nincs sz\u00fcks\u00e9g szakmai seg\u00edts\u00e9gre.<\/li>\n<li>Tov\u00e1bbfejlesztett csatlakoztathat\u00f3s\u00e1g: B\u0151v\u00edtse HP Compaq 6720s csatlakoztat\u00e1si lehet\u0151s\u00e9geit ezzel a modemk\u00e1rtya portk\u00e1rtya portk\u00e1bellel.<\/li>\n<li>Kompatibilit\u00e1s: Kifejezetten a HP Compaq 6720-hoz tervezt\u00e9k, t\u00f6k\u00e9letes illeszked\u00e9st \u00e9s z\u00f6kken\u0151mentes integr\u00e1ci\u00f3t biztos\u00edtva.<\/li>\n<\/ul>\n<p>Friss\u00edtse laptopja csatlakoztathat\u00f3s\u00e1g\u00e1t: Tapasztalja meg a tov\u00e1bbfejlesztett csatlakoztathat\u00f3s\u00e1got \u00e9s funkcionalit\u00e1st azzal, hogy tov\u00e1bbfejleszti laptopj\u00e1t ezzel az eredeti modemk\u00e1rtya portk\u00e1rtya portk\u00e1bellel.<\/p>\n<p>Egyszer\u0171 telep\u00edt\u00e9s: K\u00f6nnyed\u00e9n friss\u00edtheti laptopja csatlakoztathat\u00f3s\u00e1g\u00e1t az egyszer\u0171 telep\u00edt\u00e9ssel, nincs sz\u00fcks\u00e9g szakmai seg\u00edts\u00e9gre.<\/p>\n<p>Min\u0151s\u00e9gbiztos\u00edt\u00e1s: Biztos lehet benne, hogy egy kiv\u00e1l\u00f3 min\u0151s\u00e9g\u0171, eredeti HP cserealkatr\u00e9szbe fektet be, amelyet a megb\u00edzhat\u00f3s\u00e1g \u00e9s a hossz\u00fa \u00e9lettartam \u00e9rdek\u00e9ben terveztek.<\/p>\n<p>K\u00e9rj\u00fck, vegye figyelembe, hogy b\u00e1r a r\u00e9szletes telep\u00edt\u00e9si utas\u00edt\u00e1sokat nem adjuk meg, nyugodtan forduljon hozz\u00e1nk, ha k\u00e9rd\u00e9se van, vagy seg\u00edts\u00e9gre van sz\u00fcks\u00e9ge. A list\u00e1n szerepl\u0151 val\u00f3di term\u00e9kfot\u00f3k pontosan le\u00edrj\u00e1k, hogy mit fog kapni, t\u00fckr\u00f6zve az \u00e1tl\u00e1that\u00f3s\u00e1g \u00e9s az \u00fcgyfelek el\u00e9gedetts\u00e9ge ir\u00e1nti elk\u00f6telezetts\u00e9g\u00fcnket.<\/p>\n<p>Friss\u00edtse HP Compaq 6720s laptopj\u00e1t m\u00e9g ma az eredeti modemk\u00e1rtya portk\u00e1rtya portk\u00e1bellel. V\u00e1s\u00e1roljon bizalommal, tudva, hogy laptopja min\u0151s\u00e9gi cserealkatr\u00e9sz\u00e9be fektet be. Ha k\u00e9rd\u00e9se van, vagy tov\u00e1bbi seg\u00edts\u00e9gre van sz\u00fcks\u00e9ge, ne habozzon kapcsolatba l\u00e9pni vel\u00fcnk. Az\u00e9rt vagyunk itt, hogy seg\u00edts\u00fcnk eszk\u00f6ze csatlakoztathat\u00f3s\u00e1g\u00e1nak jav\u00edt\u00e1s\u00e1ban.<\/p>\n","protected":false},"excerpt":{"rendered":"<p>Fejtse fel HP Compaq 6720s k\u00e9sz\u00fcl\u00e9k\u00e9t ezzel az eredeti modemk\u00e1rtya portk\u00e1rtya portk\u00e1bellel. K\u00f6nny\u0171 telep\u00edt\u00e9s \u00e9s kompatibilit\u00e1s a 449139-001 cikksz\u00e1mmal. Friss\u00edtse laptopj\u00e1t m\u00e9g ma!<\/p>\n","protected":false},"featured_media":7917,"template":"","meta":[],"product_brand":[],"product_cat":[20],"product_tag":[25],"class_list":{"0":"post-7885","1":"product","2":"type-product","3":"status-publish","4":"has-post-thumbnail","6":"product_cat-cables","7":"product_tag-hp","9":"first","10":"instock","11":"taxable","12":"shipping-taxable","13":"purchasable","14":"product-type-simple"},"_links":{"self":[{"href":"https:\/\/boreait.com\/hu\/wp-json\/wp\/v2\/product\/7885","targetHints":{"allow":["GET"]}}],"collection":[{"href":"https:\/\/boreait.com\/hu\/wp-json\/wp\/v2\/product"}],"about":[{"href":"https:\/\/boreait.com\/hu\/wp-json\/wp\/v2\/types\/product"}],"wp:featuredmedia":[{"embeddable":true,"href":"https:\/\/boreait.com\/hu\/wp-json\/wp\/v2\/media\/7917"}],"wp:attachment":[{"href":"https:\/\/boreait.com\/hu\/wp-json\/wp\/v2\/media?parent=7885"}],"wp:term":[{"taxonomy":"product_brand","embeddable":true,"href":"https:\/\/boreait.com\/hu\/wp-json\/wp\/v2\/product_brand?post=7885"},{"taxonomy":"product_cat","embeddable":true,"href":"https:\/\/boreait.com\/hu\/wp-json\/wp\/v2\/product_cat?post=7885"},{"taxonomy":"product_tag","embeddable":true,"href":"https:\/\/boreait.com\/hu\/wp-json\/wp\/v2\/product_tag?post=7885"}],"curies":[{"name":"wp","href":"https:\/\/api.w.org\/{rel}","templated":true}]}}