{"id":7884,"date":"2025-09-17T11:58:23","date_gmt":"2025-09-17T09:58:23","guid":{"rendered":"https:\/\/boreait.com\/hu\/?post_type=product&#038;p=7884"},"modified":"2025-09-17T11:58:30","modified_gmt":"2025-09-17T09:58:30","slug":"eredeti-billentyuzet-a-hp-compaq-6720s-6520s-es-540-550-keszulekekhez","status":"publish","type":"product","link":"https:\/\/boreait.com\/hu\/termek\/eredeti-billentyuzet-a-hp-compaq-6720s-6520s-es-540-550-keszulekekhez\/","title":{"rendered":"EREDETI billenty\u0171zet a HP Compaq 6720s, 6520s \u00e9s 540, 550 k\u00e9sz\u00fcl\u00e9kekhez"},"content":{"rendered":"<p>Fokozza a g\u00e9pel\u00e9si \u00e9lm\u00e9nyt HP Compaq 6720s \u00e9s 550 k\u00e9sz\u00fcl\u00e9k\u00e9n az eredeti billenty\u0171zettel. A kompatibilit\u00e1s \u00e9s a megb\u00edzhat\u00f3s\u00e1g jegy\u00e9ben k\u00e9sz\u00fclt ez az eredeti cserealkatr\u00e9sz, amely z\u00f6kken\u0151mentes integr\u00e1ci\u00f3t biztos\u00edt laptopj\u00e1val.<\/p>\n<p>F\u0151bb jellemz\u0151k:<\/p>\n<ul>\n<li>Eredeti HP csere: Biztos\u00edtsa a kompatibilit\u00e1st \u00e9s a megb\u00edzhat\u00f3s\u00e1got az eredeti cserealkatr\u00e9szekkel.<\/li>\n<li>Elrendez\u00e9s: szlov\u00e9n (SLO) \u2013 m\u00e1s nyelvekkel \u00e9s orsz\u00e1gokkal is kompatibilis. Kompatibilis a k\u00f6vetkez\u0151 cikksz\u00e1mokkal: 456624-001 455264-001 455264-BA1.<\/li>\n<li>Tov\u00e1bbfejlesztett g\u00e9pel\u00e9si \u00e9lm\u00e9ny: N\u00f6velje g\u00e9pel\u00e9si \u00e9lm\u00e9ny\u00e9t ezzel az eredeti, a HP Compaq 6720-hoz \u00e9s 550-hez tervezett billenty\u0171zettel.<\/li>\n<li>Egyszer\u0171 telep\u00edt\u00e9s: Egyszer\u0171 telep\u00edt\u00e9ssel k\u00f6nnyed\u00e9n friss\u00edtheti laptopj\u00e1t, nincs sz\u00fcks\u00e9g szakmai seg\u00edts\u00e9gre.<\/li>\n<li>Min\u0151s\u00e9gbiztos\u00edt\u00e1s: Biztos lehet benne, hogy egy kiv\u00e1l\u00f3 min\u0151s\u00e9g\u0171, eredeti HP cserealkatr\u00e9szbe fektet be, amelyet a megb\u00edzhat\u00f3s\u00e1g \u00e9s a hossz\u00fa \u00e9lettartam \u00e9rdek\u00e9ben terveztek.<\/li>\n<\/ul>\n<p>Friss\u00edtse HP Compaq 6720s \u00e9s 550 k\u00e9sz\u00fcl\u00e9keit m\u00e9g ma az eredeti billenty\u0171zettel. V\u00e1s\u00e1roljon bizalommal, tudva, hogy laptopja min\u0151s\u00e9gi cserealkatr\u00e9sz\u00e9be fektet be. Ha k\u00e9rd\u00e9se van, vagy tov\u00e1bbi seg\u00edts\u00e9gre van sz\u00fcks\u00e9ge, ne habozzon kapcsolatba l\u00e9pni vel\u00fcnk. Az\u00e9rt vagyunk itt, hogy seg\u00edts\u00fcnk \u00d6nnek a g\u00e9pel\u00e9si \u00e9lm\u00e9ny jav\u00edt\u00e1s\u00e1ban.<\/p>\n","protected":false},"excerpt":{"rendered":"<p>Emelje fel HP Compaq 6720s \u00e9s 550 k\u00e9sz\u00fcl\u00e9k\u00e9t ezzel az eredeti billenty\u0171zettel. Biztos\u00edtsa a kompatibilit\u00e1st \u00e9s a megb\u00edzhat\u00f3s\u00e1got ezzel az eredeti cserealkatr\u00e9szrel. Friss\u00edtse laptopja g\u00e9pel\u00e9si \u00e9lm\u00e9ny\u00e9t m\u00e9g ma!<\/p>\n","protected":false},"featured_media":7915,"template":"","meta":[],"product_brand":[],"product_cat":[35],"product_tag":[25],"class_list":{"0":"post-7884","1":"product","2":"type-product","3":"status-publish","4":"has-post-thumbnail","6":"product_cat-laptop-keyboard","7":"product_tag-hp","9":"first","10":"instock","11":"taxable","12":"shipping-taxable","13":"purchasable","14":"product-type-simple"},"_links":{"self":[{"href":"https:\/\/boreait.com\/hu\/wp-json\/wp\/v2\/product\/7884","targetHints":{"allow":["GET"]}}],"collection":[{"href":"https:\/\/boreait.com\/hu\/wp-json\/wp\/v2\/product"}],"about":[{"href":"https:\/\/boreait.com\/hu\/wp-json\/wp\/v2\/types\/product"}],"wp:featuredmedia":[{"embeddable":true,"href":"https:\/\/boreait.com\/hu\/wp-json\/wp\/v2\/media\/7915"}],"wp:attachment":[{"href":"https:\/\/boreait.com\/hu\/wp-json\/wp\/v2\/media?parent=7884"}],"wp:term":[{"taxonomy":"product_brand","embeddable":true,"href":"https:\/\/boreait.com\/hu\/wp-json\/wp\/v2\/product_brand?post=7884"},{"taxonomy":"product_cat","embeddable":true,"href":"https:\/\/boreait.com\/hu\/wp-json\/wp\/v2\/product_cat?post=7884"},{"taxonomy":"product_tag","embeddable":true,"href":"https:\/\/boreait.com\/hu\/wp-json\/wp\/v2\/product_tag?post=7884"}],"curies":[{"name":"wp","href":"https:\/\/api.w.org\/{rel}","templated":true}]}}