{"id":7883,"date":"2025-09-17T11:58:23","date_gmt":"2025-09-17T09:58:23","guid":{"rendered":"https:\/\/boreait.com\/hu\/?post_type=product&#038;p=7883"},"modified":"2025-09-17T11:58:29","modified_gmt":"2025-09-17T09:58:29","slug":"eredeti-hp-6720s-456803-001-csuklotamasz-laptop-cserealkatresz","status":"publish","type":"product","link":"https:\/\/boreait.com\/hu\/termek\/eredeti-hp-6720s-456803-001-csuklotamasz-laptop-cserealkatresz\/","title":{"rendered":"Eredeti HP 6720s 456803-001 csukl\u00f3t\u00e1masz &#8211; Laptop cserealkatr\u00e9sz"},"content":{"rendered":"<p>Alak\u00edtsa \u00e1t HP 6720s laptopj\u00e1t az eredeti csukl\u00f3t\u00e1masz cserealkatr\u00e9szsel, a 456803-001 modellel. Ez a prec\u00edzen \u00e9s hitelesen elk\u00e9sz\u00edtett cseredarab garant\u00e1lja a z\u00f6kken\u0151mentes kompatibilit\u00e1st \u00e9s vissza\u00e1ll\u00edtja k\u00e9sz\u00fcl\u00e9ke eredeti min\u0151s\u00e9g\u00e9t.<\/p>\n<p>F\u0151bb jellemz\u0151k:<\/p>\n<ul>\n<li>Eredeti HP csere: Gy\u0151z\u0151dj\u00f6n meg a hiteless\u00e9gr\u0151l \u00e9s a kompatibilit\u00e1sr\u00f3l ezzel az eredeti cserealkatr\u00e9szrel.<\/li>\n<li>K\u00f6nny\u0171 telep\u00edt\u00e9s: professzion\u00e1lis seg\u00edts\u00e9g n\u00e9lk\u00fcl, k\u00f6nnyed\u00e9n friss\u00edtheti laptopj\u00e1t.<\/li>\n<li>Fokozza az eszt\u00e9tik\u00e1t: ezzel az eredeti csukl\u00f3t\u00e1masz cser\u00e9vel \u00e1ll\u00edtsa vissza HP 6720-asok eleg\u00e1ns megjelen\u00e9s\u00e9t.<\/li>\n<li>Tart\u00f3s konstrukci\u00f3: Tart\u00f3sra tervezve, hossz\u00fa \u00e9lettartamot \u00e9s v\u00e9delmet biztos\u00edt eszk\u00f6z\u00e9nek.<\/li>\n<\/ul>\n<p>Friss\u00edtse HP 6720s laptopj\u00e1t m\u00e9g ma az eredeti csukl\u00f3t\u00e1masz-cserealkatr\u00e9szrel, a 456803-001-es modellel. V\u00e1s\u00e1roljon bizalommal, tudva, hogy k\u00e9sz\u00fcl\u00e9ke min\u0151s\u00e9gi cser\u00e9j\u00e9be fektet be. B\u00e1rmilyen k\u00e9rd\u00e9ssel vagy seg\u00edts\u00e9ggel kapcsolatban forduljon hozz\u00e1nk bizalommal. Az\u00e9rt vagyunk itt, hogy seg\u00edts\u00fcnk jav\u00edtani a sz\u00e1m\u00edt\u00e1stechnikai \u00e9lm\u00e9nyt.<\/p>\n","protected":false},"excerpt":{"rendered":"<p>Friss\u00edtse HP 6720s laptopj\u00e1t ezzel az eredeti csukl\u00f3t\u00e1masz-cserealkatr\u00e9szrel, a 456803-001-es modellel. Biztos\u00edtsa a z\u00f6kken\u0151mentes kompatibilit\u00e1st \u00e9s a val\u00f3di min\u0151s\u00e9get. Fejlessze laptopj\u00e1t m\u00e9g ma!<\/p>\n","protected":false},"featured_media":7913,"template":"","meta":[],"product_brand":[],"product_cat":[16],"product_tag":[25],"class_list":{"0":"post-7883","1":"product","2":"type-product","3":"status-publish","4":"has-post-thumbnail","6":"product_cat-laptop-housing","7":"product_tag-hp","9":"first","10":"instock","11":"taxable","12":"shipping-taxable","13":"purchasable","14":"product-type-simple"},"_links":{"self":[{"href":"https:\/\/boreait.com\/hu\/wp-json\/wp\/v2\/product\/7883","targetHints":{"allow":["GET"]}}],"collection":[{"href":"https:\/\/boreait.com\/hu\/wp-json\/wp\/v2\/product"}],"about":[{"href":"https:\/\/boreait.com\/hu\/wp-json\/wp\/v2\/types\/product"}],"wp:featuredmedia":[{"embeddable":true,"href":"https:\/\/boreait.com\/hu\/wp-json\/wp\/v2\/media\/7913"}],"wp:attachment":[{"href":"https:\/\/boreait.com\/hu\/wp-json\/wp\/v2\/media?parent=7883"}],"wp:term":[{"taxonomy":"product_brand","embeddable":true,"href":"https:\/\/boreait.com\/hu\/wp-json\/wp\/v2\/product_brand?post=7883"},{"taxonomy":"product_cat","embeddable":true,"href":"https:\/\/boreait.com\/hu\/wp-json\/wp\/v2\/product_cat?post=7883"},{"taxonomy":"product_tag","embeddable":true,"href":"https:\/\/boreait.com\/hu\/wp-json\/wp\/v2\/product_tag?post=7883"}],"curies":[{"name":"wp","href":"https:\/\/api.w.org\/{rel}","templated":true}]}}