{"id":7863,"date":"2025-09-17T11:58:01","date_gmt":"2025-09-17T09:58:01","guid":{"rendered":"https:\/\/boreait.com\/hu\/?post_type=product&#038;p=7863"},"modified":"2025-09-17T11:58:27","modified_gmt":"2025-09-17T09:58:27","slug":"eredeti-lenovo-thinkpad-e550-e555-e560-webkamera","status":"publish","type":"product","link":"https:\/\/boreait.com\/hu\/termek\/eredeti-lenovo-thinkpad-e550-e555-e560-webkamera\/","title":{"rendered":"Eredeti Lenovo ThinkPad E550 E555 E560 webkamera"},"content":{"rendered":"<p>Emelje fel Lenovo ThinkPad E550, E555 vagy E560 k\u00e9sz\u00fcl\u00e9k\u00e9t az eredeti webkamer\u00e1val. A pontoss\u00e1g \u00e9s a kompatibilit\u00e1s szem el\u0151tt tart\u00e1s\u00e1val k\u00e9sz\u00fclt ez az autentikus alkatr\u00e9sz tiszta \u00e9s megb\u00edzhat\u00f3 videoh\u00edv\u00e1sokat \u00e9s konferenci\u00e1kat biztos\u00edt.<\/p>\n<p>F\u0151bb jellemz\u0151k:<\/p>\n<ul>\n<li>Eredeti Lenovo csere: A kompatibilit\u00e1s \u00e9s a megb\u00edzhat\u00f3s\u00e1g biztos\u00edt\u00e1sa hiteles cserealkatr\u00e9szekkel.<\/li>\n<li>Tov\u00e1bbfejlesztett videoh\u00edv\u00e1sok: \u00c9lvezze az \u00e9les \u00e9s tiszta videoh\u00edv\u00e1sokat ezzel a kiv\u00e1l\u00f3 min\u0151s\u00e9g\u0171 webkamer\u00e1val.<\/li>\n<li>Egyszer\u0171 telep\u00edt\u00e9s: k\u00f6nnyed\u00e9n friss\u00edtheti laptopj\u00e1t szakmai seg\u00edts\u00e9g n\u00e9lk\u00fcl.<\/li>\n<li>Kompatibilit\u00e1s: A z\u00f6kken\u0151mentes integr\u00e1ci\u00f3 \u00e9rdek\u00e9ben kifejezetten a ThinkPad E550, E555 \u00e9s E560 modellekhez tervezt\u00e9k.<\/li>\n<\/ul>\n<p>Friss\u00edtse laptopj\u00e1t m\u00e9g ma a Lenovo ThinkPad E550, E555 \u00e9s E560 eredeti webkamer\u00e1val. V\u00e1s\u00e1roljon bizalommal, tudva, hogy min\u0151s\u00e9gi cserealkatr\u00e9szekbe fektet be k\u00e9sz\u00fcl\u00e9k\u00e9hez.<\/p>\n","protected":false},"excerpt":{"rendered":"<p>Friss\u00edtse Lenovo ThinkPad E550, E555 vagy E560 k\u00e9sz\u00fcl\u00e9k\u00e9t ezzel az eredeti webkamer\u00e1val. \u00c9lvezze az \u00e9les videoh\u00edv\u00e1sokat \u00e9s konferenci\u00e1kat ezzel a megb\u00edzhat\u00f3 cserealkatr\u00e9szrel. Egyszer\u0171 telep\u00edt\u00e9s a probl\u00e9mamentes friss\u00edt\u00e9s \u00e9rdek\u00e9ben.<\/p>\n","protected":false},"featured_media":7912,"template":"","meta":[],"product_brand":[],"product_cat":[23],"product_tag":[26],"class_list":{"0":"post-7863","1":"product","2":"type-product","3":"status-publish","4":"has-post-thumbnail","6":"product_cat-laptop-camera","7":"product_tag-lenovo","9":"first","10":"instock","11":"taxable","12":"shipping-taxable","13":"purchasable","14":"product-type-simple"},"_links":{"self":[{"href":"https:\/\/boreait.com\/hu\/wp-json\/wp\/v2\/product\/7863","targetHints":{"allow":["GET"]}}],"collection":[{"href":"https:\/\/boreait.com\/hu\/wp-json\/wp\/v2\/product"}],"about":[{"href":"https:\/\/boreait.com\/hu\/wp-json\/wp\/v2\/types\/product"}],"wp:featuredmedia":[{"embeddable":true,"href":"https:\/\/boreait.com\/hu\/wp-json\/wp\/v2\/media\/7912"}],"wp:attachment":[{"href":"https:\/\/boreait.com\/hu\/wp-json\/wp\/v2\/media?parent=7863"}],"wp:term":[{"taxonomy":"product_brand","embeddable":true,"href":"https:\/\/boreait.com\/hu\/wp-json\/wp\/v2\/product_brand?post=7863"},{"taxonomy":"product_cat","embeddable":true,"href":"https:\/\/boreait.com\/hu\/wp-json\/wp\/v2\/product_cat?post=7863"},{"taxonomy":"product_tag","embeddable":true,"href":"https:\/\/boreait.com\/hu\/wp-json\/wp\/v2\/product_tag?post=7863"}],"curies":[{"name":"wp","href":"https:\/\/api.w.org\/{rel}","templated":true}]}}