{"id":7862,"date":"2025-09-17T11:58:00","date_gmt":"2025-09-17T09:58:00","guid":{"rendered":"https:\/\/boreait.com\/hu\/?post_type=product&#038;p=7862"},"modified":"2025-09-17T11:58:21","modified_gmt":"2025-09-17T09:58:21","slug":"eredeti-hp-6720s-also-fedel-laptop-cserealkatresz","status":"publish","type":"product","link":"https:\/\/boreait.com\/hu\/termek\/eredeti-hp-6720s-also-fedel-laptop-cserealkatresz\/","title":{"rendered":"Eredeti HP 6720s als\u00f3 fed\u00e9l \u2013 Laptop cserealkatr\u00e9sz"},"content":{"rendered":"<p>V\u00e9dje meg \u00e9s n\u00f6velje HP 6720s laptopja \u00e9lettartam\u00e1t az eredeti als\u00f3 bor\u00edt\u00e1ssal. A pontoss\u00e1got \u00e9s megb\u00edzhat\u00f3s\u00e1got szem el\u0151tt tartva k\u00e9sz\u00fclt, ez az autentikus alkatr\u00e9sz nemcsak laptopja tart\u00f3ss\u00e1g\u00e1t jav\u00edtja, hanem z\u00f6kken\u0151mentes kompatibilit\u00e1st is biztos\u00edt a probl\u00e9mamentes friss\u00edt\u00e9s \u00e9rdek\u00e9ben.<\/p>\n<p>F\u0151bb jellemz\u0151k:<\/p>\n<ul>\n<li>Eredeti HP csere: Biztos\u00edtsa a kompatibilit\u00e1st \u00e9s a megb\u00edzhat\u00f3s\u00e1got az eredeti cserealkatr\u00e9szekkel.<\/li>\n<li>Tov\u00e1bbi tart\u00f3ss\u00e1g: Ezzel az er\u0151s als\u00f3 bor\u00edt\u00e1ssal \u00f3vja meg laptopj\u00e1t a karcol\u00e1sokt\u00f3l, port\u00f3l \u00e9s egy\u00e9b k\u00fcls\u0151 s\u00e9r\u00fcl\u00e9sekt\u0151l.<\/li>\n<li>Egyszer\u0171 telep\u00edt\u00e9s: K\u00f6nnyed\u00e9n n\u00f6velheti laptopja tart\u00f3ss\u00e1g\u00e1t az egyszer\u0171 telep\u00edt\u00e9ssel, nincs sz\u00fcks\u00e9g szakmai seg\u00edts\u00e9gre.<\/li>\n<\/ul>\n<p>Friss\u00edtse laptopja v\u00e9delm\u00e9t: Nyugodtan tapasztalhatja meg, hogy HP 6720s laptopja j\u00f3l v\u00e9dett ezzel az eredeti als\u00f3 bor\u00edt\u00e1ssal.<\/p>\n<p>Min\u0151s\u00e9gbiztos\u00edt\u00e1s: Biztos lehet benne, hogy egy kiv\u00e1l\u00f3 min\u0151s\u00e9g\u0171, eredeti HP cserealkatr\u00e9szbe fektet be, amelyet a megb\u00edzhat\u00f3s\u00e1g \u00e9s a hossz\u00fa \u00e9lettartam \u00e9rdek\u00e9ben terveztek.<\/p>\n<p>K\u00e9rj\u00fck, vegye figyelembe, hogy b\u00e1r a r\u00e9szletes telep\u00edt\u00e9si utas\u00edt\u00e1sokat nem adjuk meg, nyugodtan forduljon hozz\u00e1nk, ha k\u00e9rd\u00e9se van, vagy seg\u00edts\u00e9gre van sz\u00fcks\u00e9ge. A list\u00e1n szerepl\u0151 val\u00f3di term\u00e9kfot\u00f3k pontosan le\u00edrj\u00e1k, hogy mit fog kapni, t\u00fckr\u00f6zve az \u00e1tl\u00e1that\u00f3s\u00e1g \u00e9s az \u00fcgyfelek el\u00e9gedetts\u00e9ge ir\u00e1nti elk\u00f6telezetts\u00e9g\u00fcnket.<\/p>\n<p>Friss\u00edtse HP 6720s laptopj\u00e1t m\u00e9g ma az eredeti als\u00f3 burkolat cser\u00e9j\u00e9vel. V\u00e1s\u00e1roljon bizalommal, tudva, hogy min\u0151s\u00e9gi cserealkatr\u00e9szekbe fektet be k\u00e9sz\u00fcl\u00e9k\u00e9hez. Ha k\u00e9rd\u00e9se van, vagy tov\u00e1bbi seg\u00edts\u00e9gre van sz\u00fcks\u00e9ge, ne habozzon kapcsolatba l\u00e9pni vel\u00fcnk. Az\u00e9rt vagyunk itt, hogy seg\u00edts\u00fcnk k\u00e9sz\u00fcl\u00e9ke tart\u00f3ss\u00e1g\u00e1nak n\u00f6vel\u00e9s\u00e9ben.<\/p>\n","protected":false},"excerpt":{"rendered":"<p>N\u00f6velje HP 6720s laptopja tart\u00f3ss\u00e1g\u00e1t ezzel az eredeti als\u00f3 bor\u00edt\u00e1ssal. A z\u00f6kken\u0151mentes kompatibilit\u00e1s \u00e9rdek\u00e9ben ez a r\u00e9sz optim\u00e1lis v\u00e9delmet biztos\u00edt eszk\u00f6ze sz\u00e1m\u00e1ra. Friss\u00edtse laptopj\u00e1t m\u00e9g ma!<\/p>\n","protected":false},"featured_media":7881,"template":"","meta":[],"product_brand":[],"product_cat":[16],"product_tag":[25],"class_list":{"0":"post-7862","1":"product","2":"type-product","3":"status-publish","4":"has-post-thumbnail","6":"product_cat-laptop-housing","7":"product_tag-hp","9":"first","10":"instock","11":"taxable","12":"shipping-taxable","13":"purchasable","14":"product-type-simple"},"_links":{"self":[{"href":"https:\/\/boreait.com\/hu\/wp-json\/wp\/v2\/product\/7862","targetHints":{"allow":["GET"]}}],"collection":[{"href":"https:\/\/boreait.com\/hu\/wp-json\/wp\/v2\/product"}],"about":[{"href":"https:\/\/boreait.com\/hu\/wp-json\/wp\/v2\/types\/product"}],"wp:featuredmedia":[{"embeddable":true,"href":"https:\/\/boreait.com\/hu\/wp-json\/wp\/v2\/media\/7881"}],"wp:attachment":[{"href":"https:\/\/boreait.com\/hu\/wp-json\/wp\/v2\/media?parent=7862"}],"wp:term":[{"taxonomy":"product_brand","embeddable":true,"href":"https:\/\/boreait.com\/hu\/wp-json\/wp\/v2\/product_brand?post=7862"},{"taxonomy":"product_cat","embeddable":true,"href":"https:\/\/boreait.com\/hu\/wp-json\/wp\/v2\/product_cat?post=7862"},{"taxonomy":"product_tag","embeddable":true,"href":"https:\/\/boreait.com\/hu\/wp-json\/wp\/v2\/product_tag?post=7862"}],"curies":[{"name":"wp","href":"https:\/\/api.w.org\/{rel}","templated":true}]}}