{"id":7861,"date":"2025-09-17T11:58:00","date_gmt":"2025-09-17T09:58:00","guid":{"rendered":"https:\/\/boreait.com\/hu\/?post_type=product&#038;p=7861"},"modified":"2025-09-17T11:58:19","modified_gmt":"2025-09-17T09:58:19","slug":"eredeti-lenovo-thinkpad-e550-e555-e560-felso-burkolat-cserealkatresz","status":"publish","type":"product","link":"https:\/\/boreait.com\/hu\/termek\/eredeti-lenovo-thinkpad-e550-e555-e560-felso-burkolat-cserealkatresz\/","title":{"rendered":"Eredeti Lenovo ThinkPad E550 E555 E560 fels\u0151 burkolat \u2013 cserealkatr\u00e9sz"},"content":{"rendered":"<p>Fokozza Lenovo ThinkPad E550, E555 vagy E560 megjelen\u00e9s\u00e9t \u00e9s tart\u00f3ss\u00e1g\u00e1t az eredeti fels\u0151 burkolat cser\u00e9j\u00e9vel. A prec\u00edzi\u00f3s kialak\u00edt\u00e1s\u00fa \u00e9s az eredeti specifik\u00e1ci\u00f3knak megfelel\u0151en kialak\u00edtott autentikus alkatr\u00e9sz z\u00f6kken\u0151mentes illeszked\u00e9st \u00e9s megb\u00edzhat\u00f3 teljes\u00edtm\u00e9nyt biztos\u00edt.<\/p>\n<p>F\u0151bb jellemz\u0151k:<\/p>\n<ul>\n<li>Eredeti Lenovo csere: A kompatibilit\u00e1s \u00e9s a megb\u00edzhat\u00f3s\u00e1g biztos\u00edt\u00e1sa hiteles cserealkatr\u00e9szekkel.<\/li>\n<li>Tov\u00e1bbfejlesztett megjelen\u00e9s: ezzel az eredeti fed\u0151lap cser\u00e9vel \u00e1ll\u00edtsa vissza ThinkPadje eleg\u00e1ns megjelen\u00e9s\u00e9t.<\/li>\n<li>Szerkezeti integrit\u00e1s: Ezzel a kiv\u00e1l\u00f3 min\u0151s\u00e9g\u0171 cserealkatr\u00e9szrel meg\u0151rizheti laptopja szerkezeti integrit\u00e1s\u00e1t.<\/li>\n<\/ul>\n<p>Friss\u00edtse laptopj\u00e1t: Tapasztalja meg a jobb eszt\u00e9tik\u00e1t \u00e9s a tart\u00f3ss\u00e1got, ha friss\u00edti ThinkPadj\u00e9t ezzel az eredeti fels\u0151 bor\u00edt\u00e1ssal.<\/p>\n<p>Kompatibilit\u00e1s: Kompatibilis a Lenovo ThinkPad E550, E555 \u00e9s E560 modellekkel. K\u00e9rj\u00fck, v\u00e1s\u00e1rl\u00e1s el\u0151tt ellen\u0151rizze a kompatibilit\u00e1st.<\/p>\n<p>Egyszer\u0171 telep\u00edt\u00e9s: Egyszer\u0171 telep\u00edt\u00e9ssel k\u00f6nnyed\u00e9n friss\u00edtheti ThinkPadj\u00e9t. Nincs sz\u00fcks\u00e9g szakmai seg\u00edts\u00e9gre.<\/p>\n<p>Min\u0151s\u00e9gbiztos\u00edt\u00e1s: Biztos lehet benne, hogy egy kiv\u00e1l\u00f3 min\u0151s\u00e9g\u0171, eredeti Lenovo cserealkatr\u00e9szbe fektet be, amelyet a megb\u00edzhat\u00f3s\u00e1g \u00e9s a hossz\u00fa \u00e9lettartam \u00e9rdek\u00e9ben terveztek.<\/p>\n<p>K\u00e9rj\u00fck, vegye figyelembe, hogy b\u00e1r a r\u00e9szletes telep\u00edt\u00e9si utas\u00edt\u00e1sokat nem adjuk meg, nyugodtan forduljon hozz\u00e1nk, ha k\u00e9rd\u00e9se van, vagy seg\u00edts\u00e9gre van sz\u00fcks\u00e9ge. A list\u00e1n szerepl\u0151 val\u00f3di term\u00e9kfot\u00f3k pontosan le\u00edrj\u00e1k, hogy mit fog kapni, t\u00fckr\u00f6zve az \u00e1tl\u00e1that\u00f3s\u00e1g \u00e9s az \u00fcgyfelek el\u00e9gedetts\u00e9ge ir\u00e1nti elk\u00f6telezetts\u00e9g\u00fcnket.<\/p>\n<p>Friss\u00edtse Lenovo ThinkPad E550, E555 vagy E560 k\u00e9sz\u00fcl\u00e9k\u00e9t m\u00e9g ma az eredeti fels\u0151 burkolat cser\u00e9j\u00e9vel. V\u00e1s\u00e1roljon bizalommal, tudva, hogy laptopja min\u0151s\u00e9gi cserealkatr\u00e9sz\u00e9be fektet be. Ha k\u00e9rd\u00e9se van, vagy tov\u00e1bbi seg\u00edts\u00e9gre van sz\u00fcks\u00e9ge, ne habozzon kapcsolatba l\u00e9pni vel\u00fcnk. Az\u00e9rt vagyunk itt, hogy seg\u00edts\u00fcnk eszk\u00f6ze eszt\u00e9tik\u00e1j\u00e1nak \u00e9s teljes\u00edtm\u00e9ny\u00e9nek jav\u00edt\u00e1s\u00e1ban.<\/p>\n","protected":false},"excerpt":{"rendered":"<p>Emelje fel Lenovo ThinkPad E550, E555 vagy E560 k\u00e9sz\u00fcl\u00e9k\u00e9t ezzel az eredeti fels\u0151 bor\u00edt\u00e1ssal. Ezzel az autentikus alkatr\u00e9szrel \u00e1ll\u00edtsa vissza laptopja eleg\u00e1ns megjelen\u00e9s\u00e9t \u00e9s szerkezeti integrit\u00e1s\u00e1t. Kompatibilis a meghat\u00e1rozott modellekkel. Friss\u00edtse k\u00e9sz\u00fcl\u00e9k\u00e9t m\u00e9g ma!<\/p>\n","protected":false},"featured_media":7879,"template":"","meta":[],"product_brand":[],"product_cat":[16],"product_tag":[26],"class_list":{"0":"post-7861","1":"product","2":"type-product","3":"status-publish","4":"has-post-thumbnail","6":"product_cat-laptop-housing","7":"product_tag-lenovo","9":"first","10":"instock","11":"taxable","12":"shipping-taxable","13":"purchasable","14":"product-type-simple"},"_links":{"self":[{"href":"https:\/\/boreait.com\/hu\/wp-json\/wp\/v2\/product\/7861","targetHints":{"allow":["GET"]}}],"collection":[{"href":"https:\/\/boreait.com\/hu\/wp-json\/wp\/v2\/product"}],"about":[{"href":"https:\/\/boreait.com\/hu\/wp-json\/wp\/v2\/types\/product"}],"wp:featuredmedia":[{"embeddable":true,"href":"https:\/\/boreait.com\/hu\/wp-json\/wp\/v2\/media\/7879"}],"wp:attachment":[{"href":"https:\/\/boreait.com\/hu\/wp-json\/wp\/v2\/media?parent=7861"}],"wp:term":[{"taxonomy":"product_brand","embeddable":true,"href":"https:\/\/boreait.com\/hu\/wp-json\/wp\/v2\/product_brand?post=7861"},{"taxonomy":"product_cat","embeddable":true,"href":"https:\/\/boreait.com\/hu\/wp-json\/wp\/v2\/product_cat?post=7861"},{"taxonomy":"product_tag","embeddable":true,"href":"https:\/\/boreait.com\/hu\/wp-json\/wp\/v2\/product_tag?post=7861"}],"curies":[{"name":"wp","href":"https:\/\/api.w.org\/{rel}","templated":true}]}}