{"id":7860,"date":"2025-09-17T11:58:00","date_gmt":"2025-09-17T09:58:00","guid":{"rendered":"https:\/\/boreait.com\/hu\/?post_type=product&#038;p=7860"},"modified":"2025-09-17T11:58:17","modified_gmt":"2025-09-17T09:58:17","slug":"eredeti-lenovo-thinkpad-e550-e555-e560-e565-00hn43-elolapfedel-cserealkatresz","status":"publish","type":"product","link":"https:\/\/boreait.com\/hu\/termek\/eredeti-lenovo-thinkpad-e550-e555-e560-e565-00hn43-elolapfedel-cserealkatresz\/","title":{"rendered":"Eredeti Lenovo ThinkPad E550 E555 E560 E565 00HN43 el\u0151lapfed\u00e9l cserealkatr\u00e9sz"},"content":{"rendered":"<p>Tegye \u00fajj\u00e1 ThinkPad E550-\u00e9t ezzel az eredeti el\u0151lapburkolat cserealkatr\u00e9szsel. Ez a kifejezetten a ThinkPad E550 E555 E560 E565 00HN43 modellhez tervezett burkolat prec\u00edz kialak\u00edt\u00e1s\u00fa, hogy t\u00f6k\u00e9letes illeszked\u00e9st \u00e9s z\u00f6kken\u0151mentes integr\u00e1ci\u00f3t biztos\u00edtson laptopj\u00e1val.<\/p>\n<p>F\u0151bb jellemz\u0151k:<\/p>\n<ul>\n<li>Eredeti ThinkPad csere: Biztos\u00edtsa a kompatibilit\u00e1st \u00e9s a megb\u00edzhat\u00f3s\u00e1got az eredeti cserealkatr\u00e9szekkel.<\/li>\n<li>Egyszer\u0171 telep\u00edt\u00e9s: Egyszer\u0171 telep\u00edt\u00e9ssel k\u00f6nnyed\u00e9n friss\u00edtheti laptopja megjelen\u00e9s\u00e9t.<\/li>\n<li>Tov\u00e1bbfejlesztett megjelen\u00e9s: Alak\u00edtsa \u00e1t ThinkPad E550 E555 E560 E565 00HN43 megjelen\u00e9s\u00e9t ezzel a karcs\u00fa el\u0151lappal.<\/li>\n<li>Tov\u00e1bbi v\u00e9delem: Ezzel a tart\u00f3s bor\u00edt\u00e1ssal v\u00e9dje meg a kijelz\u0151 sz\u00e9leit, \u00e9s t\u00f6k\u00e9letes megjelen\u00e9st k\u00f6lcs\u00f6n\u00f6z laptopj\u00e1nak.<\/li>\n<\/ul>\n<p>K\u00e9rj\u00fck, vegye figyelembe, hogy b\u00e1r a r\u00e9szletes telep\u00edt\u00e9si utas\u00edt\u00e1sokat nem adjuk meg, nyugodtan forduljon hozz\u00e1nk, ha k\u00e9rd\u00e9se van, vagy seg\u00edts\u00e9gre van sz\u00fcks\u00e9ge. A list\u00e1n szerepl\u0151 val\u00f3di term\u00e9kfot\u00f3k pontosan le\u00edrj\u00e1k, hogy mit fog kapni, t\u00fckr\u00f6zve az \u00e1tl\u00e1that\u00f3s\u00e1g \u00e9s az \u00fcgyfelek el\u00e9gedetts\u00e9ge ir\u00e1nti elk\u00f6telezetts\u00e9g\u00fcnket.<\/p>\n<p>Friss\u00edtse ThinkPad E550 laptopj\u00e1t m\u00e9g ma az eredeti el\u0151lapfed\u00e9l cserealkatr\u00e9szrel. V\u00e1s\u00e1roljon bizalommal, tudva, hogy laptopja min\u0151s\u00e9gi cserealkatr\u00e9sz\u00e9be fektet be. Ha k\u00e9rd\u00e9se van, vagy tov\u00e1bbi seg\u00edts\u00e9gre van sz\u00fcks\u00e9ge, ne habozzon kapcsolatba l\u00e9pni vel\u00fcnk. Az\u00e9rt vagyunk itt, hogy seg\u00edts\u00fcnk jav\u00edtani eszk\u00f6ze eszt\u00e9tik\u00e1j\u00e1t.<\/p>\n","protected":false},"excerpt":{"rendered":"<p>Fokozza ThinkPad E550 E555 E560 E565 00HN43 megjelen\u00e9s\u00e9t ezzel az eredeti el\u0151lapburkolat cserealkatr\u00e9szsel. A ThinkPad E550 modellel kompatibilis burkolat k\u00f6nnyen felszerelhet\u0151, \u00e9s \u00faj megjelen\u00e9st k\u00f6lcs\u00f6n\u00f6z laptopj\u00e1nak. Friss\u00edtse k\u00e9sz\u00fcl\u00e9k\u00e9t m\u00e9g ma!<\/p>\n","protected":false},"featured_media":7877,"template":"","meta":[],"product_brand":[],"product_cat":[16],"product_tag":[26],"class_list":{"0":"post-7860","1":"product","2":"type-product","3":"status-publish","4":"has-post-thumbnail","6":"product_cat-laptop-housing","7":"product_tag-lenovo","9":"first","10":"instock","11":"taxable","12":"shipping-taxable","13":"purchasable","14":"product-type-simple"},"_links":{"self":[{"href":"https:\/\/boreait.com\/hu\/wp-json\/wp\/v2\/product\/7860","targetHints":{"allow":["GET"]}}],"collection":[{"href":"https:\/\/boreait.com\/hu\/wp-json\/wp\/v2\/product"}],"about":[{"href":"https:\/\/boreait.com\/hu\/wp-json\/wp\/v2\/types\/product"}],"wp:featuredmedia":[{"embeddable":true,"href":"https:\/\/boreait.com\/hu\/wp-json\/wp\/v2\/media\/7877"}],"wp:attachment":[{"href":"https:\/\/boreait.com\/hu\/wp-json\/wp\/v2\/media?parent=7860"}],"wp:term":[{"taxonomy":"product_brand","embeddable":true,"href":"https:\/\/boreait.com\/hu\/wp-json\/wp\/v2\/product_brand?post=7860"},{"taxonomy":"product_cat","embeddable":true,"href":"https:\/\/boreait.com\/hu\/wp-json\/wp\/v2\/product_cat?post=7860"},{"taxonomy":"product_tag","embeddable":true,"href":"https:\/\/boreait.com\/hu\/wp-json\/wp\/v2\/product_tag?post=7860"}],"curies":[{"name":"wp","href":"https:\/\/api.w.org\/{rel}","templated":true}]}}