{"id":7858,"date":"2025-09-17T11:58:00","date_gmt":"2025-09-17T09:58:00","guid":{"rendered":"https:\/\/boreait.com\/hu\/?post_type=product&#038;p=7858"},"modified":"2025-09-17T11:58:15","modified_gmt":"2025-09-17T09:58:15","slug":"ujjlenyomat-olvaso-es-kabel-hp-compaq-nx6325-laptopokhoz","status":"publish","type":"product","link":"https:\/\/boreait.com\/hu\/termek\/ujjlenyomat-olvaso-es-kabel-hp-compaq-nx6325-laptopokhoz\/","title":{"rendered":"Ujjlenyomat-olvas\u00f3 \u00e9s k\u00e1bel HP Compaq NX6325 laptopokhoz"},"content":{"rendered":"<p>Fokozza HP Compaq NX6325 laptopja biztons\u00e1g\u00e1t \u00e9s k\u00e9nyelm\u00e9t az eredeti ujjlenyomat-olvas\u00f3val \u00e9s k\u00e1bellel. Kifejezetten az NX6325 modellel val\u00f3 kompatibilit\u00e1sra tervezett eredeti cserealkatr\u00e9sz megb\u00edzhat\u00f3 teljes\u00edtm\u00e9nyt \u00e9s z\u00f6kken\u0151mentes integr\u00e1ci\u00f3t k\u00edn\u00e1l.<\/p>\n<p>F\u0151bb jellemz\u0151k:<\/p>\n<ul>\n<li>Eredeti HP csere: Biztos\u00edtsa a kompatibilit\u00e1st \u00e9s a megb\u00edzhat\u00f3s\u00e1got az eredeti cserealkatr\u00e9szekkel.<\/li>\n<li>Tov\u00e1bbfejlesztett biztons\u00e1g: \u00d3vja laptopj\u00e1t \u00e9s adatait ujjlenyomat-hiteles\u00edt\u00e9si technol\u00f3gi\u00e1val.<\/li>\n<li>K\u00e9nyelmes hozz\u00e1f\u00e9r\u00e9s: Gyors \u00e9s biztons\u00e1gos hozz\u00e1f\u00e9r\u00e9st biztos\u00edt eszk\u00f6z\u00e9hez \u00e9s f\u00e1jljaihoz az ujjlenyomat-olvas\u00f3val.<\/li>\n<li>Egyszer\u0171 telep\u00edt\u00e9s: Egyszer\u0171 telep\u00edt\u00e9ssel k\u00f6nnyed\u00e9n friss\u00edtheti laptopj\u00e1t, nincs sz\u00fcks\u00e9g szakmai seg\u00edts\u00e9gre.<\/li>\n<\/ul>\n<p>Friss\u00edtse laptopja biztons\u00e1g\u00e1t: Tapasztalja meg a fokozott biztons\u00e1got \u00e9s k\u00e9nyelmet, ha ujjlenyomat-olvas\u00f3t ad hozz\u00e1 HP Compaq NX6325 laptopj\u00e1hoz. Mondjon b\u00facs\u00fat a jelszavaknak, \u00e9s \u00e9lvezze a gyors, biztons\u00e1gos hozz\u00e1f\u00e9r\u00e9st eszk\u00f6z\u00e9hez \u00e9s f\u00e1jljaihoz.<\/p>\n<p>Egyszer\u0171 telep\u00edt\u00e9s: Egyszer\u0171 telep\u00edt\u00e9ssel k\u00f6nnyed\u00e9n friss\u00edtheti laptopj\u00e1t, nincs sz\u00fcks\u00e9g szakmai seg\u00edts\u00e9gre. A mell\u00e9kelt k\u00e1bel biztos\u00edtja a z\u00f6kken\u0151mentes integr\u00e1ci\u00f3t a k\u00e9sz\u00fcl\u00e9kkel.<\/p>\n<p>Min\u0151s\u00e9gbiztos\u00edt\u00e1s: Biztos lehet benne, hogy egy kiv\u00e1l\u00f3 min\u0151s\u00e9g\u0171, eredeti HP cserealkatr\u00e9szbe fektet be, amelyet a megb\u00edzhat\u00f3s\u00e1g \u00e9s a hossz\u00fa \u00e9lettartam \u00e9rdek\u00e9ben terveztek.<\/p>\n<p>K\u00e9rj\u00fck, vegye figyelembe, hogy b\u00e1r a r\u00e9szletes telep\u00edt\u00e9si utas\u00edt\u00e1sokat nem adjuk meg, nyugodtan forduljon hozz\u00e1nk, ha k\u00e9rd\u00e9se van, vagy seg\u00edts\u00e9gre van sz\u00fcks\u00e9ge. A list\u00e1n szerepl\u0151 val\u00f3di term\u00e9kfot\u00f3k pontosan le\u00edrj\u00e1k, hogy mit fog kapni, t\u00fckr\u00f6zve az \u00e1tl\u00e1that\u00f3s\u00e1g \u00e9s az \u00fcgyfelek el\u00e9gedetts\u00e9ge ir\u00e1nti elk\u00f6telezetts\u00e9g\u00fcnket.<\/p>\n<p>Friss\u00edtse HP Compaq NX6325 laptopj\u00e1t m\u00e9g ma az eredeti ujjlenyomat-olvas\u00f3val \u00e9s k\u00e1bellel. V\u00e1s\u00e1roljon bizalommal, tudva, hogy laptopja min\u0151s\u00e9gi cserealkatr\u00e9sz\u00e9be fektet be. Ha k\u00e9rd\u00e9se van, vagy tov\u00e1bbi seg\u00edts\u00e9gre van sz\u00fcks\u00e9ge, ne habozzon kapcsolatba l\u00e9pni vel\u00fcnk. Az\u00e9rt vagyunk itt, hogy seg\u00edts\u00fcnk eszk\u00f6ze biztons\u00e1g\u00e1nak \u00e9s k\u00e9nyelm\u00e9nek n\u00f6vel\u00e9s\u00e9ben.<\/p>\n","protected":false},"excerpt":{"rendered":"<p>Friss\u00edtse HP Compaq NX6325 laptopj\u00e1t ezzel az eredeti ujjlenyomat-olvas\u00f3val \u00e9s k\u00e1bellel. N\u00f6velje a biztons\u00e1got \u00e9s a k\u00e9nyelmet ezzel az eredeti cserealkatr\u00e9szsel. K\u00f6nny\u0171 telep\u00edt\u00e9s. V\u00e1s\u00e1roljon most!<\/p>\n","protected":false},"featured_media":7875,"template":"","meta":[],"product_brand":[],"product_cat":[20],"product_tag":[25],"class_list":{"0":"post-7858","1":"product","2":"type-product","3":"status-publish","4":"has-post-thumbnail","6":"product_cat-cables","7":"product_tag-hp","9":"first","10":"instock","11":"taxable","12":"shipping-taxable","13":"purchasable","14":"product-type-simple"},"_links":{"self":[{"href":"https:\/\/boreait.com\/hu\/wp-json\/wp\/v2\/product\/7858","targetHints":{"allow":["GET"]}}],"collection":[{"href":"https:\/\/boreait.com\/hu\/wp-json\/wp\/v2\/product"}],"about":[{"href":"https:\/\/boreait.com\/hu\/wp-json\/wp\/v2\/types\/product"}],"wp:featuredmedia":[{"embeddable":true,"href":"https:\/\/boreait.com\/hu\/wp-json\/wp\/v2\/media\/7875"}],"wp:attachment":[{"href":"https:\/\/boreait.com\/hu\/wp-json\/wp\/v2\/media?parent=7858"}],"wp:term":[{"taxonomy":"product_brand","embeddable":true,"href":"https:\/\/boreait.com\/hu\/wp-json\/wp\/v2\/product_brand?post=7858"},{"taxonomy":"product_cat","embeddable":true,"href":"https:\/\/boreait.com\/hu\/wp-json\/wp\/v2\/product_cat?post=7858"},{"taxonomy":"product_tag","embeddable":true,"href":"https:\/\/boreait.com\/hu\/wp-json\/wp\/v2\/product_tag?post=7858"}],"curies":[{"name":"wp","href":"https:\/\/api.w.org\/{rel}","templated":true}]}}