{"id":7857,"date":"2025-09-17T11:58:00","date_gmt":"2025-09-17T09:58:00","guid":{"rendered":"https:\/\/boreait.com\/hu\/?post_type=product&#038;p=7857"},"modified":"2026-01-27T10:44:55","modified_gmt":"2026-01-27T09:44:55","slug":"eredeti-belso-mikrofon-hp-compaq-nx6325-laptophoz-cserealkatresz","status":"publish","type":"product","link":"https:\/\/boreait.com\/hu\/termek\/eredeti-belso-mikrofon-hp-compaq-nx6325-laptophoz-cserealkatresz\/","title":{"rendered":"Eredeti bels\u0151 mikrofon HP Compaq NX6325 laptophoz &#8211; Cserealkatr\u00e9sz"},"content":{"rendered":"<p>B\u0151v\u00edtse HP Compaq NX6325 laptopja audiok\u00e9pess\u00e9geit az eredeti bels\u0151 mikrofonnal. Ez a prec\u00edz \u00e9s megb\u00edzhat\u00f3 cserealkatr\u00e9sz tiszta \u00e9s \u00e9les hangz\u00e1st biztos\u00edt minden hangsz\u00fcks\u00e9glet\u00e9hez.<\/p>\n<p>F\u0151bb jellemz\u0151k:<\/p>\n<ul>\n<li>Eredeti HP csere: Biztos\u00edtsa a kompatibilit\u00e1st \u00e9s a megb\u00edzhat\u00f3s\u00e1got az eredeti cserealkatr\u00e9szekkel.<\/li>\n<li>Egyszer\u0171 telep\u00edt\u00e9s: Egyszer\u0171 telep\u00edt\u00e9ssel k\u00f6nnyed\u00e9n friss\u00edtheti laptopja hangj\u00e1t, nincs sz\u00fcks\u00e9g szakmai seg\u00edts\u00e9gre.<\/li>\n<li>Tov\u00e1bbfejlesztett hangmin\u0151s\u00e9g: \u00c9lvezze a tiszta \u00e9s \u00e9les hangot videoh\u00edv\u00e1sokhoz, konferenci\u00e1khoz \u00e9s multim\u00e9di\u00e1hoz.<\/li>\n<li>Kompatibilit\u00e1sra tervezve: Z\u00f6kken\u0151mentesen integr\u00e1lhat\u00f3 HP Compaq NX6325 laptopj\u00e1val az optim\u00e1lis teljes\u00edtm\u00e9ny \u00e9rdek\u00e9ben.<\/li>\n<\/ul>\n<p>K\u00e9rj\u00fck, vegye figyelembe, hogy b\u00e1r a r\u00e9szletes telep\u00edt\u00e9si utas\u00edt\u00e1sokat nem adjuk meg, nyugodtan forduljon hozz\u00e1nk, ha k\u00e9rd\u00e9se van, vagy seg\u00edts\u00e9gre van sz\u00fcks\u00e9ge. A list\u00e1n szerepl\u0151 val\u00f3di term\u00e9kfot\u00f3k pontosan le\u00edrj\u00e1k, hogy mit fog kapni, t\u00fckr\u00f6zve az \u00e1tl\u00e1that\u00f3s\u00e1g \u00e9s az \u00fcgyfelek el\u00e9gedetts\u00e9ge ir\u00e1nti elk\u00f6telezetts\u00e9g\u00fcnket.<\/p>\n<p>Friss\u00edtse HP Compaq NX6325 laptopj\u00e1t m\u00e9g ma az eredeti bels\u0151 mikrofonnal. V\u00e1s\u00e1roljon bizalommal, tudva, hogy min\u0151s\u00e9gi cserealkatr\u00e9szbe fektet be a jobb hangteljes\u00edtm\u00e9ny \u00e9rdek\u00e9ben. Ha k\u00e9rd\u00e9se van, vagy tov\u00e1bbi seg\u00edts\u00e9gre van sz\u00fcks\u00e9ge, ne habozzon kapcsolatba l\u00e9pni vel\u00fcnk. Az\u00e9rt vagyunk itt, hogy seg\u00edts\u00fcnk laptopja hang\u00e9lm\u00e9ny\u00e9nek jav\u00edt\u00e1s\u00e1ban.<\/p>\n","protected":false},"excerpt":{"rendered":"<p>Fokozza HP Compaq NX6325 laptopja audiok\u00e9pess\u00e9geit ezzel az eredeti bels\u0151 mikrofonnal. K\u00f6nnyen telep\u00edthet\u0151 \u00e9s z\u00f6kken\u0151mentes kompatibilit\u00e1sra tervezt\u00e9k. Friss\u00edtse laptopja hangmin\u0151s\u00e9g\u00e9t m\u00e9g ma!<\/p>\n","protected":false},"featured_media":7874,"template":"","meta":[],"product_brand":[],"product_cat":[20],"product_tag":[25],"class_list":{"0":"post-7857","1":"product","2":"type-product","3":"status-publish","4":"has-post-thumbnail","6":"product_cat-cables","7":"product_tag-hp","9":"first","10":"instock","11":"taxable","12":"shipping-taxable","13":"purchasable","14":"product-type-simple"},"_links":{"self":[{"href":"https:\/\/boreait.com\/hu\/wp-json\/wp\/v2\/product\/7857","targetHints":{"allow":["GET"]}}],"collection":[{"href":"https:\/\/boreait.com\/hu\/wp-json\/wp\/v2\/product"}],"about":[{"href":"https:\/\/boreait.com\/hu\/wp-json\/wp\/v2\/types\/product"}],"wp:featuredmedia":[{"embeddable":true,"href":"https:\/\/boreait.com\/hu\/wp-json\/wp\/v2\/media\/7874"}],"wp:attachment":[{"href":"https:\/\/boreait.com\/hu\/wp-json\/wp\/v2\/media?parent=7857"}],"wp:term":[{"taxonomy":"product_brand","embeddable":true,"href":"https:\/\/boreait.com\/hu\/wp-json\/wp\/v2\/product_brand?post=7857"},{"taxonomy":"product_cat","embeddable":true,"href":"https:\/\/boreait.com\/hu\/wp-json\/wp\/v2\/product_cat?post=7857"},{"taxonomy":"product_tag","embeddable":true,"href":"https:\/\/boreait.com\/hu\/wp-json\/wp\/v2\/product_tag?post=7857"}],"curies":[{"name":"wp","href":"https:\/\/api.w.org\/{rel}","templated":true}]}}