{"id":7855,"date":"2025-09-17T11:58:00","date_gmt":"2025-09-17T09:58:00","guid":{"rendered":"https:\/\/boreait.com\/hu\/?post_type=product&#038;p=7855"},"modified":"2026-01-27T10:44:41","modified_gmt":"2026-01-27T09:44:41","slug":"eredeti-hp-compaq-nx6325-hutoborda-cpu-ventilatorhuto-cserealkatreszek","status":"publish","type":"product","link":"https:\/\/boreait.com\/hu\/termek\/eredeti-hp-compaq-nx6325-hutoborda-cpu-ventilatorhuto-cserealkatreszek\/","title":{"rendered":"Eredeti HP Compaq NX6325 h\u0171t\u0151borda + CPU ventil\u00e1torh\u0171t\u0151 \u2013 cserealkatr\u00e9szek"},"content":{"rendered":"<p>N\u00f6velje HP Compaq NX6325 laptopja h\u0171t\u00e9si teljes\u00edtm\u00e9ny\u00e9t az eredeti h\u0171t\u0151bord\u00e1val + CPU ventil\u00e1torh\u0171t\u0151vel. Ezt a prec\u00edzi\u00f3s \u00e9s megb\u00edzhat\u00f3s\u00e1gi szempontokat szem el\u0151tt tart\u00f3 cserealkatr\u00e9szt \u00fagy tervezt\u00e9k, hogy hat\u00e9konyan elvezesse a h\u0151t \u00e9s fenntartsa az optim\u00e1lis m\u0171k\u00f6d\u00e9si h\u0151m\u00e9rs\u00e9kletet a laptop CPU-ja sz\u00e1m\u00e1ra.<\/p>\n<p>F\u0151bb jellemz\u0151k:<\/p>\n<ul>\n<li>Eredeti HP csere: Biztos\u00edtsa a kompatibilit\u00e1st \u00e9s a megb\u00edzhat\u00f3s\u00e1got az eredeti cserealkatr\u00e9szekkel.<\/li>\n<li>Hat\u00e9kony h\u0151elvezet\u00e9s: Laptopja z\u00f6kken\u0151mentes m\u0171k\u00f6d\u00e9se a jobb h\u0171t\u00e9si teljes\u00edtm\u00e9nynek k\u00f6sz\u00f6nhet\u0151en.<\/li>\n<li>Tov\u00e1bbfejlesztett teljes\u00edtm\u00e9ny: Megakad\u00e1lyozza a t\u00falmeleged\u00e9st, \u00e9s fenntartja a CPU optim\u00e1lis m\u0171k\u00f6d\u00e9si h\u0151m\u00e9rs\u00e9klet\u00e9t.<\/li>\n<li>Egyszer\u0171 telep\u00edt\u00e9s: Ezzel a cserealkatr\u00e9szrel k\u00f6nnyed\u00e9n friss\u00edtheti laptopja h\u0171t\u0151rendszer\u00e9t.<\/li>\n<li>Kompatibilit\u00e1s: Kifejezetten a HP Compaq NX6325-h\u00f6z tervezve, t\u00f6k\u00e9letes illeszked\u00e9st \u00e9s z\u00f6kken\u0151mentes integr\u00e1ci\u00f3t biztos\u00edtva.<\/li>\n<\/ul>\n<p>Tapasztalja meg a jobb teljes\u00edtm\u00e9nyt \u00e9s megb\u00edzhat\u00f3s\u00e1got a HP Compaq NX6325 laptop eredeti h\u0171t\u0151bord\u00e1val + CPU ventil\u00e1torh\u0171t\u0151j\u00e9vel. V\u00e1s\u00e1roljon bizalommal, tudva, hogy min\u0151s\u00e9gi cserealkatr\u00e9szekbe fektet be k\u00e9sz\u00fcl\u00e9k\u00e9hez.<\/p>\n<p>K\u00e9rj\u00fck, vegye figyelembe, hogy b\u00e1r a r\u00e9szletes telep\u00edt\u00e9si utas\u00edt\u00e1sokat nem adjuk meg, nyugodtan forduljon hozz\u00e1nk, ha k\u00e9rd\u00e9se van, vagy seg\u00edts\u00e9gre van sz\u00fcks\u00e9ge. A list\u00e1n szerepl\u0151 val\u00f3di term\u00e9kfot\u00f3k pontosan le\u00edrj\u00e1k, hogy mit fog kapni, t\u00fckr\u00f6zve az \u00e1tl\u00e1that\u00f3s\u00e1g \u00e9s az \u00fcgyfelek el\u00e9gedetts\u00e9ge ir\u00e1nti elk\u00f6telezetts\u00e9g\u00fcnket.<\/p>\n<p>Friss\u00edtse HP Compaq NX6325 laptopja h\u0171t\u0151rendszer\u00e9t m\u00e9g ma az optim\u00e1lis teljes\u00edtm\u00e9ny \u00e9s hossz\u00fa \u00e9lettartam \u00e9rdek\u00e9ben. Ha k\u00e9rd\u00e9se van, vagy tov\u00e1bbi seg\u00edts\u00e9gre van sz\u00fcks\u00e9ge, ne habozzon kapcsolatba l\u00e9pni vel\u00fcnk. Az\u00e9rt vagyunk itt, hogy seg\u00edts\u00fcnk \u00d6nnek, hogy k\u00e9sz\u00fcl\u00e9ke z\u00f6kken\u0151mentesen m\u0171k\u00f6dj\u00f6n.<\/p>\n","protected":false},"excerpt":{"rendered":"<p>Friss\u00edtse HP Compaq NX6325 h\u0171t\u0151rendszer\u00e9t ezzel az eredeti h\u0171t\u0151borda + CPU ventil\u00e1torh\u0171t\u0151vel. Az optim\u00e1lis teljes\u00edtm\u00e9nyre \u00e9s kompatibilit\u00e1sra tervezett cserealkatr\u00e9sz hat\u00e9kony h\u0151elvezet\u00e9st biztos\u00edt. A tov\u00e1bbfejlesztett h\u0171t\u00e9ssel m\u00e9g ma z\u00f6kken\u0151mentesen m\u0171k\u00f6dj\u00f6n laptopja!<\/p>\n","protected":false},"featured_media":7872,"template":"","meta":[],"product_brand":[],"product_cat":[33],"product_tag":[25],"class_list":{"0":"post-7855","1":"product","2":"type-product","3":"status-publish","4":"has-post-thumbnail","6":"product_cat-cpu-fans-heatsinks","7":"product_tag-hp","9":"first","10":"instock","11":"taxable","12":"shipping-taxable","13":"purchasable","14":"product-type-simple"},"_links":{"self":[{"href":"https:\/\/boreait.com\/hu\/wp-json\/wp\/v2\/product\/7855","targetHints":{"allow":["GET"]}}],"collection":[{"href":"https:\/\/boreait.com\/hu\/wp-json\/wp\/v2\/product"}],"about":[{"href":"https:\/\/boreait.com\/hu\/wp-json\/wp\/v2\/types\/product"}],"wp:featuredmedia":[{"embeddable":true,"href":"https:\/\/boreait.com\/hu\/wp-json\/wp\/v2\/media\/7872"}],"wp:attachment":[{"href":"https:\/\/boreait.com\/hu\/wp-json\/wp\/v2\/media?parent=7855"}],"wp:term":[{"taxonomy":"product_brand","embeddable":true,"href":"https:\/\/boreait.com\/hu\/wp-json\/wp\/v2\/product_brand?post=7855"},{"taxonomy":"product_cat","embeddable":true,"href":"https:\/\/boreait.com\/hu\/wp-json\/wp\/v2\/product_cat?post=7855"},{"taxonomy":"product_tag","embeddable":true,"href":"https:\/\/boreait.com\/hu\/wp-json\/wp\/v2\/product_tag?post=7855"}],"curies":[{"name":"wp","href":"https:\/\/api.w.org\/{rel}","templated":true}]}}