{"id":7852,"date":"2025-09-17T11:57:59","date_gmt":"2025-09-17T09:57:59","guid":{"rendered":"https:\/\/boreait.com\/hu\/?post_type=product&#038;p=7852"},"modified":"2026-01-27T10:28:03","modified_gmt":"2026-01-27T09:28:03","slug":"eredeti-samsung-memoria-1-gb-ddr2-pc2-5300-ddr2-667mhz-sodimm-414046-001","status":"publish","type":"product","link":"https:\/\/boreait.com\/hu\/termek\/eredeti-samsung-memoria-1-gb-ddr2-pc2-5300-ddr2-667mhz-sodimm-414046-001\/","title":{"rendered":"Eredeti Samsung mem\u00f3ria 1 GB DDR2 PC2-5300 DDR2-667MHz SoDimm 414046-001"},"content":{"rendered":"<p>N\u00f6velje laptopja teljes\u00edtm\u00e9ny\u00e9t az eredeti HP mem\u00f3ria 1 GB DDR2 PC2-5300 SoDimm, cikksz\u00e1m: 414046-001. Az eszk\u00f6z mem\u00f3riakapacit\u00e1s\u00e1nak \u00e9s sebess\u00e9g\u00e9nek n\u00f6vel\u00e9s\u00e9re tervezett megb\u00edzhat\u00f3 modul z\u00f6kken\u0151mentes t\u00f6bbfeladatos munkav\u00e9gz\u00e9st \u00e9s g\u00f6rd\u00fcl\u00e9kenyebb m\u0171k\u00f6d\u00e9st biztos\u00edt.<\/p>\n<p>F\u0151bb jellemz\u0151k:<\/p>\n<ul>\n<li>Eredeti HP csere: Biztos\u00edtsa a kompatibilit\u00e1st \u00e9s a megb\u00edzhat\u00f3s\u00e1got az eredeti cserealkatr\u00e9szekkel.<\/li>\n<li>Mem\u00f3riakapacit\u00e1s: 1 GB DDR2 PC2-5300 SoDimm, amely b\u0151s\u00e9ges mem\u00f3ri\u00e1t biztos\u00edt a nagyobb teljes\u00edtm\u00e9ny \u00e9rdek\u00e9ben.<\/li>\n<li>Sebess\u00e9g: DDR2-667MHz, amely z\u00f6kken\u0151mentes \u00e9s hat\u00e9kony adatfeldolgoz\u00e1st biztos\u00edt.<\/li>\n<li>Kompatibilit\u00e1s: Tesztelt\u00e9k a kompatibilit\u00e1st sz\u00e1mos laptopmodellel, sokoldal\u00fas\u00e1got k\u00edn\u00e1lva az \u00d6n ig\u00e9nyeinek.<\/li>\n<\/ul>\n<p>Friss\u00edtse laptopja teljes\u00edtm\u00e9ny\u00e9t: Tapasztalja meg a tov\u00e1bbfejlesztett multitasking k\u00e9pess\u00e9geket \u00e9s a g\u00f6rd\u00fcl\u00e9kenyebb m\u0171k\u00f6d\u00e9st laptopja mem\u00f3ri\u00e1j\u00e1nak b\u0151v\u00edt\u00e9s\u00e9vel. Ak\u00e1r professzion\u00e1lis, aki er\u0151forr\u00e1s-ig\u00e9nyes feladatokat int\u00e9z, vagy egy alkalmi felhaszn\u00e1l\u00f3, aki teljes\u00edtm\u00e9nyn\u00f6vel\u00e9st keres, ez a HP mem\u00f3riamodul megb\u00edzhat\u00f3 v\u00e1laszt\u00e1s.<\/p>\n<p>Egyszer\u0171 telep\u00edt\u00e9s: A felhaszn\u00e1l\u00f3bar\u00e1t telep\u00edt\u00e9shez tervezve, a laptop mem\u00f3ri\u00e1j\u00e1nak b\u0151v\u00edt\u00e9se mostant\u00f3l probl\u00e9mamentes. N\u00f6velje eszk\u00f6ze sebess\u00e9g\u00e9t \u00e9s v\u00e1laszk\u00e9szs\u00e9g\u00e9t ezzel a DDR2 SoDimm mem\u00f3riamodullal.<\/p>\n<p>Min\u0151s\u00e9gbiztos\u00edt\u00e1s: Nyugodjon meg, tudva, hogy az eredeti HP technol\u00f3gi\u00e1ba fektet be. Minden term\u00e9k\u00fcnk szigor\u00fa tesztel\u00e9sen esik \u00e1t, hogy megfeleljen a magas min\u0151s\u00e9gi el\u0151\u00edr\u00e1soknak. Minden v\u00e1s\u00e1rl\u00e1s val\u00f3di f\u00e9nyk\u00e9peket tartalmaz a pontos alkatr\u00e9szekr\u0151l, amelyeket megkap.<\/p>\n<p>Friss\u00edtse laptopj\u00e1t m\u00e9g ma az eredeti HP mem\u00f3ria 1 GB DDR2 PC2-5300 SoDimmmel \u2013 intelligens befektet\u00e9s a jobb teljes\u00edtm\u00e9ny \u00e9s hat\u00e9konys\u00e1g \u00e9rdek\u00e9ben. Ha b\u00e1rmilyen k\u00e9rd\u00e9se van, vagy seg\u00edts\u00e9gre van sz\u00fcks\u00e9ge, nyugodtan \u00edrjon nek\u00fcnk. Az\u00e9rt vagyunk itt, hogy seg\u00edts\u00fcnk \u00d6nnek a sz\u00e1m\u00edt\u00e1stechnikai \u00e9lm\u00e9ny jav\u00edt\u00e1s\u00e1ban.<\/p>\n","protected":false},"excerpt":{"rendered":"<p>N\u00f6velje laptopja teljes\u00edtm\u00e9ny\u00e9t az eredeti HP mem\u00f3ria, 1 GB DDR2 PC2-5300 SoDimm. Ezzel a megb\u00edzhat\u00f3 modullal z\u00f6kken\u0151mentesen b\u0151v\u00edtheti k\u00e9sz\u00fcl\u00e9ke mem\u00f3ri\u00e1j\u00e1t. K\u00fcl\u00f6nf\u00e9le laptopokkal kompatibilis. N\u00f6velje sz\u00e1m\u00edt\u00e1stechnikai \u00e9lm\u00e9ny\u00e9t m\u00e9g ma!<\/p>\n","protected":false},"featured_media":7867,"template":"","meta":[],"product_brand":[],"product_cat":[36],"product_tag":[],"class_list":{"0":"post-7852","1":"product","2":"type-product","3":"status-publish","4":"has-post-thumbnail","6":"product_cat-ram-memory","8":"first","9":"instock","10":"taxable","11":"shipping-taxable","12":"purchasable","13":"product-type-simple"},"_links":{"self":[{"href":"https:\/\/boreait.com\/hu\/wp-json\/wp\/v2\/product\/7852","targetHints":{"allow":["GET"]}}],"collection":[{"href":"https:\/\/boreait.com\/hu\/wp-json\/wp\/v2\/product"}],"about":[{"href":"https:\/\/boreait.com\/hu\/wp-json\/wp\/v2\/types\/product"}],"wp:featuredmedia":[{"embeddable":true,"href":"https:\/\/boreait.com\/hu\/wp-json\/wp\/v2\/media\/7867"}],"wp:attachment":[{"href":"https:\/\/boreait.com\/hu\/wp-json\/wp\/v2\/media?parent=7852"}],"wp:term":[{"taxonomy":"product_brand","embeddable":true,"href":"https:\/\/boreait.com\/hu\/wp-json\/wp\/v2\/product_brand?post=7852"},{"taxonomy":"product_cat","embeddable":true,"href":"https:\/\/boreait.com\/hu\/wp-json\/wp\/v2\/product_cat?post=7852"},{"taxonomy":"product_tag","embeddable":true,"href":"https:\/\/boreait.com\/hu\/wp-json\/wp\/v2\/product_tag?post=7852"}],"curies":[{"name":"wp","href":"https:\/\/api.w.org\/{rel}","templated":true}]}}