{"id":7850,"date":"2025-09-17T11:57:59","date_gmt":"2025-09-17T09:57:59","guid":{"rendered":"https:\/\/boreait.com\/hu\/?post_type=product&#038;p=7850"},"modified":"2025-09-17T11:58:06","modified_gmt":"2025-09-17T09:58:06","slug":"14-fhd-ips-matt-kijelzo-asus-zenbook-ux434f-nem-erintokepernyohoz-1920x1080","status":"publish","type":"product","link":"https:\/\/boreait.com\/hu\/termek\/14-fhd-ips-matt-kijelzo-asus-zenbook-ux434f-nem-erintokepernyohoz-1920x1080\/","title":{"rendered":"14&#8243; FHD IPS matt kijelz\u0151 ASUS ZenBook UX434F nem \u00e9rint\u0151k\u00e9perny\u0151h\u00f6z, 1920&#215;1080"},"content":{"rendered":"<p><strong>T\u00e9nyleges k\u00e9perny\u0151modell: <span data-sheets-root=\"1\">B140HAN04.<\/span>D \/ B140HA07.1 \/NV140FHM-N4T V8.2 \/ N140HCA-EEK \u2013 teljes m\u00e9rt\u00e9kben kompatibilis az ASUS ZenBook UX434F-vel (\u00e9rint\u00e9s n\u00e9lk\u00fcli verzi\u00f3!).<\/strong><\/p>\n<p>Friss\u00edtse ASUS ZenBook UX434F \u00e9lm\u00e9ny\u00e9t pr\u00e9mium 14 h\u00fcvelykes LED Full HD IPS matt k\u00e9perny\u0151nkkel. Ez a kifejezetten az \u00d6n laptopj\u00e1hoz tervezett k\u00e9perny\u0151 a l\u00e9legzetel\u00e1ll\u00edt\u00f3 1920&#215;1080-as felbont\u00e1st t\u00fckr\u00f6z\u0151d\u00e9scs\u00f6kkent\u0151 matt technol\u00f3gi\u00e1val \u00f6tv\u00f6zi, p\u00e1ratlan tisztas\u00e1ggal \u00e9s k\u00e9nyelemmel keltve \u00e9letre a l\u00e1tv\u00e1nyt. Az IPS panel sz\u00e9les betekint\u00e9si sz\u00f6geket \u00e9s egyenletes, pontos sz\u00edneket biztos\u00edt, \u00edgy ide\u00e1lis professzion\u00e1lis fot\u00f3- \u00e9s vide\u00f3szerkeszt\u00e9shez, grafikai tervez\u00e9shez \u00e9s a nagyfelbont\u00e1s\u00fa tartalmak \u00e9lvezet\u00e9hez.<\/p>\n<p><strong>A kiv\u00e9teles funkci\u00f3k k\u00f6z\u00e9 tartozik:<\/strong><\/p>\n<ul>\n<li><strong>Full HD felbont\u00e1s:<\/strong> Mer\u00fclj\u00f6n el a r\u00e9szletek \u00e9s a sz\u00ednek vil\u00e1g\u00e1ban a Full HD seg\u00edts\u00e9g\u00e9vel, amely minden l\u00e1tv\u00e1nyt t\u00f6k\u00e9letes\u00edt a munkaprojektekt\u0151l a kedvenc filmjeiig \u00e9s j\u00e1t\u00e9kaiig.<\/li>\n<li><strong>IPS technol\u00f3gia:<\/strong> \u00c9lvezze az \u00e9l\u00e9nk sz\u00edneket \u00e9s a sz\u00e9les betekint\u00e9si sz\u00f6geket, \u00edgy a kijelz\u0151 nagyszer\u0171en n\u00e9z ki, b\u00e1rhol is \u00fcl.<\/li>\n<li><strong>Matt t\u00fckr\u00f6z\u0151d\u00e9smentes fel\u00fclet:<\/strong> Dolgozzon vagy j\u00e1tsszon \u00f3r\u00e1kon \u00e1t an\u00e9lk\u00fcl, hogy meger\u0151lten\u00e9 a szemet. Matt fel\u00fclet\u00fcnk m\u00e9g j\u00f3l megvil\u00e1g\u00edtott k\u00f6rnyezetben is cs\u00f6kkenti a k\u00e9perny\u0151 t\u00fckr\u00f6z\u0151d\u00e9s\u00e9t \u00e9s visszaver\u0151d\u00e9s\u00e9t, \u00edgy mindenkor k\u00e9nyelmes megtekint\u00e9st biztos\u00edt.<\/li>\n<li><strong>30 t\u0171s csatlakoz\u00f3:<\/strong> Az ASUS ZenBook UX434F k\u00e9sz\u00fcl\u00e9kkel t\u00f6k\u00e9letesen kompatibilis k\u00e9perny\u0151t az egyszer\u0171, probl\u00e9mamentes telep\u00edt\u00e9si folyamatra tervezt\u00e9k, lehet\u0151v\u00e9 t\u00e9ve a laptop kijelz\u0151j\u00e9nek gyors jav\u00edt\u00e1s\u00e1t.<\/li>\n<\/ul>\n<p>Ak\u00e1r termel\u00e9kenys\u00e9g\u00e9t szeretn\u00e9 jav\u00edtani, ak\u00e1r sz\u00f3rakoztat\u00f3 \u00e9lm\u00e9nyt szeretne, a 14 h\u00fcvelykes LED FHD IPS matt k\u00e9perny\u0151nk a t\u00f6k\u00e9letes friss\u00edt\u00e9s ASUS ZenBook UX434F k\u00e9sz\u00fcl\u00e9k\u00e9hez. Eleg\u00e1ns diz\u00e1jnja \u00e9s fejlett technol\u00f3gi\u00e1ja nemcsak a megtekint\u00e9si \u00e9lm\u00e9nyt fokozza, hanem kieg\u00e9sz\u00edti laptopja kifinomult eszt\u00e9tik\u00e1j\u00e1t is. Alak\u00edtsa \u00e1t ZenBookj\u00e1t leny\u0171g\u00f6z\u0151 vizu\u00e1lis k\u00f6zpontt\u00e1 a speci\u00e1lisan tervezett k\u00e9perny\u0151nkkel.<\/p>\n","protected":false},"excerpt":{"rendered":"<p>Revitaliz\u00e1lja ASUS ZenBook UX434F k\u00e9sz\u00fcl\u00e9k\u00e9t 14 h\u00fcvelykes LED FHD IPS matt k\u00e9perny\u0151nkkel. Az 1920&#215;1080-as felbont\u00e1ssal \u00e9s 30 t\u0171s csatlakoz\u00f3val rendelkez\u0151 kijelz\u0151 gazdag, \u00e9l\u00e9nk sz\u00edneket \u00e9s sz\u00e9les betekint\u00e9si sz\u00f6geket k\u00edn\u00e1l, biztos\u00edtva a t\u00fckr\u00f6z\u0151d\u00e9smentes \u00e9lm\u00e9nyt, amely t\u00f6k\u00e9letes b\u00e1rmilyen feladathoz vagy sz\u00f3rakoz\u00e1shoz.<\/p>\n","protected":false},"featured_media":7864,"template":"","meta":[],"product_brand":[],"product_cat":[74,71],"product_tag":[30],"class_list":{"0":"post-7850","1":"product","2":"type-product","3":"status-publish","4":"has-post-thumbnail","6":"product_cat-14-new-laptop-screens-lcd-panels","7":"product_cat-new-laptop-screens-lcd-panels","8":"product_tag-asus","10":"first","11":"instock","12":"taxable","13":"shipping-taxable","14":"purchasable","15":"product-type-simple"},"_links":{"self":[{"href":"https:\/\/boreait.com\/hu\/wp-json\/wp\/v2\/product\/7850","targetHints":{"allow":["GET"]}}],"collection":[{"href":"https:\/\/boreait.com\/hu\/wp-json\/wp\/v2\/product"}],"about":[{"href":"https:\/\/boreait.com\/hu\/wp-json\/wp\/v2\/types\/product"}],"wp:featuredmedia":[{"embeddable":true,"href":"https:\/\/boreait.com\/hu\/wp-json\/wp\/v2\/media\/7864"}],"wp:attachment":[{"href":"https:\/\/boreait.com\/hu\/wp-json\/wp\/v2\/media?parent=7850"}],"wp:term":[{"taxonomy":"product_brand","embeddable":true,"href":"https:\/\/boreait.com\/hu\/wp-json\/wp\/v2\/product_brand?post=7850"},{"taxonomy":"product_cat","embeddable":true,"href":"https:\/\/boreait.com\/hu\/wp-json\/wp\/v2\/product_cat?post=7850"},{"taxonomy":"product_tag","embeddable":true,"href":"https:\/\/boreait.com\/hu\/wp-json\/wp\/v2\/product_tag?post=7850"}],"curies":[{"name":"wp","href":"https:\/\/api.w.org\/{rel}","templated":true}]}}