{"id":7849,"date":"2025-09-17T11:57:59","date_gmt":"2025-09-17T09:57:59","guid":{"rendered":"https:\/\/boreait.com\/hu\/?post_type=product&#038;p=7849"},"modified":"2025-09-17T11:58:06","modified_gmt":"2025-09-17T09:58:06","slug":"14-fhd-ips-matt-led-kepernyo-lenovo-yoga-c740-14iml-fhd-erintesmentes","status":"publish","type":"product","link":"https:\/\/boreait.com\/hu\/termek\/14-fhd-ips-matt-led-kepernyo-lenovo-yoga-c740-14iml-fhd-erintesmentes\/","title":{"rendered":"14&#8243; FHD IPS matt LED k\u00e9perny\u0151 Lenovo Yoga C740-14IML, FHD, \u00e9rint\u00e9smentes"},"content":{"rendered":"<p><strong>T\u00e9nyleges k\u00e9perny\u0151s modell: B140HAN04.D \/ B140HA07.1 \/NV140FHM-N4T V8.2 \/ N140HCA-EEK \u2013 teljes m\u00e9rt\u00e9kben kompatibilis a Lenovo Yoga C740-14IML-lel (\u00e9rint\u00e9smentes)!<\/strong><\/p>\n<p>Alak\u00edtsa \u00e1t Lenovo Yoga C740-14IML-j\u00e9t (\u00e9rint\u00e9smentes v\u00e1ltozat) vizu\u00e1lis er\u0151m\u0171v\u00e9 pr\u00e9mium 14 h\u00fcvelykes LED Full HD IPS matt k\u00e9perny\u0151nkkel. A k\u00e9sz\u00fcl\u00e9k pontoss\u00e1g\u00e1nak \u00e9s ragyog\u00e1s\u00e1nak megfelel\u0151en kialak\u00edtott k\u00e9perny\u0151 leny\u0171g\u00f6z\u0151 1920&#215;1080-as felbont\u00e1ssal rendelkezik, amely \u00e9les r\u00e9szletekkel \u00e9s \u00e9l\u00e9nk sz\u00ednekkel kelt \u00e9letre tartalmait. Az IPS technol\u00f3gia sz\u00e9les l\u00e1t\u00f3sz\u00f6get \u00e9s egyenletes sz\u00ednvisszaad\u00e1st garant\u00e1l, \u00edgy ide\u00e1lis professzion\u00e1lis grafikai tervez\u00e9shez, fot\u00f3szerkeszt\u00e9shez \u00e9s multim\u00e9di\u00e1s tartalmak \u00e9lvezet\u00e9hez.<\/p>\n<p><strong>Kiemelked\u0151 funkci\u00f3k:<\/strong><\/p>\n<ul>\n<li><strong>Full HD felbont\u00e1s:<\/strong> Tapasztalja meg a Full HD tisztas\u00e1g\u00e1t \u00e9s r\u00e9szletess\u00e9g\u00e9t, amely minden feladatot jav\u00edt a termel\u00e9kenys\u00e9get n\u00f6vel\u0151 alkalmaz\u00e1sokt\u00f3l a kedvenc m\u0171sorai streamel\u00e9s\u00e9ig.<\/li>\n<li><strong>IPS technol\u00f3gia:<\/strong> A pontos sz\u00ednekkel \u00e9s sz\u00e9les betekint\u00e9si sz\u00f6gekkel a k\u00e9perny\u0151 gondoskodik arr\u00f3l, hogy a kijelz\u0151 b\u00e1rmilyen szempontb\u00f3l kiv\u00e9teles legyen, \u00edgy t\u00f6k\u00e9letes a k\u00e9perny\u0151 m\u00e1sokkal val\u00f3 megoszt\u00e1s\u00e1hoz.<\/li>\n<li><strong>Matt t\u00fckr\u00f6z\u0151d\u00e9smentes fel\u00fclet:<\/strong> A matt fel\u00fclet jelent\u0151sen cs\u00f6kkenti a k\u00e9perny\u0151 t\u00fckr\u00f6z\u0151d\u00e9s\u00e9t \u00e9s t\u00fckr\u00f6z\u0151d\u00e9s\u00e9t, \u00edgy k\u00e9nyelmesen dolgozhat vil\u00e1gos k\u00f6rnyezetben, \u00e9s cs\u00f6kkenti a szem meger\u0151ltet\u00e9s\u00e9t hosszabb haszn\u00e1lat sor\u00e1n.<\/li>\n<li><strong>30 t\u0171s csatlakoz\u00f3:<\/strong> A kifejezetten a Lenovo Yoga C740-14IML sz\u00e1m\u00e1ra tervezett k\u00e9perny\u0151 z\u00f6kken\u0151mentes kompatibilit\u00e1st \u00e9s egyszer\u0171 telep\u00edt\u00e9st biztos\u00edt, \u00edgy t\u00f6k\u00e9letes illeszked\u00e9st biztos\u00edt az eszk\u00f6zh\u00f6z.<\/li>\n<\/ul>\n<p>Ak\u00e1r jobb munkav\u00e9gz\u00e9s, ak\u00e1r jobb sz\u00f3rakoz\u00e1s \u00e9rdek\u00e9ben friss\u00edt, ez a k\u00e9perny\u0151 megv\u00e1ltoztatja a Lenovo Yoga C740-14IML-t. Csillog\u00e1sg\u00e1tl\u00f3 tulajdons\u00e1gainak \u00e9s kiv\u00e1l\u00f3 sz\u00ednpontoss\u00e1g\u00e1nak k\u00f6sz\u00f6nhet\u0151en sokoldal\u00fa v\u00e1laszt\u00e1s minden ig\u00e9nyhez. Fokozza a megtekint\u00e9si \u00e9lm\u00e9nyt 14 h\u00fcvelykes LED FHD IPS matt k\u00e9perny\u0151nkkel, \u00e9s \u00e9lvezze a p\u00e1ratlan vizu\u00e1lis min\u0151s\u00e9get, amely kieg\u00e9sz\u00edti \u00e9letst\u00edlus\u00e1t.<\/p>\n","protected":false},"excerpt":{"rendered":"<p>Emelje fel Lenovo Yoga C740-14IML k\u00e9sz\u00fcl\u00e9k\u00e9t 14 h\u00fcvelykes LED FHD IPS matt k\u00e9perny\u0151nkkel. A k\u00e1pr\u00e1zatos, 1920&#215;1080-as felbont\u00e1s\u00fa, 30 t\u0171s csatlakoz\u00f3val rendelkez\u0151 k\u00e9perny\u0151 \u00e9l\u00e9nk sz\u00edneket \u00e9s sz\u00e9les betekint\u00e9si sz\u00f6geket biztos\u00edt, \u00edgy mag\u00e1val ragad\u00f3, t\u00fckr\u00f6z\u0151d\u00e9s n\u00e9lk\u00fcli megtekint\u00e9si \u00e9lm\u00e9nyt biztos\u00edt, amely munk\u00e1hoz \u00e9s j\u00e1t\u00e9khoz egyar\u00e1nt t\u00f6k\u00e9letes.<\/p>\n","protected":false},"featured_media":7864,"template":"","meta":[],"product_brand":[],"product_cat":[74,71],"product_tag":[26],"class_list":{"0":"post-7849","1":"product","2":"type-product","3":"status-publish","4":"has-post-thumbnail","6":"product_cat-14-new-laptop-screens-lcd-panels","7":"product_cat-new-laptop-screens-lcd-panels","8":"product_tag-lenovo","10":"first","11":"instock","12":"taxable","13":"shipping-taxable","14":"purchasable","15":"product-type-simple"},"_links":{"self":[{"href":"https:\/\/boreait.com\/hu\/wp-json\/wp\/v2\/product\/7849","targetHints":{"allow":["GET"]}}],"collection":[{"href":"https:\/\/boreait.com\/hu\/wp-json\/wp\/v2\/product"}],"about":[{"href":"https:\/\/boreait.com\/hu\/wp-json\/wp\/v2\/types\/product"}],"wp:featuredmedia":[{"embeddable":true,"href":"https:\/\/boreait.com\/hu\/wp-json\/wp\/v2\/media\/7864"}],"wp:attachment":[{"href":"https:\/\/boreait.com\/hu\/wp-json\/wp\/v2\/media?parent=7849"}],"wp:term":[{"taxonomy":"product_brand","embeddable":true,"href":"https:\/\/boreait.com\/hu\/wp-json\/wp\/v2\/product_brand?post=7849"},{"taxonomy":"product_cat","embeddable":true,"href":"https:\/\/boreait.com\/hu\/wp-json\/wp\/v2\/product_cat?post=7849"},{"taxonomy":"product_tag","embeddable":true,"href":"https:\/\/boreait.com\/hu\/wp-json\/wp\/v2\/product_tag?post=7849"}],"curies":[{"name":"wp","href":"https:\/\/api.w.org\/{rel}","templated":true}]}}