{"id":7848,"date":"2025-09-17T11:57:59","date_gmt":"2025-09-17T09:57:59","guid":{"rendered":"https:\/\/boreait.com\/hu\/?post_type=product&#038;p=7848"},"modified":"2025-09-17T11:58:06","modified_gmt":"2025-09-17T09:58:06","slug":"14-huvelykes-fhd-ips-matt-led-kepernyok-nv140fhm-sorozat-1920x1080-30-tus-szeles-nezet","status":"publish","type":"product","link":"https:\/\/boreait.com\/hu\/termek\/14-huvelykes-fhd-ips-matt-led-kepernyok-nv140fhm-sorozat-1920x1080-30-tus-szeles-nezet\/","title":{"rendered":"14 h\u00fcvelykes FHD IPS matt LED k\u00e9perny\u0151k NV140FHM sorozat, 1920&#215;1080, 30 t\u0171s, sz\u00e9les n\u00e9zet"},"content":{"rendered":"<p><strong>T\u00e9nyleges k\u00e9perny\u0151s modell: B140HAN04.D \/ B140HA07.1 \/NV140FHM-N4T V8.2 \/ N140HCA-EEK \u2013 teljes m\u00e9rt\u00e9kben kompatibilis a k\u00f6vetkez\u0151kkel: NV140FHM-N4U \/ NV140FHM-N4T \/ NV140FHM-N4N.<\/strong><\/p>\n<p>Tapasztalja meg a kijelz\u0151 technol\u00f3gia cs\u00facs\u00e1t az NV140FHM sorozat (N4U \/ N4T \/ N4N), 14 h\u00fcvelykes LED FHD IPS matt k\u00e9perny\u0151vel. Az 1920&#215;1080-as felbont\u00e1ssal \u00e9s a 30 t\u0171s csatlakoz\u00f3val b\u00fcszk\u00e9lked\u0151 k\u00e9perny\u0151 p\u00e1ratlan tisztas\u00e1got, \u00e9l\u00e9nk sz\u00edneket \u00e9s sz\u00e9les betekint\u00e9si sz\u00f6get biztos\u00edt, amely t\u00f6k\u00e9letes mind a nagy t\u00e9ttel rendelkez\u0151 professzion\u00e1lis munk\u00e1hoz, mind a mag\u00e1val ragad\u00f3 sz\u00f3rakoz\u00e1shoz.&#8221;<\/p>\n<h3>WooCommerce hossz\u00fa le\u00edr\u00e1s<\/h3>\n<p>&#8222;Mer\u00fclj\u00f6n el a vizu\u00e1lis lakom\u00e1ban az NV140FHM sorozat (N4U \/ N4T \/ N4N) \u2013 a legmodernebb 14 h\u00fcvelykes LED Full HD IPS-kijelz\u0151 h\u00e1rmas\u00e1val, amelyek \u00fajradefini\u00e1lj\u00e1k a tisztas\u00e1got \u00e9s a sz\u00ednek pontoss\u00e1g\u00e1t. \u00dagy tervezt\u00e9k, hogy megfeleljen a szakemberek \u00e9s a rajong\u00f3k ig\u00e9nyes ig\u00e9nyeinek egyar\u00e1nt. Biztos\u00edtja, hogy minden r\u00e9szlet \u00e9les legyen, \u00e9s minden sz\u00edn \u00e9letre keljen. A matt, t\u00fckr\u00f6z\u0151d\u00e9smentes fel\u00fclet felveszi a harcot a t\u00fckr\u00f6z\u0151d\u00e9sekkel \u00e9s cs\u00f6kkenti a szem meger\u0151ltet\u00e9s\u00e9t, lehet\u0151v\u00e9 t\u00e9ve a k\u00e9nyelmes megtekint\u00e9st b\u00e1rmilyen k\u00f6rnyezetben.<\/p>\n<p><strong>Kiv\u00e9teles szolg\u00e1ltat\u00e1sok:<\/strong><\/p>\n<ul>\n<li><strong>Full HD felbont\u00e1s:<\/strong> \u00c9lvezze a Full HD \u00e9less\u00e9g\u00e9t \u00e9s m\u00e9lys\u00e9g\u00e9t egy olyan k\u00e9perny\u0151n, amelyen minden pixel sz\u00e1m\u00edt, fokozva a termel\u00e9kenys\u00e9get \u00e9s a sz\u00f3rakoz\u00e1st.<\/li>\n<li><strong>IPS technol\u00f3gia:<\/strong> Az IPS technol\u00f3gi\u00e1val \u00e9lvezheti az \u00e9leth\u0171 sz\u00edneket \u00e9s a sz\u00e9les betekint\u00e9si sz\u00f6geket, biztos\u00edtva, hogy tartalma minden szempontb\u00f3l l\u00e1tv\u00e1nyos legyen.<\/li>\n<li><strong>Matt t\u00fckr\u00f6z\u0151d\u00e9smentes fel\u00fclet:<\/strong> A matt fel\u00fclet minim\u00e1lisra cs\u00f6kkenti a t\u00fckr\u00f6z\u0151d\u00e9st \u00e9s a t\u00fckr\u00f6z\u0151d\u00e9st, \u00edgy k\u00e9nyelmesebb megtekint\u00e9si \u00e9lm\u00e9nyt biztos\u00edt, k\u00fcl\u00f6n\u00f6sen er\u0151s f\u00e9nyviszonyok mellett.<\/li>\n<li><strong>30 t\u0171s csatlakoz\u00f3:<\/strong> A kompatibilit\u00e1s z\u00f6kken\u0151mentes a 30 t\u0171s csatlakoz\u00f3val, \u00edgy ezek a k\u00e9perny\u0151k sokoldal\u00fa v\u00e1laszt\u00e1st jelentenek az eszk\u00f6z\u00f6k sz\u00e9les sk\u00e1l\u00e1j\u00e1nak friss\u00edt\u00e9s\u00e9hez.<\/li>\n<\/ul>\n<p>Ak\u00e1r prec\u00edz grafikus tervez\u0151, ak\u00e1r mag\u00e1val ragad\u00f3 l\u00e1tv\u00e1nyvil\u00e1gra v\u00e1gy\u00f3 j\u00e1t\u00e9kos, ak\u00e1r mozimin\u0151s\u00e9gre v\u00e1gy\u00f3 filmrajong\u00f3, az NV140FHM sorozat\u00fa k\u00e9perny\u0151ket (N4U \/ N4T \/ N4N) \u00fagy tervezt\u00e9k, hogy fel\u00fclm\u00falj\u00e1k az elv\u00e1r\u00e1sait. Eleg\u00e1ns diz\u00e1jnjuk \u00e9s \u00e9lvonalbeli technol\u00f3gi\u00e1juk nemcsak a megtekint\u00e9si \u00e9lm\u00e9nyt emeli ki, hanem a kreativit\u00e1s \u00e9s az \u00e9lvezet k\u00f6zpontj\u00e1v\u00e1 is alak\u00edtja munkater\u00fclet\u00e9t vagy sz\u00f3rakoztat\u00f3 berendez\u00e9s\u00e9t. Friss\u00edtsen egy ilyen k\u00e9perny\u0151re m\u00e9g ma, \u00e9s l\u00e9pjen be egy olyan vil\u00e1gba, ahol a tisztas\u00e1g, a sz\u00ednek \u00e9s a k\u00e9nyelem egy\u00fctt \u00e9lnek.<\/p>\n","protected":false},"excerpt":{"rendered":"<p>Tapasztalja meg a kijelz\u0151 technol\u00f3gia cs\u00facs\u00e1t az NV140FHM sorozat (N4U \/ N4T \/ N4N), 14 h\u00fcvelykes LED FHD IPS matt k\u00e9perny\u0151vel. Az 1920&#215;1080-as felbont\u00e1ssal \u00e9s a 30 t\u0171s csatlakoz\u00f3val b\u00fcszk\u00e9lked\u0151 k\u00e9perny\u0151 p\u00e1ratlan tisztas\u00e1got, \u00e9l\u00e9nk sz\u00edneket \u00e9s sz\u00e9les betekint\u00e9si sz\u00f6geket biztos\u00edt, \u00edgy t\u00f6k\u00e9letes mind a nagy t\u00e9ttel rendelkez\u0151 professzion\u00e1lis munk\u00e1hoz, mind a mag\u00e1val ragad\u00f3 sz\u00f3rakoz\u00e1shoz.<\/p>\n","protected":false},"featured_media":7864,"template":"","meta":[],"product_brand":[],"product_cat":[74,71],"product_tag":[],"class_list":{"0":"post-7848","1":"product","2":"type-product","3":"status-publish","4":"has-post-thumbnail","6":"product_cat-14-new-laptop-screens-lcd-panels","7":"product_cat-new-laptop-screens-lcd-panels","9":"first","10":"instock","11":"taxable","12":"shipping-taxable","13":"purchasable","14":"product-type-simple"},"_links":{"self":[{"href":"https:\/\/boreait.com\/hu\/wp-json\/wp\/v2\/product\/7848","targetHints":{"allow":["GET"]}}],"collection":[{"href":"https:\/\/boreait.com\/hu\/wp-json\/wp\/v2\/product"}],"about":[{"href":"https:\/\/boreait.com\/hu\/wp-json\/wp\/v2\/types\/product"}],"wp:featuredmedia":[{"embeddable":true,"href":"https:\/\/boreait.com\/hu\/wp-json\/wp\/v2\/media\/7864"}],"wp:attachment":[{"href":"https:\/\/boreait.com\/hu\/wp-json\/wp\/v2\/media?parent=7848"}],"wp:term":[{"taxonomy":"product_brand","embeddable":true,"href":"https:\/\/boreait.com\/hu\/wp-json\/wp\/v2\/product_brand?post=7848"},{"taxonomy":"product_cat","embeddable":true,"href":"https:\/\/boreait.com\/hu\/wp-json\/wp\/v2\/product_cat?post=7848"},{"taxonomy":"product_tag","embeddable":true,"href":"https:\/\/boreait.com\/hu\/wp-json\/wp\/v2\/product_tag?post=7848"}],"curies":[{"name":"wp","href":"https:\/\/api.w.org\/{rel}","templated":true}]}}