{"id":7847,"date":"2025-09-17T11:57:59","date_gmt":"2025-09-17T09:57:59","guid":{"rendered":"https:\/\/boreait.com\/hu\/?post_type=product&#038;p=7847"},"modified":"2025-09-17T11:58:05","modified_gmt":"2025-09-17T09:58:05","slug":"14-fhd-ips-matt-led-kijelzo-n140hce-et2-g53-1920x1080-30-tus-elenk-kijelzo","status":"publish","type":"product","link":"https:\/\/boreait.com\/hu\/termek\/14-fhd-ips-matt-led-kijelzo-n140hce-et2-g53-1920x1080-30-tus-elenk-kijelzo\/","title":{"rendered":"14&#8243; FHD IPS matt LED-kijelz\u0151 N140HCE-ET2\/G53, 1920&#215;1080, 30 t\u0171s, \u00e9l\u00e9nk kijelz\u0151"},"content":{"rendered":"<p><strong>T\u00e9nyleges k\u00e9perny\u0151modell: <span data-sheets-root=\"1\">B140HAN04.<\/span>D \/ B140HA07.1 \/NV140FHM-N4T V8.2 \/ N140HCA-EEK \u2013 teljes m\u00e9rt\u00e9kben kompatibilis az N140HCE-ET2 \u00e9s amp; N140HCE-G53.<\/strong><\/p>\n<p>Bemutatkozik az N140HCE-ET2 \/ N140HCE-G53 \u2013 egy kiv\u00e1l\u00f3, 14 h\u00fcvelykes LED Full HD IPS kijelz\u0151, amelyet \u00fagy terveztek, hogy vizu\u00e1lis \u00e9lm\u00e9ny\u00e9t \u00faj magass\u00e1gokba emelje. Leny\u0171g\u00f6z\u0151 1920&#215;1080-as felbont\u00e1s\u00e1val ez a k\u00e9perny\u0151 nemcsak \u00e9les \u00e9s tiszta k\u00e9peket biztos\u00edt, hanem a sz\u00edneket is \u00e9letre kelt, kiv\u00e9teles \u00e9l\u00e9nks\u00e9ggel \u00e9s m\u00e9lys\u00e9ggel. A matt fel\u00fclet cs\u00f6kkenti a t\u00fckr\u00f6z\u0151d\u00e9st \u00e9s a t\u00fckr\u00f6z\u0151d\u00e9st, \u00edgy k\u00e9nyelmes megtekint\u00e9st tesz lehet\u0151v\u00e9 b\u00e1rmilyen f\u00e9nyviszonyok k\u00f6z\u00f6tt, \u00edgy ide\u00e1lis v\u00e1laszt\u00e1s professzion\u00e1lis k\u00f6rnyezetben \u00e9s szem\u00e9lyes haszn\u00e1latra egyar\u00e1nt.<\/p>\n<p><strong>Kiemelked\u0151 funkci\u00f3k:<\/strong><\/p>\n<ul>\n<li><strong>Full HD felbont\u00e1s:<\/strong> Tapasztalja meg a k\u00fcl\u00f6nbs\u00e9get az \u00e9les, r\u00e9szletgazdag k\u00e9pekkel, amelyek minden feladatot jav\u00edtanak, a grafikai tervez\u00e9st\u0151l \u00e9s a vide\u00f3szerkeszt\u00e9st\u0151l a kedvenc m\u0171sorai \u00e9s j\u00e1t\u00e9kok streamel\u00e9s\u00e9ig.<\/li>\n<li><strong>IPS technol\u00f3gia:<\/strong> \u00c9lvezze a konzisztens \u00e9s pontos sz\u00edneket sz\u00e9les l\u00e1t\u00f3sz\u00f6gb\u0151l, \u00edgy munk\u00e1ja \u00e9s sz\u00f3rakoz\u00e1sa a szoba b\u00e1rmely pontj\u00e1r\u00f3l nagyszer\u0171en n\u00e9z ki.<\/li>\n<li><strong>Matt t\u00fckr\u00f6z\u0151d\u00e9sg\u00e1tl\u00f3 bevonat:<\/strong> Mondjon b\u00facs\u00fat a zavar\u00f3 t\u00fckr\u00f6z\u0151d\u00e9seknek \u00e9s a t\u00fckr\u00f6z\u0151d\u00e9snek a matt fel\u00fclettel, amelyet \u00fagy terveztek, hogy minim\u00e1lisra cs\u00f6kkentse a szem meger\u0151ltet\u00e9s\u00e9t, \u00e9s m\u00e9g t\u00f6bb\u00f3r\u00e1s haszn\u00e1lat ut\u00e1n is \u00e9lvezetesebb legyen a megtekint\u00e9si \u00e9lm\u00e9ny.<\/li>\n<li><strong>30 t\u0171s csatlakoz\u00f3:<\/strong> A kijelz\u0151 30 t\u0171s csatlakoz\u00f3val van felszerelve, amely z\u00f6kken\u0151mentes kompatibilit\u00e1st \u00e9s egyszer\u0171 telep\u00edt\u00e9st k\u00edn\u00e1l sz\u00e1mos eszk\u00f6z\u00f6n.<\/li>\n<\/ul>\n<p>Legyen sz\u00f3 professzion\u00e1lis, aki pontoss\u00e1got \u00e9s precizit\u00e1st keres vizu\u00e1lis projektjei sor\u00e1n, di\u00e1k, aki \u00e9rt\u00e9keli a tisztas\u00e1got \u00e9s a k\u00e9nyelmet a tanul\u00e1s sor\u00e1n, vagy a sz\u00f3rakoz\u00e1s ir\u00e1nt \u00e9rdekl\u0151d\u0151, aki mag\u00e1val ragad\u00f3bb megtekint\u00e9si \u00e9lm\u00e9nyt keres, az N140HCE-ET2 \/ N140HCE-G53 k\u00e9perny\u0151t az \u00d6n ig\u00e9nyeire szabtuk. Eleg\u00e1ns diz\u00e1jnja \u00e9s fejlett technol\u00f3gi\u00e1ja nem csak fokozza a megtekint\u00e9si \u00e9lm\u00e9nyt, hanem sokoldal\u00faan illeszkedik b\u00e1rmilyen k\u00f6rnyezethez. Friss\u00edtse eszk\u00f6z\u00e9t m\u00e9g ma, \u00e9s mer\u00fclj\u00f6n el az \u00e9l\u00e9nk k\u00e9pek \u00e9s sz\u00ednek vil\u00e1g\u00e1ban.<\/p>\n","protected":false},"excerpt":{"rendered":"<p>Haszn\u00e1lja ki a l\u00e1tv\u00e1nyban rejl\u0151 teljes potenci\u00e1lt az N140HCE-ET2 \/ N140HCE-G53 14 h\u00fcvelykes LED FHD IPS matt k\u00e9perny\u0151vel. A leny\u0171g\u00f6z\u0151 1920&#215;1080 felbont\u00e1s\u00fa \u00e9s 30 t\u0171s csatlakoz\u00f3val rendelkez\u0151 kijelz\u0151 gazdag sz\u00edneket \u00e9s sz\u00e9les betekint\u00e9si sz\u00f6geket biztos\u00edt, \u00edgy t\u00f6k\u00e9letes a mag\u00e1val ragad\u00f3 professzion\u00e1lis \u00e9s sz\u00f3rakoztat\u00f3 \u00e9lm\u00e9nyhez.<\/p>\n","protected":false},"featured_media":7864,"template":"","meta":[],"product_brand":[],"product_cat":[74,71],"product_tag":[],"class_list":{"0":"post-7847","1":"product","2":"type-product","3":"status-publish","4":"has-post-thumbnail","6":"product_cat-14-new-laptop-screens-lcd-panels","7":"product_cat-new-laptop-screens-lcd-panels","9":"first","10":"instock","11":"taxable","12":"shipping-taxable","13":"purchasable","14":"product-type-simple"},"_links":{"self":[{"href":"https:\/\/boreait.com\/hu\/wp-json\/wp\/v2\/product\/7847","targetHints":{"allow":["GET"]}}],"collection":[{"href":"https:\/\/boreait.com\/hu\/wp-json\/wp\/v2\/product"}],"about":[{"href":"https:\/\/boreait.com\/hu\/wp-json\/wp\/v2\/types\/product"}],"wp:featuredmedia":[{"embeddable":true,"href":"https:\/\/boreait.com\/hu\/wp-json\/wp\/v2\/media\/7864"}],"wp:attachment":[{"href":"https:\/\/boreait.com\/hu\/wp-json\/wp\/v2\/media?parent=7847"}],"wp:term":[{"taxonomy":"product_brand","embeddable":true,"href":"https:\/\/boreait.com\/hu\/wp-json\/wp\/v2\/product_brand?post=7847"},{"taxonomy":"product_cat","embeddable":true,"href":"https:\/\/boreait.com\/hu\/wp-json\/wp\/v2\/product_cat?post=7847"},{"taxonomy":"product_tag","embeddable":true,"href":"https:\/\/boreait.com\/hu\/wp-json\/wp\/v2\/product_tag?post=7847"}],"curies":[{"name":"wp","href":"https:\/\/api.w.org\/{rel}","templated":true}]}}