{"id":7846,"date":"2025-09-17T11:57:59","date_gmt":"2025-09-17T09:57:59","guid":{"rendered":"https:\/\/boreait.com\/hu\/?post_type=product&#038;p=7846"},"modified":"2025-09-17T11:58:05","modified_gmt":"2025-09-17T09:58:05","slug":"14-huvelykes-led-fhd-matt-ips-kijelzo-n140hca-e5b-1920x1080-30-tus-nagy-tisztasagu","status":"publish","type":"product","link":"https:\/\/boreait.com\/hu\/termek\/14-huvelykes-led-fhd-matt-ips-kijelzo-n140hca-e5b-1920x1080-30-tus-nagy-tisztasagu\/","title":{"rendered":"14 h\u00fcvelykes LED FHD matt IPS kijelz\u0151 N140HCA-E5B, 1920&#215;1080, 30 t\u0171s, nagy tisztas\u00e1g\u00fa"},"content":{"rendered":"<p><strong>T\u00e9nyleges k\u00e9perny\u0151s modell: B140HAN04.D \/ B140HA07.1 \/NV140FHM-N4T V8.2 \/ N140HCA-EEK \u2013 teljes m\u00e9rt\u00e9kben kompatibilis az N140HCA-E5B-vel.<\/strong><\/p>\n<p>Fedezze fel a kiv\u00e1l\u00f3 vizu\u00e1lis \u00e9lm\u00e9nyt az N140HCA-E5B \u00e9lvonalbeli, 14 h\u00fcvelykes LED Full HD IPS kijelz\u0151vel, amelyet arra terveztek, hogy \u00e9letre keltse digit\u00e1lis vil\u00e1g\u00e1t. 1920&#215;1080-as felbont\u00e1s\u00e1val ez a k\u00e9perny\u0151 \u00e9les, tiszta k\u00e9peket \u00e9s ragyog\u00f3 sz\u00edneket k\u00edn\u00e1l, \u00edgy a k\u00e9perny\u0151 minden pillanata vizu\u00e1lis \u00e9lvezett\u00e9 v\u00e1lik. Az IPS technol\u00f3gia egyenletes sz\u00edneket biztos\u00edt sz\u00e9les betekint\u00e9si sz\u00f6gekben, ami ide\u00e1lis mind a kreat\u00edv szakemberek, mind a multim\u00e9di\u00e1s rajong\u00f3k sz\u00e1m\u00e1ra, akik pontoss\u00e1got \u00e9s r\u00e9szletgazdags\u00e1got keresnek vizu\u00e1lis kimeneteikben.<\/p>\n<p><strong>A kiv\u00e9teles funkci\u00f3k k\u00f6z\u00e9 tartozik:<\/strong><\/p>\n<ul>\n<li><strong>Full HD felbont\u00e1s:<\/strong> N\u00f6velje megtekint\u00e9si \u00e9lm\u00e9ny\u00e9t \u00e9les, r\u00e9szletgazdag k\u00e9pekkel, amelyek lend\u00fcletesek. Legyen sz\u00f3 bonyolult tervez\u00e9si munk\u00e1r\u00f3l, r\u00e9szletes elemz\u00e9sr\u0151l vagy kedvenc filmjeinek \u00e9s j\u00e1t\u00e9kainak \u00e9lvezet\u00e9r\u0151l, a kijelz\u0151 tisztas\u00e1ga \u00e9s m\u00e9lys\u00e9ge p\u00e1ratlan.<\/li>\n<li><strong>IPS technol\u00f3gia:<\/strong> \u00c9lvezze az \u00e9leth\u0171 sz\u00edneket \u00e9s a sz\u00e9les l\u00e1t\u00f3sz\u00f6geket. A k\u00e9perny\u0151 IPS panelje meg\u0151rzi a sz\u00ednek integrit\u00e1s\u00e1t \u00e9s konzisztenci\u00e1j\u00e1t, \u00edgy t\u00f6k\u00e9letes a k\u00e9perny\u0151 m\u00e1sokkal val\u00f3 megoszt\u00e1s\u00e1hoz a min\u0151s\u00e9g roml\u00e1sa n\u00e9lk\u00fcl.<\/li>\n<li><strong>Matt t\u00fckr\u00f6z\u0151d\u00e9smentes fel\u00fclet:<\/strong> Mondjon b\u00facs\u00fat a bosszant\u00f3 t\u00fckr\u00f6z\u0151d\u00e9seknek. A matt fel\u00fclet nemcsak minim\u00e1lisra cs\u00f6kkenti a t\u00fckr\u00f6z\u0151d\u00e9st, \u00edgy vil\u00e1gos k\u00f6rnyezetben k\u00f6nnyebb\u00e9 teszi a k\u00e9perny\u0151t a szem sz\u00e1m\u00e1ra, hanem a l\u00e1that\u00f3s\u00e1g jav\u00edt\u00e1s\u00e1val jav\u00edtja az \u00e1ltal\u00e1nos vizu\u00e1lis \u00e9lm\u00e9nyt is.<\/li>\n<li><strong>30 t\u0171s csatlakoz\u00f3:<\/strong> A z\u00f6kken\u0151mentes kompatibilit\u00e1s \u00e9s az egyszer\u0171 telep\u00edt\u00e9s \u00e9rdek\u00e9ben a 30 t\u0171s csatlakoz\u00f3 gondoskodik arr\u00f3l, hogy az eszk\u00f6z friss\u00edt\u00e9se egyszer\u0171 \u00e9s probl\u00e9mamentes legyen, \u00edgy kib\u0151v\u00fcl a kompatibilis eszk\u00f6z\u00f6k k\u00f6re.<\/li>\n<\/ul>\n<p>Az N140HCA-E5B k\u00e9perny\u0151 fel\u00fclm\u00falja a szok\u00e1sos megjelen\u00edt\u00e9si k\u00e9pess\u00e9geket, \u00e9s nem csup\u00e1n kil\u00e1t\u00e1st, hanem l\u00e1tv\u00e1nyt is k\u00edn\u00e1l. Ide\u00e1lis friss\u00edt\u00e9s b\u00e1rki sz\u00e1m\u00e1ra, aki kiv\u00e1l\u00f3 vizu\u00e1lis min\u0151s\u00e9get keres, a projektjeik sz\u00ednpontoss\u00e1g\u00e1ra t\u00e1maszkod\u00f3 szakemberekt\u0151l a mag\u00e1val ragad\u00f3 sz\u00f3rakoz\u00e1st keres\u0151 j\u00e1t\u00e9kosokig \u00e9s filmkedvel\u0151kig. Fejlessze eszk\u00f6z\u00e9t az N140HCA-E5B-vel, \u00e9s l\u00e9pjen be egy vil\u00e1gosabb, sz\u00ednesebb vil\u00e1gba.<\/p>\n","protected":false},"excerpt":{"rendered":"<p>Tapasztalja meg a p\u00e1ratlan tisztas\u00e1got az N140HCA-E5B 14 h\u00fcvelykes LED FHD IPS matt k\u00e9perny\u0151vel. Ez az 1920&#215;1080-as felbont\u00e1s\u00fa kijelz\u0151 30 t\u0171s csatlakoz\u00f3val rendelkezik, amely \u00e9l\u00e9nk sz\u00edneket \u00e9s sz\u00e9les betekint\u00e9si sz\u00f6geket biztos\u00edt, \u00edgy t\u00f6k\u00e9letes az ig\u00e9nyes professzion\u00e1lis feladatokhoz \u00e9s a kiv\u00e1l\u00f3 min\u0151s\u00e9g\u0171 sz\u00f3rakoz\u00e1shoz.<\/p>\n","protected":false},"featured_media":7864,"template":"","meta":[],"product_brand":[],"product_cat":[74,71],"product_tag":[],"class_list":{"0":"post-7846","1":"product","2":"type-product","3":"status-publish","4":"has-post-thumbnail","6":"product_cat-14-new-laptop-screens-lcd-panels","7":"product_cat-new-laptop-screens-lcd-panels","9":"first","10":"instock","11":"taxable","12":"shipping-taxable","13":"purchasable","14":"product-type-simple"},"_links":{"self":[{"href":"https:\/\/boreait.com\/hu\/wp-json\/wp\/v2\/product\/7846","targetHints":{"allow":["GET"]}}],"collection":[{"href":"https:\/\/boreait.com\/hu\/wp-json\/wp\/v2\/product"}],"about":[{"href":"https:\/\/boreait.com\/hu\/wp-json\/wp\/v2\/types\/product"}],"wp:featuredmedia":[{"embeddable":true,"href":"https:\/\/boreait.com\/hu\/wp-json\/wp\/v2\/media\/7864"}],"wp:attachment":[{"href":"https:\/\/boreait.com\/hu\/wp-json\/wp\/v2\/media?parent=7846"}],"wp:term":[{"taxonomy":"product_brand","embeddable":true,"href":"https:\/\/boreait.com\/hu\/wp-json\/wp\/v2\/product_brand?post=7846"},{"taxonomy":"product_cat","embeddable":true,"href":"https:\/\/boreait.com\/hu\/wp-json\/wp\/v2\/product_cat?post=7846"},{"taxonomy":"product_tag","embeddable":true,"href":"https:\/\/boreait.com\/hu\/wp-json\/wp\/v2\/product_tag?post=7846"}],"curies":[{"name":"wp","href":"https:\/\/api.w.org\/{rel}","templated":true}]}}