{"id":7845,"date":"2025-09-17T11:57:58","date_gmt":"2025-09-17T09:57:58","guid":{"rendered":"https:\/\/boreait.com\/hu\/?post_type=product&#038;p=7845"},"modified":"2025-09-17T11:58:05","modified_gmt":"2025-09-17T09:58:05","slug":"14-huvelykes-fhd-ips-matt-led-kijelzo-n140hca-e5c-1920x1080-30-tus-kristalytiszta","status":"publish","type":"product","link":"https:\/\/boreait.com\/hu\/termek\/14-huvelykes-fhd-ips-matt-led-kijelzo-n140hca-e5c-1920x1080-30-tus-kristalytiszta\/","title":{"rendered":"14 h\u00fcvelykes FHD IPS matt LED kijelz\u0151 N140HCA-E5C, 1920&#215;1080, 30 t\u0171s, krist\u00e1lytiszta"},"content":{"rendered":"<p><strong>T\u00e9nyleges k\u00e9perny\u0151s modell: B140HAN04.D \/ B140HA07.1 \/NV140FHM-N4T V8.2 \/ N140HCA-EEK \u2013 teljes m\u00e9rt\u00e9kben kompatibilis az N140HCA-E5C-vel.<\/strong><\/p>\n<p>A tisztas\u00e1g \u00e9s a sz\u00ednek \u00faj szintje a digit\u00e1lis vil\u00e1gban az N140HCA-E5C els\u0151rang\u00fa, 14 h\u00fcvelykes LED Full HD IPS kijelz\u0151vel, amely az \u00edg\u00e9retek szerint \u00e1talak\u00edtja a vizu\u00e1lis \u00e9lm\u00e9nyt. Ez az apr\u00f3l\u00e9kosan megtervezett k\u00e9perny\u0151 1920&#215;1080-as felbont\u00e1ssal rendelkezik, amely biztos\u00edtja, hogy minden r\u00e9szlet \u00e9les \u00e9s minden sz\u00edn \u00e9l\u00e9nk legyen. A matt fel\u00fclet nemcsak a vizu\u00e1lis k\u00e9nyelmet n\u00f6veli a t\u00fckr\u00f6z\u0151d\u00e9s cs\u00f6kkent\u00e9s\u00e9vel, hanem kiemeli a kijelz\u0151 sz\u00edneinek gazdags\u00e1g\u00e1t is, \u00edgy t\u00f6k\u00e9letes v\u00e1laszt\u00e1s a tervez\u0151k, fot\u00f3sok \u00e9s minden olyan felhaszn\u00e1l\u00f3 sz\u00e1m\u00e1ra, aki \u00e9rt\u00e9keli a pontoss\u00e1got \u00e9s a min\u0151s\u00e9get vizu\u00e1lis \u00e9lm\u00e9ny\u00e9ben.<\/p>\n<p><strong>Kiemelked\u0151 funkci\u00f3k:<\/strong><\/p>\n<ul>\n<li><strong>Full HD felbont\u00e1s:<\/strong> L\u00e9pjen be egy olyan birodalomba, ahol minden k\u00e9ppont sz\u00e1m\u00edt, a krist\u00e1lytiszta k\u00e9pekkel, amelyek minden n\u00e9zetet l\u00e1tv\u00e1nyoss\u00e1 tesznek. Ide\u00e1lis grafikai tervez\u00e9shez, vide\u00f3szerkeszt\u00e9shez \u00e9s nagyfelbont\u00e1s\u00fa tartalmak \u00e9lvezet\u00e9hez.<\/li>\n<li><strong>IPS technol\u00f3gia:<\/strong> Tapasztalja meg az \u00e1lland\u00f3 sz\u00edneket \u00e9s f\u00e9nyer\u0151t b\u00e1rmilyen l\u00e1t\u00f3sz\u00f6gb\u0151l. Az IPS panel gondoskodik arr\u00f3l, hogy a k\u00e9perny\u0151 nagyszer\u0171en n\u00e9zzen ki, f\u00fcggetlen\u00fcl att\u00f3l, hogy hol \u00fcl, \u00edgy t\u00f6k\u00e9letes prezent\u00e1ci\u00f3khoz vagy k\u00f6z\u00f6s megtekint\u00e9shez.<\/li>\n<li><strong>Matt t\u00fckr\u00f6z\u0151d\u00e9smentes fel\u00fclet:<\/strong> Dolgozzon \u00e9s j\u00e1tsszon b\u00e1rmilyen megvil\u00e1g\u00edt\u00e1s mellett, an\u00e9lk\u00fcl, hogy a k\u00e9perny\u0151 t\u00fckr\u00f6z\u0151d\u00e9se eltereln\u00e9 a figyelmet. A matt fel\u00fclet cs\u00f6kkenti a szem meger\u0151ltet\u00e9s\u00e9t, \u00e9s vil\u00e1gos k\u00f6r\u00fclm\u00e9nyek k\u00f6z\u00f6tt is l\u00e1that\u00f3v\u00e1 teszi a k\u00e9perny\u0151t, \u00edgy mindenkor jav\u00edtja a haszn\u00e1lhat\u00f3s\u00e1got.<\/li>\n<li><strong>30 t\u0171s csatlakoz\u00f3:<\/strong> a kompatibilit\u00e1s \u00e9s a k\u00e9nyelem p\u00e1rosul ezzel a k\u00f6nnyen telep\u00edthet\u0151 30 t\u0171s csatlakoz\u00f3val, amely biztos\u00edtja a kompatibilis eszk\u00f6z\u00f6k z\u00f6kken\u0151mentes friss\u00edt\u00e9s\u00e9t, technikai t\u00e1mogat\u00e1s n\u00e9lk\u00fcl.<\/li>\n<\/ul>\n<p>Az N140HCA-E5C nem csup\u00e1n egy kijelz\u0151; ez egy \u00e1tj\u00e1r\u00f3 egy \u00e9l\u00e9nkebb digit\u00e1lis \u00e9lm\u00e9nyhez. Legyen sz\u00f3 professzion\u00e1lisr\u00f3l, aki vizu\u00e1lis munk\u00e1j\u00e1t szeretn\u00e9 magasabb szintre emelni, vagy di\u00e1k, akinek tiszta \u00e9s megb\u00edzhat\u00f3 k\u00e9pre van sz\u00fcks\u00e9ge a tanul\u00e1shoz, vagy egyszer\u0171en csak olyan valaki, aki \u00e9lvezi a nagyfelbont\u00e1s\u00fa sz\u00f3rakoztat\u00e1s m\u00e9lys\u00e9g\u00e9t \u00e9s sz\u00e9ps\u00e9g\u00e9t, ezt a k\u00e9perny\u0151t \u00fagy tervezt\u00e9k, hogy fel\u00fclm\u00falja az \u00d6n elv\u00e1r\u00e1sait. Friss\u00edtse eszk\u00f6z\u00e9t az N140HCA-E5C-vel, \u00e9s mer\u00fclj\u00f6n el az \u00e9l\u00e9nk sz\u00ednek \u00e9s a l\u00e9legzetel\u00e1ll\u00edt\u00f3 tisztas\u00e1g vil\u00e1g\u00e1ban.<\/p>\n","protected":false},"excerpt":{"rendered":"<p>Emelje fel a l\u00e1tv\u00e1nyt az N140HCA-E5C, 14 h\u00fcvelykes LED FHD IPS matt k\u00e9perny\u0151vel. A mag\u00e1val ragad\u00f3 \u00e9lm\u00e9nyt ny\u00fajt\u00f3 k\u00e9sz\u00fcl\u00e9k 1920&#215;1080-as felbont\u00e1ssal \u00e9s 30 t\u0171s csatlakoz\u00f3val b\u00fcszk\u00e9lkedhet, \u00e9l\u00e9nk sz\u00edneket \u00e9s sz\u00e9les betekint\u00e9si sz\u00f6geket k\u00edn\u00e1lva professzion\u00e1lis feladatokhoz \u00e9s sz\u00f3rakoztat\u00e1shoz egyar\u00e1nt.<\/p>\n","protected":false},"featured_media":7864,"template":"","meta":[],"product_brand":[],"product_cat":[74,71],"product_tag":[],"class_list":{"0":"post-7845","1":"product","2":"type-product","3":"status-publish","4":"has-post-thumbnail","6":"product_cat-14-new-laptop-screens-lcd-panels","7":"product_cat-new-laptop-screens-lcd-panels","9":"first","10":"instock","11":"taxable","12":"shipping-taxable","13":"purchasable","14":"product-type-simple"},"_links":{"self":[{"href":"https:\/\/boreait.com\/hu\/wp-json\/wp\/v2\/product\/7845","targetHints":{"allow":["GET"]}}],"collection":[{"href":"https:\/\/boreait.com\/hu\/wp-json\/wp\/v2\/product"}],"about":[{"href":"https:\/\/boreait.com\/hu\/wp-json\/wp\/v2\/types\/product"}],"wp:featuredmedia":[{"embeddable":true,"href":"https:\/\/boreait.com\/hu\/wp-json\/wp\/v2\/media\/7864"}],"wp:attachment":[{"href":"https:\/\/boreait.com\/hu\/wp-json\/wp\/v2\/media?parent=7845"}],"wp:term":[{"taxonomy":"product_brand","embeddable":true,"href":"https:\/\/boreait.com\/hu\/wp-json\/wp\/v2\/product_brand?post=7845"},{"taxonomy":"product_cat","embeddable":true,"href":"https:\/\/boreait.com\/hu\/wp-json\/wp\/v2\/product_cat?post=7845"},{"taxonomy":"product_tag","embeddable":true,"href":"https:\/\/boreait.com\/hu\/wp-json\/wp\/v2\/product_tag?post=7845"}],"curies":[{"name":"wp","href":"https:\/\/api.w.org\/{rel}","templated":true}]}}