{"id":7844,"date":"2025-09-17T11:57:58","date_gmt":"2025-09-17T09:57:58","guid":{"rendered":"https:\/\/boreait.com\/hu\/?post_type=product&#038;p=7844"},"modified":"2025-09-17T11:58:05","modified_gmt":"2025-09-17T09:58:05","slug":"14-led-fhd-1920x1080-ips-matt-kijelzo-nv140fhm-n63-30-tus-tukrozodesmentes","status":"publish","type":"product","link":"https:\/\/boreait.com\/hu\/termek\/14-led-fhd-1920x1080-ips-matt-kijelzo-nv140fhm-n63-30-tus-tukrozodesmentes\/","title":{"rendered":"14&#8243; LED FHD 1920&#215;1080 IPS matt kijelz\u0151 NV140FHM-N63, 30 t\u0171s, t\u00fckr\u00f6z\u0151d\u00e9smentes"},"content":{"rendered":"<p><strong>T\u00e9nyleges k\u00e9perny\u0151s modell: B140HAN04.D \/ B140HA07.1 \/NV140FHM-N4T V8.2 \/ N140HCA-EEK \u2013 teljes m\u00e9rt\u00e9kben kompatibilis az NV140FHM-N63-mal.<\/strong><\/p>\n<p>Bemutatjuk az NV140FHM-N63-at \u2013 a legmodernebb 14 h\u00fcvelykes LED Full HD IPS kijelz\u0151t, amelyet \u00fagy terveztek, hogy jav\u00edtsa a megtekint\u00e9si \u00e9lm\u00e9nyt. 1920&#215;1080-as felbont\u00e1s\u00e1val ez a k\u00e9perny\u0151 p\u00e1ratlan tisztas\u00e1got \u00e9s r\u00e9szletess\u00e9get k\u00edn\u00e1l, \u00e9letre keltve tartalmait \u00e9l\u00e9nk sz\u00ednekkel \u00e9s m\u00e9ly kontrasztokkal. A matt t\u00fckr\u00f6z\u0151d\u00e9smentes bevonat cs\u00f6kkenti a t\u00fckr\u00f6z\u0151d\u00e9st \u00e9s a f\u00e9ny t\u00fckr\u00f6z\u0151d\u00e9s\u00e9t, \u00edgy minden f\u00e9nyviszonyok k\u00f6z\u00f6tt \u00e9lvezheti a k\u00e9perny\u0151t.<\/p>\n<p><strong>F\u0151bb jellemz\u0151k:<\/strong><\/p>\n<ul>\n<li><strong>Full HD felbont\u00e1s:<\/strong> Mer\u00fclj\u00f6n el a krist\u00e1lytiszta k\u00e9pek vil\u00e1g\u00e1ban a Full HD seg\u00edts\u00e9g\u00e9vel. Legyen sz\u00f3 professzion\u00e1lis tervez\u00e9si munk\u00e1r\u00f3l, multim\u00e9di\u00e1s sz\u00f3rakoztat\u00e1sr\u00f3l vagy mindennapi haszn\u00e1latr\u00f3l, a kijelz\u0151 \u00e9less\u00e9ge \u00e9s r\u00e9szletess\u00e9ge biztosan leny\u0171g\u00f6z.<\/li>\n<li><strong>IPS technol\u00f3gia:<\/strong> \u00c9lvezze az egyenletes sz\u00edneket \u00e9s a sz\u00e9les betekint\u00e9si sz\u00f6geket. Az IPS panel gondoskodik arr\u00f3l, hogy a sz\u00ednek val\u00f3diak \u00e9s \u00e9l\u00e9nkek maradjanak, f\u00fcggetlen\u00fcl a n\u00e9z\u00e9si poz\u00edci\u00f3t\u00f3l, \u00edgy ide\u00e1lis a k\u00e9perny\u0151 m\u00e1sokkal val\u00f3 megoszt\u00e1s\u00e1hoz.<\/li>\n<li><strong>Matt t\u00fckr\u00f6z\u0151d\u00e9smentes bevonat:<\/strong> Mondjon b\u00facs\u00fat a zavar\u00f3 t\u00fckr\u00f6z\u0151d\u00e9seknek. K\u00e9nyelmesen dolgozhat vil\u00e1gos k\u00f6rnyezetben a matt fel\u00fcletnek k\u00f6sz\u00f6nhet\u0151en, amely jelent\u0151sen cs\u00f6kkenti a t\u00fckr\u00f6z\u0151d\u00e9st, fokozza a megtekint\u00e9si k\u00e9nyelmet \u00e9s cs\u00f6kkenti a szem meger\u0151ltet\u00e9s\u00e9t.<\/li>\n<li><strong>30 t\u0171s csatlakoz\u00f3:<\/strong> Az eszk\u00f6z\u00f6k sz\u00e9les sk\u00e1l\u00e1j\u00e1val z\u00f6kken\u0151mentes kompatibilit\u00e1st biztos\u00edt\u00f3 kijelz\u0151 30 t\u0171s csatlakoz\u00f3ja gyors \u00e9s egyszer\u0171 telep\u00edt\u00e9st tesz lehet\u0151v\u00e9, lehet\u0151v\u00e9 t\u00e9ve, hogy gond n\u00e9lk\u00fcl friss\u00edtse a megtekint\u00e9si \u00e9lm\u00e9nyt.<\/li>\n<\/ul>\n<p>Az NV140FHM-N63 t\u00f6bb, mint egy kijelz\u0151; ez egy befektet\u00e9s a vizu\u00e1lis k\u00e9nyelembe \u00e9s a termel\u00e9kenys\u00e9gbe. Eleg\u00e1ns diz\u00e1jnja \u00e9s fejlett funkci\u00f3i sokoldal\u00fa v\u00e1laszt\u00e1ss\u00e1 teszik b\u00e1rmely felhaszn\u00e1l\u00f3 sz\u00e1m\u00e1ra, a pontos sz\u00ednmegjelen\u00edt\u00e9st ig\u00e9nyl\u0151 szakemberekt\u0151l a mag\u00e1val ragad\u00f3 l\u00e1tv\u00e1nyt keres\u0151 j\u00e1t\u00e9kosokig \u00e9s filmrajong\u00f3kig. Friss\u00edtse eszk\u00f6z\u00e9t az NV140FHM-N63-mal, \u00e9s l\u00e9pjen be egy vil\u00e1gosabb, \u00e9l\u00e9nkebb vil\u00e1gba.<\/p>\n","protected":false},"excerpt":{"rendered":"<p>Fokozza vizu\u00e1lis \u00e9lm\u00e9ny\u00e9t az NV140FHM-N63, egy 14 h\u00fcvelykes LED FHD IPS matt k\u00e9perny\u0151vel. Az \u00e9les, 1920&#215;1080-as felbont\u00e1ssal \u00e9s 30 t\u0171s csatlakoz\u00f3val b\u00fcszk\u00e9lked\u0151 t\u00fckr\u00f6z\u0151d\u00e9smentes kijelz\u0151 \u00e9l\u00e9nk sz\u00edneket \u00e9s sz\u00e9les betekint\u00e9si sz\u00f6geket biztos\u00edt, \u00edgy munk\u00e1hoz \u00e9s sz\u00f3rakoz\u00e1shoz egyar\u00e1nt t\u00f6k\u00e9letes.<\/p>\n","protected":false},"featured_media":7864,"template":"","meta":[],"product_brand":[],"product_cat":[74,71],"product_tag":[],"class_list":{"0":"post-7844","1":"product","2":"type-product","3":"status-publish","4":"has-post-thumbnail","6":"product_cat-14-new-laptop-screens-lcd-panels","7":"product_cat-new-laptop-screens-lcd-panels","9":"first","10":"instock","11":"taxable","12":"shipping-taxable","13":"purchasable","14":"product-type-simple"},"_links":{"self":[{"href":"https:\/\/boreait.com\/hu\/wp-json\/wp\/v2\/product\/7844","targetHints":{"allow":["GET"]}}],"collection":[{"href":"https:\/\/boreait.com\/hu\/wp-json\/wp\/v2\/product"}],"about":[{"href":"https:\/\/boreait.com\/hu\/wp-json\/wp\/v2\/types\/product"}],"wp:featuredmedia":[{"embeddable":true,"href":"https:\/\/boreait.com\/hu\/wp-json\/wp\/v2\/media\/7864"}],"wp:attachment":[{"href":"https:\/\/boreait.com\/hu\/wp-json\/wp\/v2\/media?parent=7844"}],"wp:term":[{"taxonomy":"product_brand","embeddable":true,"href":"https:\/\/boreait.com\/hu\/wp-json\/wp\/v2\/product_brand?post=7844"},{"taxonomy":"product_cat","embeddable":true,"href":"https:\/\/boreait.com\/hu\/wp-json\/wp\/v2\/product_cat?post=7844"},{"taxonomy":"product_tag","embeddable":true,"href":"https:\/\/boreait.com\/hu\/wp-json\/wp\/v2\/product_tag?post=7844"}],"curies":[{"name":"wp","href":"https:\/\/api.w.org\/{rel}","templated":true}]}}