{"id":7843,"date":"2025-09-17T11:57:58","date_gmt":"2025-09-17T09:57:58","guid":{"rendered":"https:\/\/boreait.com\/hu\/?post_type=product&#038;p=7843"},"modified":"2025-09-17T11:58:05","modified_gmt":"2025-09-17T09:58:05","slug":"14-fhd-ips-matt-led-kijelzo-lp140wf9-spd1-1920x1080-30-tus-tiszta-nezet","status":"publish","type":"product","link":"https:\/\/boreait.com\/hu\/termek\/14-fhd-ips-matt-led-kijelzo-lp140wf9-spd1-1920x1080-30-tus-tiszta-nezet\/","title":{"rendered":"14&#8243; FHD IPS matt LED kijelz\u0151 LP140WF9-SPD1, 1920&#215;1080, 30 t\u0171s, tiszta n\u00e9zet"},"content":{"rendered":"<p><strong>T\u00e9nyleges k\u00e9perny\u0151s modell: B140HAN04.D \u2013 teljes m\u00e9rt\u00e9kben kompatibilis az LP140WF9-SPD1-gyel.<\/strong><\/p>\n<p>Bemutatjuk az LP140WF9-SPD1-et, egy kiemelked\u0151, 14 h\u00fcvelykes LED Full HD IPS-kijelz\u0151t, amely \u00fajradefini\u00e1lja vizu\u00e1lis elk\u00f6telez\u0151d\u00e9s\u00e9t. A kiv\u00e9teles megtekint\u00e9si \u00e9lm\u00e9nyre tervezett k\u00e9perny\u0151 az 1920&#215;1080-as Full HD felbont\u00e1st az IPS technol\u00f3gi\u00e1val \u00f6tv\u00f6zi, \u00e9l\u00e9nk sz\u00edneket, m\u00e9ly feket\u00e9t \u00e9s sz\u00e9les betekint\u00e9si sz\u00f6geket biztos\u00edtva. Matt fel\u00fclete nemcsak a l\u00e1tv\u00e1nyt jav\u00edtja, hanem minimaliz\u00e1lja a t\u00fckr\u00f6z\u0151d\u00e9st is, \u00edgy alkalmas k\u00fcl\u00f6nf\u00e9le vil\u00e1g\u00edt\u00e1si k\u00f6rnyezetekhez.<\/p>\n<p><strong>A kiv\u00e9teles funkci\u00f3k k\u00f6z\u00e9 tartozik:<\/strong><\/p>\n<ul>\n<li><strong>Full HD felbont\u00e1s:<\/strong> Mer\u00fclj\u00f6n el a Full HD r\u00e9szleteiben \u00e9s tisztas\u00e1g\u00e1ban, amely ide\u00e1lis a bonyolult grafikai tervez\u00e9si munk\u00e1khoz \u00e9s a nagyfelbont\u00e1s\u00fa videostreaminghez.<\/li>\n<li><strong>IPS technol\u00f3gia:<\/strong> Tapasztalja meg a konzisztens \u00e9s pontos sz\u00edneket minden l\u00e1t\u00f3sz\u00f6gb\u0151l, kik\u00fcsz\u00f6b\u00f6li a sz\u00edneltol\u00f3d\u00e1st, \u00e9s kiv\u00e1l\u00f3 l\u00e1tv\u00e1nyt ny\u00fajt az egy\u00fcttm\u0171k\u00f6d\u00e9shez \u00e9s az \u00e1ttekint\u00e9shez.<\/li>\n<li><strong>Matt t\u00fckr\u00f6z\u0151d\u00e9smentes fel\u00fclet:<\/strong> \u00c9lvezze a k\u00e9perny\u0151t f\u00e9nyes k\u00f6r\u00fclm\u00e9nyek k\u00f6z\u00f6tt, a t\u00fckr\u00f6z\u0151d\u00e9s elterel\u00e9se n\u00e9lk\u00fcl. A matt fel\u00fclet cs\u00f6kkenti a szem meger\u0151ltet\u00e9s\u00e9t, n\u00f6velve a megtekint\u00e9si k\u00e9nyelmet hossz\u00fa munkav\u00e9gz\u00e9s vagy hosszabb j\u00e1t\u00e9k k\u00f6zben.<\/li>\n<li><strong>30 t\u0171s csatlakoz\u00f3:<\/strong> sz\u00e9les k\u00f6r\u0171 kompatibilit\u00e1st \u00e9s egyszer\u0171 telep\u00edt\u00e9st biztos\u00edt, megk\u00f6nny\u00edtve az eszk\u00f6z gyors friss\u00edt\u00e9s\u00e9t technikai seg\u00edts\u00e9g n\u00e9lk\u00fcl.<\/li>\n<\/ul>\n<p>Legyen sz\u00f3 professzion\u00e1lis, aki a kreat\u00edv projektjeihez precizit\u00e1sra t\u00f6rekszik, egy hallgat\u00f3, aki vil\u00e1gos kutat\u00e1st ig\u00e9nyel, vagy egy j\u00e1t\u00e9krajong\u00f3, aki mag\u00e1val ragad\u00f3 l\u00e1tv\u00e1nyra v\u00e1gyik, az LP140WF9-SPD1 a teljes\u00edtm\u00e9ny \u00e9s a k\u00e9nyelem t\u00f6k\u00e9letes kever\u00e9k\u00e9t k\u00edn\u00e1lja. Eleg\u00e1ns diz\u00e1jnja \u00e9s fejlett technol\u00f3gi\u00e1ja n\u00e9lk\u00fcl\u00f6zhetetlen friss\u00edt\u00e9ss\u00e9 teszi, \u00e9s \u00edg\u00e9retes, hogy \u00e1talak\u00edtja a megtekint\u00e9si \u00e9lm\u00e9nyt. Emelje fel k\u00e9perny\u0151j\u00e9t az LP140WF9-SPD1-re, \u00e9s l\u00e9pjen be a vizu\u00e1lis kiv\u00e1l\u00f3s\u00e1g vil\u00e1g\u00e1ba.<\/p>\n<p>&nbsp;<\/p>\n","protected":false},"excerpt":{"rendered":"<p>Fedezze fel a p\u00e1ratlan tisztas\u00e1got az LP140WF9-SPD1 14 h\u00fcvelykes LED FHD IPS matt k\u00e9perny\u0151vel. A borotva\u00e9les, 1920&#215;1080-as felbont\u00e1s\u00fa \u00e9s 30 t\u0171s csatlakoz\u00f3val rendelkez\u0151 kijelz\u0151 \u00e9l\u00e9nk, \u00e9leth\u0171 sz\u00edneket \u00e9s sz\u00e9les betekint\u00e9si sz\u00f6geket k\u00edn\u00e1l, \u00edgy t\u00f6k\u00e9letes mind a professzion\u00e1lis alkalmaz\u00e1sokhoz, mind a multim\u00e9di\u00e1s \u00e9lvezetekhez.<\/p>\n","protected":false},"featured_media":7864,"template":"","meta":[],"product_brand":[],"product_cat":[74,71],"product_tag":[],"class_list":{"0":"post-7843","1":"product","2":"type-product","3":"status-publish","4":"has-post-thumbnail","6":"product_cat-14-new-laptop-screens-lcd-panels","7":"product_cat-new-laptop-screens-lcd-panels","9":"first","10":"instock","11":"taxable","12":"shipping-taxable","13":"purchasable","14":"product-type-simple"},"_links":{"self":[{"href":"https:\/\/boreait.com\/hu\/wp-json\/wp\/v2\/product\/7843","targetHints":{"allow":["GET"]}}],"collection":[{"href":"https:\/\/boreait.com\/hu\/wp-json\/wp\/v2\/product"}],"about":[{"href":"https:\/\/boreait.com\/hu\/wp-json\/wp\/v2\/types\/product"}],"wp:featuredmedia":[{"embeddable":true,"href":"https:\/\/boreait.com\/hu\/wp-json\/wp\/v2\/media\/7864"}],"wp:attachment":[{"href":"https:\/\/boreait.com\/hu\/wp-json\/wp\/v2\/media?parent=7843"}],"wp:term":[{"taxonomy":"product_brand","embeddable":true,"href":"https:\/\/boreait.com\/hu\/wp-json\/wp\/v2\/product_brand?post=7843"},{"taxonomy":"product_cat","embeddable":true,"href":"https:\/\/boreait.com\/hu\/wp-json\/wp\/v2\/product_cat?post=7843"},{"taxonomy":"product_tag","embeddable":true,"href":"https:\/\/boreait.com\/hu\/wp-json\/wp\/v2\/product_tag?post=7843"}],"curies":[{"name":"wp","href":"https:\/\/api.w.org\/{rel}","templated":true}]}}